{"id":3130,"date":"2018-05-21T19:15:08","date_gmt":"2018-05-21T17:15:08","guid":{"rendered":"https:\/\/www.andbank.com\/mnc\/?page_id=3130"},"modified":"2019-08-08T11:51:45","modified_gmt":"2019-08-08T09:51:45","slug":"conformite-fiscale","status":"publish","type":"page","link":"https:\/\/pre.andbank.com\/monaco\/informations-legales\/conformite-fiscale\/","title":{"rendered":"Conformit\u00e9 fiscale"},"content":{"rendered":"<h2>CONFORMIT\u00c9 FISCALE ET \u00c9CHANGE AUTOMATIQUE d\u2019INFORMATIONS<\/h2>\n<p>Depuis plusieurs ann\u00e9es, la Principaut\u00e9 de Monaco s\u2019est inscrite dans le mouvement international de transparence fiscale en adh\u00e9rant, notamment, aux trois conventions suivantes :<\/p>\n<ul>\n<li>La Convention concernant l\u2019Assistance Administrative Mutuelle en mati\u00e8re fiscale (appel\u00e9e \u00e9galement \u00ab MAAC OECD \u00bb) sign\u00e9e le 13 octobre 2014,<\/li>\n<li>L\u2019Accord multilat\u00e9ral entre les Autorit\u00e9s Comp\u00e9tentes concernant l\u2019\u00e9change automatique de renseignements relatifs aux comptes financiers (appel\u00e9 \u00e9galement \u00ab MCAA OECD \u00bb) sign\u00e9 le 15 d\u00e9cembre 2015, et<\/li>\n<li>Le Protocole de modification de l\u2019Accord entre la Communaut\u00e9 europ\u00e9enne et la Principaut\u00e9 de Monaco pr\u00e9voyant des mesures \u00e9quivalentes \u00e0 celles que porte la Directive 2003\/48\/CE du Conseil, sign\u00e9 le 12 juillet 2016.<\/li>\n<\/ul>\n<p>L\u2019adh\u00e9sion \u00e0 ces accords internationaux a ensuite \u00e9t\u00e9 ratifi\u00e9e, et leurs dispositions, dont la Norme Commune de D\u00e9claration (\u00ab NCD \u00bb ou \u00ab CRS \u00bb en anglais), ont \u00e9t\u00e9 transpos\u00e9es en droit mon\u00e9gasque par les Lois n\u00b01.436, n\u00b01.437 et n\u00b01.438 du 2 d\u00e9cembre 2016, compl\u00e9t\u00e9es des Lois n\u00b01.444 et n\u00b01.445 du 19 d\u00e9cembre 2016, toutes accompagn\u00e9es \u00e0 leur tour de leurs diverses Ordonnances Souveraines et Arr\u00eat\u00e9s Minist\u00e9riels d\u2019application.<\/p>\n<p>L\u2019adoption de l\u2019ensemble de ces textes a eu pour effet de rendre l\u2019\u00e9change automatique d\u2019information en mati\u00e8re fiscale applicable \u00e0 Monaco, sur base de la NCD, <u>\u00e0 compter du <strong>01.01.2017.<\/strong><\/u><\/p>\n<p>Sur cette base, les premiers \u00e9changes automatiques d\u2019informations ont \u00e9t\u00e9 effectu\u00e9s au 30 juin 2018 au plus tard concernant les donn\u00e9es d\u00e9clarables pour l\u2019ann\u00e9e 2017 et ils se poursuivent d\u00e9sormais d\u2019ann\u00e9e en ann\u00e9e.<\/p>\n<p>Les comptes d\u00e9clarables sont ceux dont les titulaires et\/ou les personnes dites de contr\u00f4le ont leur r\u00e9sidence fiscale situ\u00e9e dans un pays avec lequel la Principaut\u00e9 de Monaco a d\u00e9cid\u00e9 d\u2019activer les accords internationaux mentionn\u00e9s ci-avant (pays aussi appel\u00e9s les \u00ab\u00a0juridictions soumises \u00e0 d\u00e9claration\u00a0\u00bb). Le nombre de ces pays (plusieurs dizaines) continue \u00e0 augmenter au fil des ans, illustrant ainsi la participation de la Principaut\u00e9 de Monaco au mouvement international de transparence et de conformit\u00e9 fiscale.<\/p>\n","protected":false},"excerpt":{"rendered":"<p>CONFORMIT\u00c9 FISCALE ET \u00c9CHANGE AUTOMATIQUE d\u2019INFORMATIONS Depuis plusieurs ann\u00e9es, la Principaut\u00e9 de Monaco s\u2019est inscrite dans le mouvement international de transparence fiscale en adh\u00e9rant, notamment, aux trois conventions suivantes : La Convention concernant l\u2019Assistance Administrative Mutuelle en mati\u00e8re fiscale (appel\u00e9e \u00e9galement \u00ab MAAC OECD \u00bb) sign\u00e9e le 13 octobre 2014, L\u2019Accord multilat\u00e9ral entre les Autorit\u00e9s [&hellip;]<\/p>\n","protected":false},"author":13,"featured_media":0,"parent":1442,"menu_order":0,"comment_status":"closed","ping_status":"closed","template":"template-info-detail.php","meta":{"footnotes":""},"yst_prominent_words":[727,717,726,1664,1227,1665,725,715,723,1667,714,719,720,37,1666,721,713,1663,613,303],"class_list":["post-3130","page","type-page","status-publish","hentry"],"acf":[],"_links":{"self":[{"href":"https:\/\/pre.andbank.com\/monaco\/wp-json\/wp\/v2\/pages\/3130"}],"collection":[{"href":"https:\/\/pre.andbank.com\/monaco\/wp-json\/wp\/v2\/pages"}],"about":[{"href":"https:\/\/pre.andbank.com\/monaco\/wp-json\/wp\/v2\/types\/page"}],"author":[{"embeddable":true,"href":"https:\/\/pre.andbank.com\/monaco\/wp-json\/wp\/v2\/users\/13"}],"replies":[{"embeddable":true,"href":"https:\/\/pre.andbank.com\/monaco\/wp-json\/wp\/v2\/comments?post=3130"}],"version-history":[{"count":0,"href":"https:\/\/pre.andbank.com\/monaco\/wp-json\/wp\/v2\/pages\/3130\/revisions"}],"up":[{"embeddable":true,"href":"https:\/\/pre.andbank.com\/monaco\/wp-json\/wp\/v2\/pages\/1442"}],"wp:attachment":[{"href":"https:\/\/pre.andbank.com\/monaco\/wp-json\/wp\/v2\/media?parent=3130"}],"wp:term":[{"taxonomy":"yst_prominent_words","embeddable":true,"href":"https:\/\/pre.andbank.com\/monaco\/wp-json\/wp\/v2\/yst_prominent_words?post=3130"}],"curies":[{"name":"wp","href":"https:\/\/api.w.org\/{rel}","templated":true}]}}