{"id":1899,"date":"2017-09-21T12:21:10","date_gmt":"2017-09-21T10:21:10","guid":{"rendered":"https:\/\/www.andbank.com\/mcco\/analisis-de-mercados\/nuestro-economista-jefe\/"},"modified":"2018-07-04T16:22:48","modified_gmt":"2018-07-04T14:22:48","slug":"notre-chef-economiste","status":"publish","type":"page","link":"https:\/\/pre.andbank.com\/monaco\/analyse-de-marches\/notre-chef-economiste\/","title":{"rendered":"Notre chef \u00e9conomiste"},"content":{"rendered":"<h2>\u00c0lex Fust\u00e9, notre chef \u00e9conomiste<\/h2>\n<p style=\"text-align: center\">\u00c0lex Fust\u00e9 est titulaire d\u2019une licence en Economie de l\u2019Universit\u00e9 de Barcelone et occupe actuellement le poste de chef \u00e9conomiste au sein d&rsquo;Andbank. Il analyse en permanence les informations \u00e9conomico-politiques, \u00e9paul\u00e9 par une \u00e9quipe de professionnels dans plus de 14 pays, en vue de mieux comprendre les m\u00e9canismes \u00e9conomiques et les march\u00e9s mondiaux.<\/p>\n","protected":false},"excerpt":{"rendered":"<p>\u00c0lex Fust\u00e9 est titulaire d&rsquo;une licence en \u00e9conomie de l\u2019Universit\u00e9 de Barcelone et occupe actuellement le poste de chef \u00e9conomiste chez Andbank. Son exp\u00e9rience se base sur le regroupement de connaissances et d\u2019informations \u00e9conomico-politiques \u00e0 travers une \u00e9quipe de professionnels de plus de 14 juridictions.<\/p>\n","protected":false},"author":1,"featured_media":0,"parent":1414,"menu_order":15,"comment_status":"closed","ping_status":"closed","template":"template-market-detail.php","meta":{"footnotes":""},"yst_prominent_words":[597,596,25,598,599,24],"class_list":["post-1899","page","type-page","status-publish","hentry"],"acf":[],"_links":{"self":[{"href":"https:\/\/pre.andbank.com\/monaco\/wp-json\/wp\/v2\/pages\/1899"}],"collection":[{"href":"https:\/\/pre.andbank.com\/monaco\/wp-json\/wp\/v2\/pages"}],"about":[{"href":"https:\/\/pre.andbank.com\/monaco\/wp-json\/wp\/v2\/types\/page"}],"author":[{"embeddable":true,"href":"https:\/\/pre.andbank.com\/monaco\/wp-json\/wp\/v2\/users\/1"}],"replies":[{"embeddable":true,"href":"https:\/\/pre.andbank.com\/monaco\/wp-json\/wp\/v2\/comments?post=1899"}],"version-history":[{"count":0,"href":"https:\/\/pre.andbank.com\/monaco\/wp-json\/wp\/v2\/pages\/1899\/revisions"}],"up":[{"embeddable":true,"href":"https:\/\/pre.andbank.com\/monaco\/wp-json\/wp\/v2\/pages\/1414"}],"wp:attachment":[{"href":"https:\/\/pre.andbank.com\/monaco\/wp-json\/wp\/v2\/media?parent=1899"}],"wp:term":[{"taxonomy":"yst_prominent_words","embeddable":true,"href":"https:\/\/pre.andbank.com\/monaco\/wp-json\/wp\/v2\/yst_prominent_words?post=1899"}],"curies":[{"name":"wp","href":"https:\/\/api.w.org\/{rel}","templated":true}]}}