{"id":1875,"date":"2017-05-04T17:56:39","date_gmt":"2017-05-04T15:56:39","guid":{"rendered":"https:\/\/www.andbank.com\/mcco\/qui-sommes-nous\/andbank-y-monaco\/"},"modified":"2018-07-04T16:04:24","modified_gmt":"2018-07-04T14:04:24","slug":"andbank-a-monaco","status":"publish","type":"page","link":"https:\/\/pre.andbank.com\/monaco\/qui-sommes-nous\/andbank-a-monaco\/","title":{"rendered":"Andbank \u00e0 Monaco"},"content":{"rendered":"<h2>La Principaut\u00e9 de Monaco<\/h2>\n<p><strong>Stabilit\u00e9 et s\u00e9curit\u00e9<\/strong><\/p>\n<p>La Principaut\u00e9 de Monaco est un \u00c9tat souverain ind\u00e9pendant o\u00f9 r\u00e8gne un environnement politique stable r\u00e9gi depuis 700 ans par la Dynastie des Grimaldi.<\/p>\n<p>Au c\u0153ur de la Riviera fran\u00e7aise, sa situation g\u00e9ographique est des plus privil\u00e9gi\u00e9es et la s\u00e9curit\u00e9 des biens et des personnes y est maximale.<\/p>\n<p><strong>Dynamisme \u00e9conomique et social<\/strong><\/p>\n<p>\u00c0 Monaco, la vie \u00e9conomique et sociale est particuli\u00e8rement dynamique. Le calendrier culturel et sportif est tr\u00e8s riche et les cercles sociaux sont tr\u00e8s internationaux : 35 000 r\u00e9sidents et plus de 120 nationalit\u00e9s.<\/p>\n<p>L&rsquo;\u00e9conomie est anim\u00e9e par des secteurs aussi diversifi\u00e9s que le commerce, la finance, l&rsquo;immobilier, la construction. Le secteur industriel est r\u00e9solument tourn\u00e9 vers la technologie\u00a0: chimie, pharmacie, cosm\u00e9tique, transformation des plastiques&#8230;<\/p>\n<p><strong>Environnement fiscal favorable<\/strong><\/p>\n<p>En dehors du cas sp\u00e9cifique des Fran\u00e7ais r\u00e9sidant en Principaut\u00e9, aucune imposition directe n&rsquo;existe, que ce soit sur le patrimoine, les revenus, la propri\u00e9t\u00e9 fonci\u00e8re ou la transmission en ligne directe.<\/p>\n<p><strong>La Place bancaire mon\u00e9gasque<\/strong><\/p>\n<p>La r\u00e9partition des actifs g\u00e9r\u00e9s au sein de la place bancaire mon\u00e9gasque est clairement orient\u00e9e vers les investissements financiers : un tiers en d\u00e9p\u00f4ts et deux tiers en titres. L\u2019activit\u00e9 de financement et de cr\u00e9dit est en constante hausse. L\u2019industrie des fonds communs de placement de droit mon\u00e9gasque poursuit son d\u00e9veloppement. On constate un poids de plus en plus fort des m\u00e9tiers tourn\u00e9s vers la gestion et l\u2019ing\u00e9nierie patrimoniale.<\/p>\n<h2>Andbank \u00e0 Monaco<\/h2>\n<p>Andbank Monaco SAM est n\u00e9e le 1er juillet 2011 de la volont\u00e9 du Groupe Andbank d&rsquo;\u00e9toffer son offre d\u00e9di\u00e9e \u00e0 sa client\u00e8le internationale haut de gamme de Banque Priv\u00e9e.<\/p>\n<p>Andbank Monaco utilise l\u2019exp\u00e9rience historique de son Groupe pour proposer \u00e0 ses clients une offre de services de haute qualit\u00e9. Nous souhaitons nouer avec chacun de nos clients une relation d&rsquo;affaires durable fond\u00e9e sur la confiance.<\/p>\n<p>\u00c0 l\u2019\u00e9coute de leurs attentes, nous personnalisons et adaptons notre gestion \u00e0 leurs objectifs patrimoniaux, notre finalit\u00e9 \u00e9tant d\u2019assurer la p\u00e9rennit\u00e9 et la croissance de leur patrimoine sur le long terme.<\/p>\n<p>Andbank Monaco partage avec la Principaut\u00e9 de Monaco un socle de valeurs communes qui se caract\u00e9rise par une croissance solide, une gouvernance stable, l&rsquo;ouverture sur un monde fortement internationalis\u00e9 et un environnement bancaire et financier attractif.<\/p>\n<p>Une \u00e9quipe de banquiers priv\u00e9s exp\u00e9riment\u00e9s, des sp\u00e9cialistes avis\u00e9s, et une Direction attentive et qualifi\u00e9e, sont pr\u00e9sents pour r\u00e9pondre en toute confidentialit\u00e9 et comp\u00e9tence \u00e0 vos objectifs patrimoniaux.<\/p>\n","protected":false},"excerpt":{"rendered":"<p>Andbank Monaco SAM est n\u00e9e le 1er juillet 2011 de la volont\u00e9 du Groupe Andbank d\u2019\u00e9toffer son offre d\u00e9di\u00e9e \u00e0 sa client\u00e8le internationale haut de gamme de Banque Priv\u00e9e.<\/p>\n","protected":false},"author":3,"featured_media":803,"parent":1415,"menu_order":20,"comment_status":"closed","ping_status":"closed","template":"template-detail.php","meta":{"footnotes":""},"yst_prominent_words":[435,327,615,329,1703,1702,617,48,37,611,603,577,614,608,310,613,303,618,1701,616],"class_list":["post-1875","page","type-page","status-publish","has-post-thumbnail","hentry"],"acf":[],"_links":{"self":[{"href":"https:\/\/pre.andbank.com\/monaco\/wp-json\/wp\/v2\/pages\/1875"}],"collection":[{"href":"https:\/\/pre.andbank.com\/monaco\/wp-json\/wp\/v2\/pages"}],"about":[{"href":"https:\/\/pre.andbank.com\/monaco\/wp-json\/wp\/v2\/types\/page"}],"author":[{"embeddable":true,"href":"https:\/\/pre.andbank.com\/monaco\/wp-json\/wp\/v2\/users\/3"}],"replies":[{"embeddable":true,"href":"https:\/\/pre.andbank.com\/monaco\/wp-json\/wp\/v2\/comments?post=1875"}],"version-history":[{"count":0,"href":"https:\/\/pre.andbank.com\/monaco\/wp-json\/wp\/v2\/pages\/1875\/revisions"}],"up":[{"embeddable":true,"href":"https:\/\/pre.andbank.com\/monaco\/wp-json\/wp\/v2\/pages\/1415"}],"wp:featuredmedia":[{"embeddable":true,"href":"https:\/\/pre.andbank.com\/monaco\/wp-json\/wp\/v2\/media\/803"}],"wp:attachment":[{"href":"https:\/\/pre.andbank.com\/monaco\/wp-json\/wp\/v2\/media?parent=1875"}],"wp:term":[{"taxonomy":"yst_prominent_words","embeddable":true,"href":"https:\/\/pre.andbank.com\/monaco\/wp-json\/wp\/v2\/yst_prominent_words?post=1875"}],"curies":[{"name":"wp","href":"https:\/\/api.w.org\/{rel}","templated":true}]}}