{"id":1874,"date":"2017-04-18T17:55:26","date_gmt":"2017-04-18T15:55:26","guid":{"rendered":"https:\/\/www.andbank.com\/mcco\/qui-sommes-nous\/nuestra-historia\/"},"modified":"2021-10-21T10:00:13","modified_gmt":"2021-10-21T08:00:13","slug":"groupe-andbank","status":"publish","type":"page","link":"https:\/\/pre.andbank.com\/monaco\/qui-sommes-nous\/groupe-andbank\/","title":{"rendered":"Groupe Andbank"},"content":{"rendered":"<p><img loading=\"lazy\" decoding=\"async\" class=\"size-full wp-image-6000 aligncenter\" src=\"https:\/\/www.andbank.com\/monaco\/wp-content\/uploads\/sites\/20\/2017\/04\/Andbank_grafico_01_2020_fr.jpg\" alt=\"\" width=\"1200\" height=\"360\" srcset=\"https:\/\/pre.andbank.com\/monaco\/wp-content\/uploads\/sites\/20\/2017\/04\/Andbank_grafico_01_2020_fr.jpg 1200w, https:\/\/pre.andbank.com\/monaco\/wp-content\/uploads\/sites\/20\/2017\/04\/Andbank_grafico_01_2020_fr-768x230.jpg 768w\" sizes=\"(max-width: 1200px) 100vw, 1200px\" \/><\/p>\n<p><img loading=\"lazy\" decoding=\"async\" class=\"alignnone size-full wp-image-6006\" src=\"https:\/\/www.andbank.com\/monaco\/wp-content\/uploads\/sites\/20\/2021\/10\/grafico_03_fr_v3.jpg\" alt=\"\" width=\"1200\" height=\"1485\" \/><\/p>\n<p><img loading=\"lazy\" decoding=\"async\" class=\"alignnone wp-image-3301 size-full\" src=\"https:\/\/www.andbank.com\/mnc\/wp-content\/uploads\/sites\/20\/2017\/04\/Andbank-nos-valeurs_FR.png\" alt=\"\" width=\"1169\" height=\"352\" srcset=\"https:\/\/pre.andbank.com\/monaco\/wp-content\/uploads\/sites\/20\/2017\/04\/Andbank-nos-valeurs_FR.png 1169w, https:\/\/pre.andbank.com\/monaco\/wp-content\/uploads\/sites\/20\/2017\/04\/Andbank-nos-valeurs_FR-768x231.png 768w\" sizes=\"(max-width: 1169px) 100vw, 1169px\" \/><\/p>\n","protected":false},"excerpt":{"rendered":"<p>Nous sommes des banquiers priv\u00e9s depuis plus de 85 ans. Chez Andbank, nous avons su pr\u00e9server notre privil\u00e8ge principal : travailler pour nos clients.<\/p>\n","protected":false},"author":1,"featured_media":344,"parent":1415,"menu_order":18,"comment_status":"closed","ping_status":"closed","template":"template-detail.php","meta":{"footnotes":""},"yst_prominent_words":[],"class_list":["post-1874","page","type-page","status-publish","has-post-thumbnail","hentry"],"acf":[],"_links":{"self":[{"href":"https:\/\/pre.andbank.com\/monaco\/wp-json\/wp\/v2\/pages\/1874"}],"collection":[{"href":"https:\/\/pre.andbank.com\/monaco\/wp-json\/wp\/v2\/pages"}],"about":[{"href":"https:\/\/pre.andbank.com\/monaco\/wp-json\/wp\/v2\/types\/page"}],"author":[{"embeddable":true,"href":"https:\/\/pre.andbank.com\/monaco\/wp-json\/wp\/v2\/users\/1"}],"replies":[{"embeddable":true,"href":"https:\/\/pre.andbank.com\/monaco\/wp-json\/wp\/v2\/comments?post=1874"}],"version-history":[{"count":0,"href":"https:\/\/pre.andbank.com\/monaco\/wp-json\/wp\/v2\/pages\/1874\/revisions"}],"up":[{"embeddable":true,"href":"https:\/\/pre.andbank.com\/monaco\/wp-json\/wp\/v2\/pages\/1415"}],"wp:featuredmedia":[{"embeddable":true,"href":"https:\/\/pre.andbank.com\/monaco\/wp-json\/wp\/v2\/media\/344"}],"wp:attachment":[{"href":"https:\/\/pre.andbank.com\/monaco\/wp-json\/wp\/v2\/media?parent=1874"}],"wp:term":[{"taxonomy":"yst_prominent_words","embeddable":true,"href":"https:\/\/pre.andbank.com\/monaco\/wp-json\/wp\/v2\/yst_prominent_words?post=1874"}],"curies":[{"name":"wp","href":"https:\/\/api.w.org\/{rel}","templated":true}]}}