{"id":1873,"date":"2017-09-18T15:13:44","date_gmt":"2017-09-18T13:13:44","guid":{"rendered":"https:\/\/www.andbank.com\/mcco\/oficinas\/"},"modified":"2021-09-14T16:54:05","modified_gmt":"2021-09-14T14:54:05","slug":"andbank-dans-le-monde","status":"publish","type":"page","link":"https:\/\/pre.andbank.com\/monaco\/qui-sommes-nous\/andbank-dans-le-monde\/","title":{"rendered":"Andbank dans le Monde"},"content":{"rendered":"","protected":false},"excerpt":{"rendered":"<p>Andbank est pr\u00e9sent dans 11 pays dans lesquels il offre des services sp\u00e9cialis\u00e9s dans la gestion de grands patrimoines.<\/p>\n","protected":false},"author":1,"featured_media":6407,"parent":1415,"menu_order":63,"comment_status":"closed","ping_status":"closed","template":"template-offices.php","meta":{"footnotes":""},"yst_prominent_words":[],"class_list":["post-1873","page","type-page","status-publish","has-post-thumbnail","hentry"],"acf":[],"_links":{"self":[{"href":"https:\/\/pre.andbank.com\/monaco\/wp-json\/wp\/v2\/pages\/1873"}],"collection":[{"href":"https:\/\/pre.andbank.com\/monaco\/wp-json\/wp\/v2\/pages"}],"about":[{"href":"https:\/\/pre.andbank.com\/monaco\/wp-json\/wp\/v2\/types\/page"}],"author":[{"embeddable":true,"href":"https:\/\/pre.andbank.com\/monaco\/wp-json\/wp\/v2\/users\/1"}],"replies":[{"embeddable":true,"href":"https:\/\/pre.andbank.com\/monaco\/wp-json\/wp\/v2\/comments?post=1873"}],"version-history":[{"count":0,"href":"https:\/\/pre.andbank.com\/monaco\/wp-json\/wp\/v2\/pages\/1873\/revisions"}],"up":[{"embeddable":true,"href":"https:\/\/pre.andbank.com\/monaco\/wp-json\/wp\/v2\/pages\/1415"}],"wp:featuredmedia":[{"embeddable":true,"href":"https:\/\/pre.andbank.com\/monaco\/wp-json\/wp\/v2\/media\/6407"}],"wp:attachment":[{"href":"https:\/\/pre.andbank.com\/monaco\/wp-json\/wp\/v2\/media?parent=1873"}],"wp:term":[{"taxonomy":"yst_prominent_words","embeddable":true,"href":"https:\/\/pre.andbank.com\/monaco\/wp-json\/wp\/v2\/yst_prominent_words?post=1873"}],"curies":[{"name":"wp","href":"https:\/\/api.w.org\/{rel}","templated":true}]}}