{"id":1857,"date":"2017-04-11T13:07:42","date_gmt":"2017-04-11T11:07:42","guid":{"rendered":"https:\/\/www.andbank.com\/mcco\/banque-privee\/family-office\/"},"modified":"2021-02-16T12:23:58","modified_gmt":"2021-02-16T10:23:58","slug":"family-office","status":"publish","type":"page","link":"https:\/\/pre.andbank.com\/monaco\/banque-privee\/family-office\/","title":{"rendered":"Family Office"},"content":{"rendered":"<p>Avec sa pr\u00e9sence dans 11 pays du monde, Andbank peut fournir \u00e0 ses clients qui ont des comptes et des actifs \u00e0 l\u2019international, une gestion et un suivi de leurs actifs. Ce particularisme repr\u00e9sente un vrai atout concurrentiel pour accompagner nos clients pr\u00e9sents dans plusieurs pays ou ayant plusieurs lieux de r\u00e9sidence et poss\u00e9dant des avoirs financiers importants, n\u00e9cessitant, \u00e0 ce titre, un service d\u2019une qualit\u00e9 diff\u00e9rente.<\/p>\n<h2>Le Family Business<\/h2>\n<p>Conscients des exigences qu\u2019implique la d\u00e9tention d\u2019un patrimoine familial, le Groupe Andbank dispose d\u2019une \u00e9quipe de professionnels qualifi\u00e9s et sp\u00e9cialis\u00e9s pour accompagner ses clients dans leurs projets personnels.<\/p>\n<p>Articul\u00e9e autour d\u2019une philosophie multidisciplinaire, notre \u00e9quipe de sp\u00e9cialistes est \u00e0 m\u00eame de proposer une assistance sp\u00e9cifique en mati\u00e8re fiscale, juridique, \u00e9conomique ou encore immobili\u00e8re pour les patrimoines qui le requi\u00e8rent.<\/p>\n<p>Notre objectif \u00e9tant toujours d\u2019assurer la transmission du patrimoine de nos clients \u00e0 leurs g\u00e9n\u00e9rations futures, en leur proposant des solutions globales, un service de conseil en mati\u00e8re financi\u00e8re et des synergies entre familiales.<\/p>\n<h2>Le conseil global<\/h2>\n<p>Le Groupe Andbank met \u00e0 la disposition de ses clients un service de conseils personnalis\u00e9s. Pour les clients qui souhaitent diversifier leurs investissements vers des actifs non financiers, nos experts les conseilleront en mati\u00e8re de philanthropie, d\u2019art ou encore d\u2019immobilier, afin de les guider vers un \u00e9quilibre harmonieux entre leurs projets personnels et leur niveau de richesse.<\/p>\n<h2>La synergie familiale au sein des clubs deals<\/h2>\n<p>Le Groupe Andbank offre \u00e0 ses clients priv\u00e9s la possibilit\u00e9 de r\u00e9aliser des investissements conjoints dans des op\u00e9rations exclusives.<\/p>\n<p>Au travers de clubs deals, des investisseurs peuvent partager des risques et de mettre en commun des ressources pour mutualiser l\u2019acquisition de biens divers.<\/p>\n<p>\u00catre une banque familiale nous conf\u00e8re un avantage comp\u00e9titif essentiel qui nous permet de comprendre et partager les int\u00e9r\u00eats de nos clients.<\/p>\n<p>Le Groupe Andbank parvient ainsi \u00e0 f\u00e9d\u00e9rer des investisseurs provenant de divers milieux (particuliers, professionnels\u2026) li\u00e9s par un projet commun.<\/p>\n","protected":false},"excerpt":{"rendered":"<p>Le service de garde globale offert par Andbank a \u00e9t\u00e9 soigneusement con\u00e7u pour r\u00e9pondre aux besoins des institutions ou familles qui requi\u00e8rent des solutions personnalis\u00e9es pour rentabiliser leurs actifs.<\/p>\n","protected":false},"author":1,"featured_media":1934,"parent":1373,"menu_order":87,"comment_status":"closed","ping_status":"closed","template":"template-detail.php","meta":{"footnotes":""},"yst_prominent_words":[582,578,435,449,50,581,47,569,22,580,470,45,584,44,579,19,574,583,570,54],"class_list":["post-1857","page","type-page","status-publish","has-post-thumbnail","hentry"],"acf":[],"_links":{"self":[{"href":"https:\/\/pre.andbank.com\/monaco\/wp-json\/wp\/v2\/pages\/1857"}],"collection":[{"href":"https:\/\/pre.andbank.com\/monaco\/wp-json\/wp\/v2\/pages"}],"about":[{"href":"https:\/\/pre.andbank.com\/monaco\/wp-json\/wp\/v2\/types\/page"}],"author":[{"embeddable":true,"href":"https:\/\/pre.andbank.com\/monaco\/wp-json\/wp\/v2\/users\/1"}],"replies":[{"embeddable":true,"href":"https:\/\/pre.andbank.com\/monaco\/wp-json\/wp\/v2\/comments?post=1857"}],"version-history":[{"count":0,"href":"https:\/\/pre.andbank.com\/monaco\/wp-json\/wp\/v2\/pages\/1857\/revisions"}],"up":[{"embeddable":true,"href":"https:\/\/pre.andbank.com\/monaco\/wp-json\/wp\/v2\/pages\/1373"}],"wp:featuredmedia":[{"embeddable":true,"href":"https:\/\/pre.andbank.com\/monaco\/wp-json\/wp\/v2\/media\/1934"}],"wp:attachment":[{"href":"https:\/\/pre.andbank.com\/monaco\/wp-json\/wp\/v2\/media?parent=1857"}],"wp:term":[{"taxonomy":"yst_prominent_words","embeddable":true,"href":"https:\/\/pre.andbank.com\/monaco\/wp-json\/wp\/v2\/yst_prominent_words?post=1857"}],"curies":[{"name":"wp","href":"https:\/\/api.w.org\/{rel}","templated":true}]}}