{"id":1850,"date":"2017-09-19T13:08:31","date_gmt":"2017-09-19T11:08:31","guid":{"rendered":"https:\/\/www.andbank.com\/mcco\/banque-privee\/nuestra-oferta\/"},"modified":"2021-02-16T12:16:20","modified_gmt":"2021-02-16T10:16:20","slug":"notre-offre","status":"publish","type":"page","link":"https:\/\/pre.andbank.com\/monaco\/banque-privee\/notre-offre\/","title":{"rendered":"Notre offre"},"content":{"rendered":"<h2>Une offre personnalis\u00e9e<\/h2>\n<p>Les g\u00e9rants sp\u00e9cialis\u00e9s d&rsquo;Andbank Monaco <strong>s\u00e9lectionnent les th\u00e8mes d&rsquo;investissement<\/strong> dans le cadre d&rsquo;une <strong>architecture compl\u00e8tement ouverte<\/strong>. Ils r\u00e9percutent les choix d&rsquo;investissement retenus\u00a0:<\/p>\n<ul>\n<li>au travers d&rsquo;une s\u00e9lection de valeurs \u00e0 l&rsquo;int\u00e9rieur des mandats de gestion\u00a0;<\/li>\n<li>autour d&rsquo;id\u00e9es d&rsquo;investissement propos\u00e9es aux banquiers priv\u00e9s dans le cadre de la gestion conseill\u00e9e.<\/li>\n<\/ul>\n<p>&nbsp;<\/p>\n<p>Dans les deux cas, les choix d&rsquo;investissement sont affin\u00e9s, adapt\u00e9s et appliqu\u00e9s en fonction des contraintes et exigences d\u00e9finies par nos clients. Cette offre s&rsquo;articule autour de <strong>diff\u00e9rents outils de gestion<\/strong>\u00a0:<\/p>\n<ul>\n<li>des g\u00e9rants exp\u00e9riment\u00e9s\u00a0;<\/li>\n<li>un comit\u00e9 d&rsquo;investissement d\u00e9di\u00e9\u00a0;<\/li>\n<li>une s\u00e9lection rigoureuse des fonds d&rsquo;investissement\u00a0;<\/li>\n<li>l&rsquo;\u00e9mission de produits structur\u00e9s sur mesure\u00a0;<\/li>\n<li>une tr\u00e8s forte synergie avec les sp\u00e9cialistes et \u00e9conomistes de march\u00e9s du Groupe Andbank\u00a0;<\/li>\n<li>une relation tr\u00e8s proche avec les analystes et \u00e9quipes de recherche des principaux groupes financiers internationaux.<\/li>\n<\/ul>\n<p>&nbsp;<\/p>\n<h2>Des services sur mesure<\/h2>\n<p>Andbank Monaco <strong>accompagne ses clients dans la mise en place de solutions patrimoniales<\/strong> allant au-del\u00e0 de la gestion de leur portefeuille. Ensemble, nous appr\u00e9hendons la globalit\u00e9 du patrimoine de nos clients pour leur proposer des solutions sur mesure.<\/p>\n<p>Nous utilisons, pour cela, les <strong>comp\u00e9tences patrimoniales de nos \u00e9quipes<\/strong> d\u00e9di\u00e9es, aussi bien localement qu&rsquo;en coop\u00e9ration avec les \u00e9quipes internationales du Groupe Andbank.<\/p>\n<p>Des outils sur mesure sont utilis\u00e9s pour <strong>personnaliser les projets patrimoniaux de nos clients<\/strong>\u00a0:<\/p>\n<ul>\n<li>l&rsquo;assurance-vie\u00a0;<\/li>\n<li>la planification successorale\u00a0;<\/li>\n<li>la structuration de soci\u00e9t\u00e9s patrimoniales\u00a0;<\/li>\n<li>le financement d&rsquo;actifs immobiliers\u00a0;<\/li>\n<li>l&rsquo;accompagnement dans l&rsquo;installation en Principaut\u00e9 de Monaco.<\/li>\n<\/ul>\n","protected":false},"excerpt":{"rendered":"<p>Chez Andbank, nous pensons la valeur \u00e0 long terme. C&rsquo;est pourquoi nos produits s&rsquo;adaptent aux besoins futurs de nos clients.<\/p>\n","protected":false},"author":1,"featured_media":264,"parent":1373,"menu_order":1,"comment_status":"closed","ping_status":"closed","template":"template-detail.php","meta":{"footnotes":""},"yst_prominent_words":[284,292,296,295,281,291,290,279,285,277,293,278,288,137,289,286,294,280,283,282],"class_list":["post-1850","page","type-page","status-publish","has-post-thumbnail","hentry"],"acf":[],"_links":{"self":[{"href":"https:\/\/pre.andbank.com\/monaco\/wp-json\/wp\/v2\/pages\/1850"}],"collection":[{"href":"https:\/\/pre.andbank.com\/monaco\/wp-json\/wp\/v2\/pages"}],"about":[{"href":"https:\/\/pre.andbank.com\/monaco\/wp-json\/wp\/v2\/types\/page"}],"author":[{"embeddable":true,"href":"https:\/\/pre.andbank.com\/monaco\/wp-json\/wp\/v2\/users\/1"}],"replies":[{"embeddable":true,"href":"https:\/\/pre.andbank.com\/monaco\/wp-json\/wp\/v2\/comments?post=1850"}],"version-history":[{"count":0,"href":"https:\/\/pre.andbank.com\/monaco\/wp-json\/wp\/v2\/pages\/1850\/revisions"}],"up":[{"embeddable":true,"href":"https:\/\/pre.andbank.com\/monaco\/wp-json\/wp\/v2\/pages\/1373"}],"wp:featuredmedia":[{"embeddable":true,"href":"https:\/\/pre.andbank.com\/monaco\/wp-json\/wp\/v2\/media\/264"}],"wp:attachment":[{"href":"https:\/\/pre.andbank.com\/monaco\/wp-json\/wp\/v2\/media?parent=1850"}],"wp:term":[{"taxonomy":"yst_prominent_words","embeddable":true,"href":"https:\/\/pre.andbank.com\/monaco\/wp-json\/wp\/v2\/yst_prominent_words?post=1850"}],"curies":[{"name":"wp","href":"https:\/\/api.w.org\/{rel}","templated":true}]}}