{"id":1839,"date":"2017-03-30T17:35:37","date_gmt":"2017-03-30T15:35:37","guid":{"rendered":"https:\/\/www.andbank.com\/mcco\/contacto\/"},"modified":"2022-10-27T00:03:16","modified_gmt":"2022-10-26T22:03:16","slug":"nous-contacter","status":"publish","type":"page","link":"https:\/\/pre.andbank.com\/monaco\/nous-contacter\/","title":{"rendered":"Nous contacter"},"content":{"rendered":"","protected":false},"excerpt":{"rendered":"<p>Chez Andbank, nous mettons \u00e0 votre disposition nos canaux de communication pour vous aider \u00e0 r\u00e9soudre tout doute. Si vous avez besoin d\u2019effectuer une requ\u00eate, pouvez nous contacter par t\u00e9l\u00e9phone, par e-mail ou en compl\u00e9tant le formulaire web.<\/p>\n","protected":false},"author":18,"featured_media":162,"parent":0,"menu_order":65,"comment_status":"closed","ping_status":"closed","template":"template-contact.php","meta":{"footnotes":""},"yst_prominent_words":[],"class_list":["post-1839","page","type-page","status-publish","has-post-thumbnail","hentry"],"acf":[],"_links":{"self":[{"href":"https:\/\/pre.andbank.com\/monaco\/wp-json\/wp\/v2\/pages\/1839"}],"collection":[{"href":"https:\/\/pre.andbank.com\/monaco\/wp-json\/wp\/v2\/pages"}],"about":[{"href":"https:\/\/pre.andbank.com\/monaco\/wp-json\/wp\/v2\/types\/page"}],"author":[{"embeddable":true,"href":"https:\/\/pre.andbank.com\/monaco\/wp-json\/wp\/v2\/users\/18"}],"replies":[{"embeddable":true,"href":"https:\/\/pre.andbank.com\/monaco\/wp-json\/wp\/v2\/comments?post=1839"}],"version-history":[{"count":1,"href":"https:\/\/pre.andbank.com\/monaco\/wp-json\/wp\/v2\/pages\/1839\/revisions"}],"predecessor-version":[{"id":6870,"href":"https:\/\/pre.andbank.com\/monaco\/wp-json\/wp\/v2\/pages\/1839\/revisions\/6870"}],"wp:featuredmedia":[{"embeddable":true,"href":"https:\/\/pre.andbank.com\/monaco\/wp-json\/wp\/v2\/media\/162"}],"wp:attachment":[{"href":"https:\/\/pre.andbank.com\/monaco\/wp-json\/wp\/v2\/media?parent=1839"}],"wp:term":[{"taxonomy":"yst_prominent_words","embeddable":true,"href":"https:\/\/pre.andbank.com\/monaco\/wp-json\/wp\/v2\/yst_prominent_words?post=1839"}],"curies":[{"name":"wp","href":"https:\/\/api.w.org\/{rel}","templated":true}]}}