{"id":1446,"date":"2017-04-03T13:31:46","date_gmt":"2017-04-03T11:31:46","guid":{"rendered":"https:\/\/www.andbank.com\/mcco\/informacion-legal\/politica-de-cookies\/"},"modified":"2019-04-29T10:50:39","modified_gmt":"2019-04-29T08:50:39","slug":"politique-de-cookies","status":"publish","type":"page","link":"https:\/\/pre.andbank.com\/monaco\/informations-legales\/politique-de-cookies\/","title":{"rendered":"Utilisation des cookies"},"content":{"rendered":"<p>Nous utilisons des Cookies pour faciliter l\u2019utilisation de notre site Web et pour optimiser votre navigation, en adaptant l\u2019information et les services offerts \u00e0 vos int\u00e9r\u00eats, pour vous offrir une meilleure exp\u00e9rience lorsque vous visitez notre site. Notre site utilise des Cookies pour fonctionner, adapter et faciliter au maximum la navigation de l\u2019utilisateur.<\/p>\n<p>Les Cookies sont de petits fichiers d\u2019information qui nous permettent de comparer et de comprendre comment nos utilisateurs naviguent sur notre site web et, par cons\u00e9quent, d\u2019am\u00e9liorer leur processus de navigation. Les Cookies que nous utilisons ne stockent aucune donn\u00e9e \u00e0 caract\u00e8re personnel ni aucun type d\u2019information qui pourrait vous identifier.<\/p>\n<p>Si ne voulez pas recevoir de Cookies, veuillez configurer votre navigateur Internet pour les supprimer du disque dur de votre ordinateur, les bloquer ou \u00eatre alert\u00e9 s\u2019ils sont install\u00e9s. \u00c0 tout moment, vous pouvez acc\u00e9der aux param\u00e8tres de configuration de votre navigateur pour modifier et\/ou bloquer l\u2019installation des Cookies envoy\u00e9s par notre site web, sans que cela n\u2019emp\u00eache l\u2019acc\u00e8s aux contenus. Cependant, la qualit\u00e9 de fonctionnement des services peut \u00eatre affect\u00e9e. Pour continuer sans modifier la configuration des Cookies, il vous suffit de continuer votre navigation sur le site.<\/p>\n<p>&nbsp;<\/p>\n<h2>Comme la plupart des sites Web, notre site Web utilise des Cookies pour:<\/h2>\n<ul>\n<li>S\u2019assurer que les pages web peuvent fonctionner correctement.<\/li>\n<li>Stocker vos pr\u00e9f\u00e9rences, comme la langue que vous avez s\u00e9lectionn\u00e9e.<\/li>\n<li>Conna\u00eetre votre exp\u00e9rience de navigation.<\/li>\n<li>Collecter des informations statistiques anonymes, tels que les pages que vous avez vues ou la dur\u00e9e de votre visite sur notre site web.<\/li>\n<\/ul>\n<p>&nbsp;<\/p>\n<h2>Pourquoi sont-ils importants?<\/h2>\n<ul>\n<li>D\u2019un point de vue technique, ils permettent que les sites web fonctionnent de mani\u00e8re plus flexible et adapt\u00e9e aux pr\u00e9f\u00e9rences des utilisateurs, par exemple pour sauvegarder la langue, la monnaie du pays ou d\u00e9tecter le dispositif d\u2019acc\u00e8s.<\/li>\n<li>Ils \u00e9tablissent des niveaux de protection et de s\u00e9curit\u00e9 qui emp\u00eachent ou entravent les cyberattaques contre le site web ou ses utilisateurs.<\/li>\n<li>Ils permettent aux gestionnaires des m\u00e9dias de conna\u00eetre les informations statistiques recueillies dans les Cookies afin d\u2019am\u00e9liorer la qualit\u00e9 et l\u2019exp\u00e9rience de leurs services.<\/li>\n<li>Ils servent \u00e0 optimiser la publicit\u00e9 montr\u00e9e aux utilisateurs, en leur proposant celle qui s\u2019adapte au mieux \u00e0 leurs int\u00e9r\u00eats.<\/li>\n<li>Vous pouvez en apprendre davantage sur les Cookies et leur utilisation sur www.aboutcookies.org<\/li>\n<\/ul>\n<p>&nbsp;<\/p>\n<h2>Les types de cookies que nous utilisons\u00a0:<\/h2>\n<p>Ces Cookies sont n\u00e9cessaires au bon fonctionnement du site web. Ils am\u00e9liorent \u00e9galement son fonctionnement et l\u2019exp\u00e9rience lors de votre visite.<\/p>\n<h4><strong>Analytique<\/strong><\/h4>\n<p>Google Analytics est un outil gratuit d\u2019analyse web de Google qui permet aux propri\u00e9taires de sites web de savoir comment les utilisateurs interagissent avec leur site web. En outre, il active les Cookies dans le domaine du site dans lequel il se trouve et utilise un ensemble de Cookies appel\u00e9s \u00ab\u00a0__utma\u00a0\u00bb et \u00ab\u00a0__utmz\u00a0\u00bb pour recueillir des renseignements de fa\u00e7on anonyme et \u00e9laborer des rapports de tendances de sites sans identifier les utilisateurs individuels (il n\u2019obtient pas de renseignements sur les pr\u00e9noms ou noms des utilisateurs ni l\u2019adresse postale d\u2019o\u00f9 ils se connectent).<\/p>\n<p>Les informations collect\u00e9es se rapportent par exemple au nombre de pages vues, \u00e0 la langue, au nombre d\u2019utilisateurs qui nous rend visite, \u00e0 la fr\u00e9quence et \u00e0 la r\u00e9p\u00e9tition des visites, \u00e0 la dur\u00e9e de la visite, au navigateur utilis\u00e9, etc. Nous utilisons ces informations pour am\u00e9liorer notre site web, d\u00e9tecter les nouveaux besoins et \u00e9valuer les am\u00e9liorations \u00e0 introduire dans le but de fournir un meilleur service aux utilisateurs qui nous rendent visite.<\/p>\n<p>Vous pouvez en savoir plus sur ces autres utilisations \u00e0 partir des liens ci-dessous:<\/p>\n<ul>\n<li>https:\/\/www.google.com\/analytics\/learn\/privacy.html?hl=fr<\/li>\n<li>http:\/\/www.google.com\/analytics\/<\/li>\n<\/ul>\n<p>En visitant notre site web, vous acceptez l&rsquo;installation de ces cookies sur votre appareil.<\/p>\n<h4><strong>Pr\u00e9f\u00e9rences<\/strong><\/h4>\n<p>Ces Cookies nous permettent, par exemple, de savoir si vous avez d\u00e9j\u00e0 visit\u00e9 notre site avant ou si vous avez indiqu\u00e9 une pr\u00e9f\u00e9rence. La perte d\u2019informations stock\u00e9es dans un cookie de pr\u00e9f\u00e9rences peut rendre l\u2019exp\u00e9rience du site moins fonctionnelle, mais ne doit pas affecter son fonctionnement.<\/p>\n<p>En visitant notre site web, vous acceptez l&rsquo;installation de ces cookies sur votre appareil.<\/p>\n<h4><strong>Processus<\/strong><\/h4>\n<p>Les Cookies de processus permettent au site web de fonctionner et de fournir les services attendus par l\u2019utilisateur qui acc\u00e8de au site web, par exemple, en parcourant les pages web ou l\u2019acc\u00e8s \u00e0 des zones s\u00e9curis\u00e9es du site web. Sans ces Cookies, le site web peut ne pas fonctionner correctement.<\/p>\n<p>En visitant notre site web, vous acceptez l&rsquo;installation de ces cookies sur votre appareil.<\/p>\n<h4><strong>Navigation ou \u00e9tat de session<\/strong><\/h4>\n<p>Ces Cookies recueillent des informations sur l&rsquo;utilisation du site web par les utilisateurs, comme les pages vues, les erreurs de chargement&#8230; Ils gardent les informations n\u00e9cessaires au cours de la session et les modifications qui lui sont associ\u00e9es et ils d\u00e9terminent \u00e9galement si l&rsquo;utilisateur est enregistr\u00e9 ou non sur le site.<\/p>\n<p>Il s&rsquo;agit d&rsquo;une information g\u00e9n\u00e9rique et anonyme qui n&rsquo;inclut aucune donn\u00e9e personnelle, ni ne recueille d&rsquo;information qui identifie les visiteurs\u2009; l&rsquo;objectif ultime \u00e9tant d&rsquo;am\u00e9liorer le fonctionnement du site.<\/p>\n<p>En visitant notre site web, vous acceptez l&rsquo;installation de ces cookies sur votre appareil.<\/p>\n<p>&nbsp;<\/p>\n<h2>Comment g\u00e9rer les Cookies dans les ordinateurs?<\/h2>\n<p>En naviguant et en continuant sur notre site Web, vous accepterez l\u2019utilisation des Cookies dans les conditions \u00e9nonc\u00e9es dans cette politique de Cookies. Andbank permet d\u2019acc\u00e9der \u00e0 cette politique de Cookies au moment de l\u2019enregistrement afin que l\u2019utilisateur soit inform\u00e9, et sans pr\u00e9judice du fait qu\u2019il peut exercer son droit de bloquer, supprimer et rejeter l\u2019utilisation des Cookies \u00e0 tout moment.<\/p>\n<p>Pour permettre, conna\u00eetre, bloquer ou supprimer les Cookies install\u00e9s sur votre ordinateur, vous pouvez configurer les options du navigateur install\u00e9 sur celui-ci. Nous vous indiquons, ci-dessous, les liens des principaux navigateurs et dispositifs pour que vous disposiez de toutes les informations pour puissiez g\u00e9rer les Cookies sur votre navigateur.<\/p>\n<p><strong>Internet Explorer\u2122:<\/strong><\/p>\n<ul>\n<li>Version 5 : http:\/\/support.microsoft.com\/kb\/196955\/fr<\/li>\n<li>Version 6 : http:\/\/support.microsoft.com\/kb\/283185\/fr<\/li>\n<li>Version 7 et 8 : http:\/\/windows.microsoft.com\/fr-fr\/windows-vista\/Block-or-allow-Cookies<\/li>\n<li>Version 9 : http:\/\/windows.microsoft.com\/fr-fr\/windows7\/How-to-manage-Cookies-in-Internet-Explorer-9<\/li>\n<\/ul>\n<p><strong>Safari\u2122:<\/strong><\/p>\n<ul>\n<li>http:\/\/support.apple.com\/kb\/PH5042?viewlocale=fr_FR<\/li>\n<li>http:\/\/support.apple.com\/kb\/HT1677?viewlocale=fr_FR<\/li>\n<\/ul>\n<p><strong>Google\u2122:<\/strong><\/p>\n<ul>\n<li>https:\/\/support.google.com\/chrome\/answer\/95647?hl=fr&amp;<\/li>\n<\/ul>\n<p><strong>Firefox\u2122:<\/strong><\/p>\n<ul>\n<li>https:\/\/support.mozilla.org\/fr\/kb\/cookies-informations-sites-enregistrent<\/li>\n<\/ul>\n<p><strong>Opera\u2122:<\/strong><\/p>\n<ul>\n<li>http:\/\/help.opera.com\/Windows\/11.50\/fr-FR\/Cookies.html<\/li>\n<\/ul>\n<p><strong>Android\u2122:<\/strong><\/p>\n<ul>\n<li>http:\/\/support.google.com\/android\/?hl=fr<\/li>\n<\/ul>\n<p>&nbsp;<\/p>\n<h2>Notre Politique de Cookies est-elle mise \u00e0 jour?<\/h2>\n<p>Il est possible que nous mettions \u00e0 jour la Politique de Cookies de notre site web, nous vous recommandons donc de consulter cette politique chaque fois que vous acc\u00e9dez \u00e0 notre site afin d&rsquo;\u00eatre correctement inform\u00e9s sur comment et pourquoi nous utilisons des cookies.<\/p>\n","protected":false},"excerpt":{"rendered":"<p>Politique de cookies<\/p>\n","protected":false},"author":1,"featured_media":186,"parent":1442,"menu_order":50,"comment_status":"closed","ping_status":"closed","template":"template-info-detail.php","meta":{"footnotes":""},"yst_prominent_words":[1635,632,639,1639,1644,1640,1645,640,1641,1643,1634,753,625,1636,1642,1638,1637,1474,638,1473],"class_list":["post-1446","page","type-page","status-publish","has-post-thumbnail","hentry"],"acf":[],"_links":{"self":[{"href":"https:\/\/pre.andbank.com\/monaco\/wp-json\/wp\/v2\/pages\/1446"}],"collection":[{"href":"https:\/\/pre.andbank.com\/monaco\/wp-json\/wp\/v2\/pages"}],"about":[{"href":"https:\/\/pre.andbank.com\/monaco\/wp-json\/wp\/v2\/types\/page"}],"author":[{"embeddable":true,"href":"https:\/\/pre.andbank.com\/monaco\/wp-json\/wp\/v2\/users\/1"}],"replies":[{"embeddable":true,"href":"https:\/\/pre.andbank.com\/monaco\/wp-json\/wp\/v2\/comments?post=1446"}],"version-history":[{"count":0,"href":"https:\/\/pre.andbank.com\/monaco\/wp-json\/wp\/v2\/pages\/1446\/revisions"}],"up":[{"embeddable":true,"href":"https:\/\/pre.andbank.com\/monaco\/wp-json\/wp\/v2\/pages\/1442"}],"wp:featuredmedia":[{"embeddable":true,"href":"https:\/\/pre.andbank.com\/monaco\/wp-json\/wp\/v2\/media\/186"}],"wp:attachment":[{"href":"https:\/\/pre.andbank.com\/monaco\/wp-json\/wp\/v2\/media?parent=1446"}],"wp:term":[{"taxonomy":"yst_prominent_words","embeddable":true,"href":"https:\/\/pre.andbank.com\/monaco\/wp-json\/wp\/v2\/yst_prominent_words?post=1446"}],"curies":[{"name":"wp","href":"https:\/\/api.w.org\/{rel}","templated":true}]}}