{"id":1373,"date":"2017-09-18T14:41:56","date_gmt":"2017-09-18T12:41:56","guid":{"rendered":"https:\/\/www.andbank.com\/mcco\/?page_id=1373"},"modified":"2017-10-02T13:27:21","modified_gmt":"2017-10-02T11:27:21","slug":"banque-privee","status":"publish","type":"page","link":"https:\/\/pre.andbank.com\/monaco\/banque-privee\/","title":{"rendered":"Banque priv\u00e9e"},"content":{"rendered":"<p>Ind\u00e9pendance, exp\u00e9rience et sp\u00e9cialisation sont les traits qui nous d\u00e9finissent. La cl\u00e9 du succ\u00e8s repose sur une m\u00e9thode perfectionn\u00e9e tout au long de 85 ans d&rsquo;exp\u00e9rience qui permet un contr\u00f4le exhaustif du risque gr\u00e2ce aux outils les plus performants.<\/p>\n","protected":false},"excerpt":{"rendered":"<p>Nous sommes une banque sp\u00e9cialis\u00e9e dans le secteur de la banque priv\u00e9e. Notre essence est la pr\u00e9servation et la croissance du patrimoine de nos clients.<\/p>\n","protected":false},"author":1,"featured_media":1511,"parent":0,"menu_order":76,"comment_status":"closed","ping_status":"closed","template":"template-distributor.php","meta":{"footnotes":""},"yst_prominent_words":[20,253,19],"class_list":["post-1373","page","type-page","status-publish","has-post-thumbnail","hentry"],"acf":[],"_links":{"self":[{"href":"https:\/\/pre.andbank.com\/monaco\/wp-json\/wp\/v2\/pages\/1373"}],"collection":[{"href":"https:\/\/pre.andbank.com\/monaco\/wp-json\/wp\/v2\/pages"}],"about":[{"href":"https:\/\/pre.andbank.com\/monaco\/wp-json\/wp\/v2\/types\/page"}],"author":[{"embeddable":true,"href":"https:\/\/pre.andbank.com\/monaco\/wp-json\/wp\/v2\/users\/1"}],"replies":[{"embeddable":true,"href":"https:\/\/pre.andbank.com\/monaco\/wp-json\/wp\/v2\/comments?post=1373"}],"version-history":[{"count":0,"href":"https:\/\/pre.andbank.com\/monaco\/wp-json\/wp\/v2\/pages\/1373\/revisions"}],"wp:featuredmedia":[{"embeddable":true,"href":"https:\/\/pre.andbank.com\/monaco\/wp-json\/wp\/v2\/media\/1511"}],"wp:attachment":[{"href":"https:\/\/pre.andbank.com\/monaco\/wp-json\/wp\/v2\/media?parent=1373"}],"wp:term":[{"taxonomy":"yst_prominent_words","embeddable":true,"href":"https:\/\/pre.andbank.com\/monaco\/wp-json\/wp\/v2\/yst_prominent_words?post=1373"}],"curies":[{"name":"wp","href":"https:\/\/api.w.org\/{rel}","templated":true}]}}