{"id":2649,"date":"2017-04-03T13:31:46","date_gmt":"2017-04-03T11:31:46","guid":{"rendered":"https:\/\/www.andbank.com\/mnc\/informations-legales\/politique-de-cookies\/"},"modified":"2019-04-29T10:54:10","modified_gmt":"2019-04-29T08:54:10","slug":"politica-sui-cookie","status":"publish","type":"page","link":"https:\/\/pre.andbank.com\/monaco\/it\/quadro-legislativo\/politica-sui-cookie\/","title":{"rendered":"Utilizzo dei cookie"},"content":{"rendered":"<p>Utilizziamo dei Cookie per semplificare l\u2019utilizzo del nostro sito web e per ottimizzare la Sua navigazione, personalizzando le informazioni e i servizi secondo i Suoi interessi, per poterle offrire una migliore esperienza di navigazione sul sito. Il nostro sito si serve dei Cookie per personalizzare, adattare e semplificare al massimo l\u2019esperienza di navigazione dell\u2019utente.<\/p>\n<p>I Cookie sono piccoli file di testo contenenti delle informazioni che ci permettono di confrontare e comprendere come i nostri utenti navigano sul nostro sito web e, di conseguenza, ci permettono di migliorare la loro navigazione. I Cookie che noi utilizziamo non raccolgono dati di carattere personale n\u00e9 alcun tipo di informazione che potrebbe identificare l\u2019utente.<\/p>\n<p>Se non si desidera dare il proprio consenso all\u2019utilizzo di Cookie, \u00e8 possibile modificare le impostazioni del proprio browser per eliminarli dall\u2019hard disk, bloccarli o essere avvisati nel caso vengano installati. \u00c8 possibile accedere, in qualsiasi momento, ai parametri di configurazione del proprio browser per modificare e\/o bloccare l\u2019installazione di Cookie inviati dal nostro sito web, senza che ci\u00f2 impedisca di accedere ai contenuti. Tuttavia, la qualit\u00e0 di funzionamento dei servizi potrebbe risentirne. Per proseguire senza modificare le impostazioni relative ai Cookie, \u00e8 sufficiente continuare la navigazione sulla pagina.<\/p>\n<p>&nbsp;<\/p>\n<h2>Come per la maggior parte dei siti, il nostro sito Web utilizza dei Cookie per:<\/h2>\n<ul>\n<li>Assicurarsi che le pagine web funzionino correttamente.<\/li>\n<li>Salvare le preferenze degli utenti, come la lingua selezionata.<\/li>\n<li>Conoscere l\u2019esperienza di navigazione degli utenti.<\/li>\n<li>Raccogliere delle informazioni statistiche in modo anonimo, come le pagine visitate o la durata della visita sul nostro sito web.<\/li>\n<\/ul>\n<p>&nbsp;<\/p>\n<h2>Perch\u00e9 sono importanti?<\/h2>\n<ul>\n<li>Da un punto di vista tecnico, permettono al sito di funzionare in modo pi\u00f9 flessibile e personalizzato in base alle preferenze degli utenti, per esempio per memorizzare la lingua e la moneta del paese selezionato o rilevare il dispositivo con cui si accede.<\/li>\n<li>Essi stabiliscono dei livelli di protezione e di sicurezza che impediscono o ostacolano i cyberattacchi contro il sito stesso o i suoi utenti.<\/li>\n<li>Permettono ai community manager di conoscere i dati statistici raccolti grazie ai Cookie al fine di migliorare la qualit\u00e0 e l\u2019esperienza dei loro servizi.<\/li>\n<li>Servono a ottimizzare la pubblicit\u00e0 mostrata agli utenti, proponendo loro quella che pi\u00f9 si adatta ai loro interessi.<\/li>\n<li>Per saperne di pi\u00f9 sui Cookie e il loro utilizzo, la invitiamo a visitare la pagina www.aboutcookies.org.<\/li>\n<\/ul>\n<p>&nbsp;<\/p>\n<h2>I tipi di Cookie che utilizziamo sono i seguenti:<\/h2>\n<p>Questi Cookie sono necessari per il buon funzionamento del sito web. Essi permettono di migliorare sia il suo funzionamento che l\u2019esperienza di navigazione al momento della visita.<\/p>\n<h4><strong>Analitica<\/strong><\/h4>\n<p>Google Analytics \u00e8 uno strumento gratuito di analisi web di Google che permette ai proprietari dei siti web di sapere come gli utenti interagiscono con i loro siti web. Inoltre, questo attiva i Cookie sui domini dei siti in cui si trova e si avvale di un insieme di Cookie chiamati \u00ab\u00a0__utma\u00a0\u00bb e \u00ab\u00a0__utmz\u00a0\u00bb per raccogliere delle indicazioni in maniera anonima ed elaborare dei report relativamente alle tendenze dei siti senza identificare gli utenti individualmente (non ottengono nessuna indicazione sui nomi e cognomi degli utenti n\u00e9 l\u2019ubicazione geografica da dove si connettono).<\/p>\n<p>Le informazioni raccolte riguardano per esempio il numero di pagine visitate, la lingua, il numero di utenti che ci visita, la frequenza e la ripetizione delle visite, l durata di ciascuna visita, ecc. Noi utilizziamo tali informazioni per migliorare il nostro web, per intercettare delle nuove esigenze e valutare le migliorie da introdurre per poter migliorare il servizio fornito agli utenti che ci visitano.<\/p>\n<p>\u00c8 possibile saperne di pi\u00f9 su questi atri utilizzi consultando i seguenti link:<\/p>\n<ul>\n<li>https:\/\/www.google.com\/analytics\/learn\/privacy.html?hl=fr<\/li>\n<li>http:\/\/www.google.com\/analytics\/<\/li>\n<\/ul>\n<p>Visitando il nostro sito, lei accetta l\u2019installazione di tali Cookie sul suo dispositivo.<\/p>\n<h4><strong>Preferenze<\/strong><\/h4>\n<p>Questi Cookie ci permettono, per esempio, di sapere si l\u2019utente ha gi\u00e0 visitato il nostro sito in passato o se questi ha gi\u00e0 indicato una preferenza. Nel caso vadano perse le informazioni raccolte in un Cookie delle preferenze, l\u2019esperienza di navigazione pu\u00f2 divenire meno agevole, ma ci\u00f2 non inficia il funzionamento del sito.<\/p>\n<p>Visitando il nostro sito, lei accetta l\u2019installazione di tali Cookie sul suo dispositivo.<\/p>\n<h4><strong>Processo<\/strong><\/h4>\n<p>I Cookie di processo permettono al sito web di funzionare e di fornire i servizi attesi dall\u2019utente che accede al sito come, per esempio, scorrere le pagine del sito o accedere a delle zone ad accesso sicuro dello stesso. Senza tali Cookie, il sito potrebbe non funzionare correttamente.<\/p>\n<p>Visitando il nostro sito, lei accetta l\u2019installazione di tali Cookie sul suo dispositivo.<\/p>\n<h4><strong>Navigazione o stato della sessione<\/strong><\/h4>\n<p>Questi Cookie raccolgono delle informazioni sull\u2019utilizzo del sito web da parte degli utenti, come le pagine visitate, gli errori di caricamento&#8230; Salvano le informazioni necessarie nel corso della sessione e le modifiche ad essa associate e riconoscono anche se l\u2019utente \u00e8 registrato o no sul sito.<\/p>\n<p>Si tratta di informazioni generiche e anonime che non includono alcun dato personale e non vengono raccolte informazioni che permettano di identificare i visitatori; l\u2019obiettivo finale \u00e8 quello di migliorare il funzionamento del sito.<\/p>\n<p>Visitando il nostro sito, lei accetta l\u2019installazione di tali Cookie sul suo dispositivo.<\/p>\n<p>&nbsp;<\/p>\n<h2>Come gestire i Cookie nei computer?<\/h2>\n<p>Se si naviga e si decide di proseguire la navigazione, significa che si d\u00e0 il proprio assenso all\u2019utilizzo dei Cookie secondo le condizioni enunciate nella presente informativa sui Cookie. Andbank permette di accedere a tale informativa sui Cookie al momento della registrazione con l\u2019obiettivo di informare l\u2019utente, e indipendentemente dal fatto che questi possa decidere, in qualsiasi momento, di bloccarli, eliminarli e rifiutarne l\u2019uso.<\/p>\n<p>Per autorizzare, sapere quali sono o eliminare i Cookie installati sul proprio computer, \u00e8 possibile configurare le opzioni del browser. A continuazione sono riportati i link dei principali browser e dispositivi in modo che lei possa prendere conoscenza di tutte le informazioni necessarie per gestire i Cookie sul suo browser.<\/p>\n<p><strong>Internet Explorer\u2122:<\/strong><\/p>\n<ul>\n<li>Versione 5: http:\/\/support.microsoft.com\/kb\/196955\/it<\/li>\n<li>Versione 6: http:\/\/support.microsoft.com\/kb\/283185\/it<\/li>\n<li>Versione 7 e 8: https:\/\/support.microsoft.com\/it-it\/help\/17442\/windows-internet-explorer-delete-manage-cookies<\/li>\n<li>Versione 9: http:\/\/windows.microsoft.com\/it-it\/windows7\/How-to-manage-Cookies-in-Internet-Explorer-9<\/li>\n<\/ul>\n<p><strong>Safari\u2122:<\/strong><\/p>\n<ul>\n<li>http:\/\/support.apple.com\/kb\/PH5042?viewlocale=it_IT<\/li>\n<li>http:\/\/support.apple.com\/kb\/HT1677?viewlocale=it_IT<\/li>\n<\/ul>\n<p><strong>Google\u2122:<\/strong><\/p>\n<ul>\n<li>https:\/\/support.google.com\/chrome\/answer\/95647?hl=it&amp;<\/li>\n<\/ul>\n<p><strong>Firefox\u2122:<\/strong><\/p>\n<ul>\n<li>https:\/\/support.mozilla.org\/it\/kb\/Gestione%20dei%20cookie<\/li>\n<\/ul>\n<p><strong>Opera\u2122:<\/strong><\/p>\n<ul>\n<li>http:\/\/help.opera.com\/Windows\/11.50\/it-IT\/Cookies.html<\/li>\n<\/ul>\n<p><strong>Android\u2122:<\/strong><\/p>\n<ul>\n<li>http:\/\/support.google.com\/android\/?hl=it<\/li>\n<\/ul>\n<p>&nbsp;<\/p>\n<h2>La nostra Informativa sui Cookie \u00e8 stata aggiornata?<\/h2>\n<p>Periodicamente, \u00e8 possibile che l\u2019Informativa sui Cookie sul nostro sito web venga aggiornata, e pertanto consigliamo ai nostri utenti di consultare tale informativa a ogni nuova visita sul sito al fine di essere correttamente informati su come e perch\u00e9 ci avvaliamo di Cookie.<\/p>\n","protected":false},"excerpt":{"rendered":"<p>Politica sui cookie<\/p>\n","protected":false},"author":1,"featured_media":957,"parent":2596,"menu_order":50,"comment_status":"closed","ping_status":"closed","template":"template-info-detail.php","meta":{"footnotes":""},"yst_prominent_words":[1494,1487,950,946,1496,1489,1495,1488,1493,1486,1631,1491,1484,1630,1492,1485,1633,1632,1497,1490],"class_list":["post-2649","page","type-page","status-publish","has-post-thumbnail","hentry"],"acf":[],"_links":{"self":[{"href":"https:\/\/pre.andbank.com\/monaco\/it\/wp-json\/wp\/v2\/pages\/2649"}],"collection":[{"href":"https:\/\/pre.andbank.com\/monaco\/it\/wp-json\/wp\/v2\/pages"}],"about":[{"href":"https:\/\/pre.andbank.com\/monaco\/it\/wp-json\/wp\/v2\/types\/page"}],"author":[{"embeddable":true,"href":"https:\/\/pre.andbank.com\/monaco\/it\/wp-json\/wp\/v2\/users\/1"}],"replies":[{"embeddable":true,"href":"https:\/\/pre.andbank.com\/monaco\/it\/wp-json\/wp\/v2\/comments?post=2649"}],"version-history":[{"count":0,"href":"https:\/\/pre.andbank.com\/monaco\/it\/wp-json\/wp\/v2\/pages\/2649\/revisions"}],"up":[{"embeddable":true,"href":"https:\/\/pre.andbank.com\/monaco\/it\/wp-json\/wp\/v2\/pages\/2596"}],"wp:featuredmedia":[{"embeddable":true,"href":"https:\/\/pre.andbank.com\/monaco\/it\/wp-json\/wp\/v2\/media\/957"}],"wp:attachment":[{"href":"https:\/\/pre.andbank.com\/monaco\/it\/wp-json\/wp\/v2\/media?parent=2649"}],"wp:term":[{"taxonomy":"yst_prominent_words","embeddable":true,"href":"https:\/\/pre.andbank.com\/monaco\/it\/wp-json\/wp\/v2\/yst_prominent_words?post=2649"}],"curies":[{"name":"wp","href":"https:\/\/api.w.org\/{rel}","templated":true}]}}