{"id":2644,"date":"2017-04-05T12:14:04","date_gmt":"2017-04-05T10:14:04","guid":{"rendered":"https:\/\/www.andbank.com\/mnc\/banque-privee\/nos-services\/gestion-discretionnaire\/"},"modified":"2021-02-16T12:20:21","modified_gmt":"2021-02-16T10:20:21","slug":"gestione-discrezionale","status":"publish","type":"page","link":"https:\/\/pre.andbank.com\/monaco\/it\/banca-privata\/i-nostri-servizi\/gestione-discrezionale\/","title":{"rendered":"Gestione Discrezionale"},"content":{"rendered":"<h2>Gestione personalizzata<\/h2>\n<ul>\n<li>I portafogli dei nostri Clienti sono gestiti da un team dedicato di professionisti dei mercati finanziari. Il nostro team di esperti seleziona gli investimenti che pi\u00f9 si adattano al profilo dei nostri clienti.<\/li>\n<li>Le allocazioni dei portafogli vengono riadattate e riviste costantemente, in funzione delle condizioni dei mercati.<\/li>\n<\/ul>\n<h2><\/h2>\n<h2>Gestione absolute return<\/h2>\n<p>Nella gestione dei portafogli dei nostri clienti, adottiamo un\u2019ottica molto conservatrice, dato che il nostro obiettivo \u00e8 sempre la preservazione del capitale. Cerchiamo quindi di ottenere la migliore redditivit\u00e0 in un contesto di volatilit\u00e0 moderata. Questa strategia di gestione implica una grande flessibilit\u00e0 nella scelta degli investimenti, dato che i nostri gerenti possono procedere, in qualsiasi momento, a degli arbitrati in termini di allocazione degli attivi, in funzione della loro personale visione del mercato.<\/p>\n<h2><\/h2>\n<h2>Gestione direzionale o tradizionale<\/h2>\n<p>Nel contesto di una gestione direzionale o tradizionale, i portafogli dei nostri clienti sono gestiti secondo un\u2019allocazione dinamica, utilizzando tutte le classi di attivi, per tutte le zone geografiche e i settori.<\/p>\n<p>Gli attivi cos\u00ec investiti nei portafogli sono sensibili ai movimenti finanziari e le loro performance sono legate alle evoluzioni di mercato. La strategia applicata dai nostri gerenti punta a mantenere il migliore equilibro possibile nella scelta di investimento, in funzione del profilo di rischio dell\u2019investitore, al fine di massimizzare il binomio rischio\/rendimento nel lungo termine.<\/p>\n","protected":false},"excerpt":{"rendered":"<p>Gestiamo in maniera personalizzata il patrimonio dei nostri clienti con un\u2019indipendenza assoluta, verificando e controllando costantemente il livello di rischio e i rendimenti attesi che possono essere raggiunti.<\/p>\n","protected":false},"author":1,"featured_media":3508,"parent":2594,"menu_order":60,"comment_status":"closed","ping_status":"closed","template":"template-detail.php","meta":{"footnotes":""},"yst_prominent_words":[50,462,458,47,295,455,461,459,48,60,457,456,23,256,460,454,465,463,453,464],"class_list":["post-2644","page","type-page","status-publish","has-post-thumbnail","hentry"],"acf":[],"_links":{"self":[{"href":"https:\/\/pre.andbank.com\/monaco\/it\/wp-json\/wp\/v2\/pages\/2644"}],"collection":[{"href":"https:\/\/pre.andbank.com\/monaco\/it\/wp-json\/wp\/v2\/pages"}],"about":[{"href":"https:\/\/pre.andbank.com\/monaco\/it\/wp-json\/wp\/v2\/types\/page"}],"author":[{"embeddable":true,"href":"https:\/\/pre.andbank.com\/monaco\/it\/wp-json\/wp\/v2\/users\/1"}],"replies":[{"embeddable":true,"href":"https:\/\/pre.andbank.com\/monaco\/it\/wp-json\/wp\/v2\/comments?post=2644"}],"version-history":[{"count":0,"href":"https:\/\/pre.andbank.com\/monaco\/it\/wp-json\/wp\/v2\/pages\/2644\/revisions"}],"up":[{"embeddable":true,"href":"https:\/\/pre.andbank.com\/monaco\/it\/wp-json\/wp\/v2\/pages\/2594"}],"wp:featuredmedia":[{"embeddable":true,"href":"https:\/\/pre.andbank.com\/monaco\/it\/wp-json\/wp\/v2\/media\/3508"}],"wp:attachment":[{"href":"https:\/\/pre.andbank.com\/monaco\/it\/wp-json\/wp\/v2\/media?parent=2644"}],"wp:term":[{"taxonomy":"yst_prominent_words","embeddable":true,"href":"https:\/\/pre.andbank.com\/monaco\/it\/wp-json\/wp\/v2\/yst_prominent_words?post=2644"}],"curies":[{"name":"wp","href":"https:\/\/api.w.org\/{rel}","templated":true}]}}