{"id":2639,"date":"2017-04-05T12:14:05","date_gmt":"2017-04-05T10:14:05","guid":{"rendered":"https:\/\/www.andbank.com\/mnc\/banque-privee\/nos-services\/consultation-globale\/"},"modified":"2018-07-04T11:17:04","modified_gmt":"2018-07-04T09:17:04","slug":"consulenza-globale","status":"publish","type":"page","link":"https:\/\/pre.andbank.com\/monaco\/it\/banca-privata\/i-nostri-servizi\/consulenza-globale\/","title":{"rendered":"Approccio Globale"},"content":{"rendered":"<p>La loro capacit\u00e0 di analisi \u00e8 messa a disposizione dei clienti sia per partecipare attivamente alla gestione dei loro beni finanziari sia per l\u2019organizzazione del loro patrimonio nella sua globalit\u00e0. I nostri clienti possono inoltre accedere liberamente ai pareri del nostro team di analisti finanziari, ai loro report, alla consultazione di informazioni sui mercati o ancora ai bollettini di analisi relativi ai propri valori finanziari. All\u2019interno del Gruppo Andbank, disponiamo anche delle risorse necessarie ad accompagnare i nostri clienti nei lori diversi progetti personali, tanto di carattere economico che finanziario, patrimoniale, successorio, sociale o artistico.<\/p>\n<h2><\/h2>\n<h2>La filantropia in particolare<\/h2>\n<p>All\u2019interno del Gruppo AndBank, dei collaboratori dedicati accompagnano i clienti animati da un elevato senso di responsabilit\u00e0 verso la collettivit\u00e0, che desiderino diversificare i loro investimenti in progetti o azioni a carattere sociale, creando, con il loro impegno, un impatto durevole nella societ\u00e0.<\/p>\n<p><strong>Un team di specialisti la sapr\u00e0 consigliare affinch\u00e9 possa selezionare il progetto con si sente pi\u00f9 in sintonia dal punto di vista personale:<\/strong><\/p>\n<ol>\n<li>Creazione e gestione strategica di Fondazioni<\/li>\n<li>Pianificazione di donazioni<\/li>\n<li>Gestione operativa dei veicoli filantropici <\/li>\n<li>Gestione delle dotazioni finanziarie<\/li>\n<\/ol>\n","protected":false},"excerpt":{"rendered":"<p>Andbank dispone di un team di consulenti finanziari dotati di una visione globale, presenti su tre continenti e con un\u2019ampia esperienza di mercato.<\/p>\n","protected":false},"author":1,"featured_media":1541,"parent":2594,"menu_order":65,"comment_status":"closed","ping_status":"closed","template":"template-detail.php","meta":{"footnotes":""},"yst_prominent_words":[483,481,479,477,50,476,47,42,293,278,48,288,470,45,44,55,482,480,478,43],"class_list":["post-2639","page","type-page","status-publish","has-post-thumbnail","hentry"],"acf":[],"_links":{"self":[{"href":"https:\/\/pre.andbank.com\/monaco\/it\/wp-json\/wp\/v2\/pages\/2639"}],"collection":[{"href":"https:\/\/pre.andbank.com\/monaco\/it\/wp-json\/wp\/v2\/pages"}],"about":[{"href":"https:\/\/pre.andbank.com\/monaco\/it\/wp-json\/wp\/v2\/types\/page"}],"author":[{"embeddable":true,"href":"https:\/\/pre.andbank.com\/monaco\/it\/wp-json\/wp\/v2\/users\/1"}],"replies":[{"embeddable":true,"href":"https:\/\/pre.andbank.com\/monaco\/it\/wp-json\/wp\/v2\/comments?post=2639"}],"version-history":[{"count":0,"href":"https:\/\/pre.andbank.com\/monaco\/it\/wp-json\/wp\/v2\/pages\/2639\/revisions"}],"up":[{"embeddable":true,"href":"https:\/\/pre.andbank.com\/monaco\/it\/wp-json\/wp\/v2\/pages\/2594"}],"wp:featuredmedia":[{"embeddable":true,"href":"https:\/\/pre.andbank.com\/monaco\/it\/wp-json\/wp\/v2\/media\/1541"}],"wp:attachment":[{"href":"https:\/\/pre.andbank.com\/monaco\/it\/wp-json\/wp\/v2\/media?parent=2639"}],"wp:term":[{"taxonomy":"yst_prominent_words","embeddable":true,"href":"https:\/\/pre.andbank.com\/monaco\/it\/wp-json\/wp\/v2\/yst_prominent_words?post=2639"}],"curies":[{"name":"wp","href":"https:\/\/api.w.org\/{rel}","templated":true}]}}