{"id":2630,"date":"2017-04-18T18:42:59","date_gmt":"2017-04-18T16:42:59","guid":{"rendered":"https:\/\/www.andbank.com\/mnc\/qui-sommes-nous\/nos-equipes\/"},"modified":"2021-11-10T12:21:44","modified_gmt":"2021-11-10T10:21:44","slug":"struttura-governativa","status":"publish","type":"page","link":"https:\/\/pre.andbank.com\/monaco\/it\/chi-siamo\/struttura-governativa\/","title":{"rendered":"Struttura Governativa"},"content":{"rendered":"<h2>Presidenza<\/h2>\n<table style=\"max-width: 1000px;width: 95%\">\n<tbody>\n<tr>\n<td><img loading=\"lazy\" decoding=\"async\" class=\"wp-image-956 alignleft\" src=\"https:\/\/www.andbank.com\/wp-content\/uploads\/2017\/04\/Manuel-Cerqueda-Donadeu.png\" alt=\"\" width=\"150\" height=\"150\"><\/td>\n<td><\/td>\n<td style=\"width: 30%\"><strong>Manel Cerqueda Donadeu<\/strong><br \/>\nPresidente<br \/>\n<a href=\"https:\/\/www.andbank.com\/wp-content\/uploads\/sites\/10\/2017\/09\/EN-CV-MANEL-CERQUEDA-WEB.pdf\" target=\"_blank\" rel=\"noopener noreferrer\">Curriculum Vitae<\/a><\/td>\n<td><\/td>\n<td><img loading=\"lazy\" decoding=\"async\" class=\"wp-image-958 alignleft\" src=\"https:\/\/www.andbank.com\/wp-content\/uploads\/2017\/04\/Oriol-Ribas-Duro.png\" alt=\"\" width=\"150\" height=\"150\"><\/td>\n<td><\/td>\n<td style=\"width: 30%\"><strong>Oriol Ribas Dur\u00f3<\/strong><br \/>\nVicepresidente<br \/>\n<a href=\"https:\/\/www.andbank.com\/wp-content\/uploads\/sites\/10\/2017\/09\/EN-CV-ORIOL-RIBAS-WEB.pdf\" target=\"_blank\" rel=\"noopener noreferrer\">Curriculum Vitae<\/a><\/td>\n<\/tr>\n<\/tbody>\n<\/table>\n<p>&nbsp;<\/p>\n<h2>Consiglio di Amministrazione<\/h2>\n<table style=\"max-width: 1000px;width: 95%\">\n<tbody>\n<tr>\n<td><img loading=\"lazy\" decoding=\"async\" class=\" wp-image-3206 alignleft\" src=\"https:\/\/www.andbank.com\/wp-content\/uploads\/2019\/11\/carmen_arrequeta.png\" alt=\"\" width=\"153\" height=\"153\"><\/td>\n<td><\/td>\n<td style=\"width: 30%\"><strong>Carmen Aquerreta Ferraz<\/strong><br \/>\nConsigliere<br \/>\n<a href=\"https:\/\/www.andbank.com\/wp-content\/uploads\/2019\/11\/cv_carmen_aquerreta_eng.pdf\" target=\"_blank\" rel=\"noopener noreferrer\">Curriculum Vitae<\/a><\/td>\n<td><img loading=\"lazy\" decoding=\"async\" class=\"wp-image-955 alignleft\" src=\"https:\/\/www.andbank.com\/wp-content\/uploads\/2017\/04\/Manuel-Cerqueda-Diez.png\" alt=\"\" width=\"150\" height=\"150\"><\/td>\n<td><\/td>\n<td style=\"width: 30%\"><strong>Manel Cerqueda Diez<\/strong><br \/>\nConsigliere<br \/>\n<a href=\"https:\/\/www.andbank.com\/wp-content\/uploads\/2017\/04\/CV-MANEL-CERQUEDA-DIEZ-WEB-OK-ENG.pdf\" target=\"_blank\" rel=\"noopener noreferrer\">Curriculum Vitae<\/a><\/td>\n<\/tr>\n<tr>\n<td><img loading=\"lazy\" decoding=\"async\" class=\"wp-image-955 alignleft\" src=\"https:\/\/www.andbank.com\/wp-content\/uploads\/2018\/10\/gomez_acebo.png\" alt=\"\" width=\"150\" height=\"150\"><\/td>\n<td><\/td>\n<td style=\"width: 30%\"><strong>Javier G\u00f3mez Acebo Saenz De Heredia<\/strong><br \/>\nConsigliere<br \/>\n<a href=\"https:\/\/www.andbank.com\/wp-content\/uploads\/2018\/10\/CV_GOMEZ-ACEBO_ENG.pdf\" target=\"_blank\" rel=\"noopener noreferrer\">Curriculum Vitae<\/a><\/td>\n<td><img loading=\"lazy\" decoding=\"async\" class=\" wp-image-3196 alignleft\" src=\"https:\/\/www.andbank.com\/wp-content\/uploads\/sites\/10\/2017\/08\/Picture4.jpg\" alt=\"\" width=\"157\" height=\"152\"><\/td>\n<td><\/td>\n<td style=\"width: 30%\"><strong>Jorge Maortua<\/strong><br \/>\nConsigliere<br \/>\n<a href=\"https:\/\/www.andbank.com\/wp-content\/uploads\/sites\/10\/2017\/09\/EN-CV-JORGE-MAORTUA-WEB.pdf\" target=\"_blank\" rel=\"noopener noreferrer\">Curriculum Vitae<\/a><\/td>\n<\/tr>\n<tr>\n<td><img loading=\"lazy\" decoding=\"async\" class=\"wp-image-17324 alignleft\" src=\"https:\/\/www.andbank.com\/wp-content\/uploads\/2017\/04\/SERGI-PALLEROLA-GENE.png\" alt=\"Sergi Pallerola Gene\" width=\"150\" height=\"150\"><\/td>\n<td><\/td>\n<td style=\"width: 30%\"><strong>Sergi Pallerola Gene<\/strong><br \/>\nConsigliere<br \/>\n<a href=\"https:\/\/www.andbank.com\/wp-content\/uploads\/2017\/04\/Sergi-Pallerola-Gene_ANG.pdf\" target=\"_blank\" rel=\"noopener noreferrer\">Curriculum Vitae<\/a><\/td>\n<td><img loading=\"lazy\" decoding=\"async\" class=\"wp-image-957 alignleft\" src=\"https:\/\/www.andbank.com\/andorra\/wp-content\/uploads\/sites\/10\/2021\/11\/JAUME-SERRA-1.png\" alt=\"C\u00e9sar Valc\u00e1rcel\" width=\"150\" height=\"150\"><\/td>\n<td><\/td>\n<td style=\"width: 30%\"><strong>Jaume Serra Serra<\/strong><br \/>\nConsigliere<br \/>\n<a href=\"https:\/\/www.andbank.com\/andorra\/wp-content\/uploads\/sites\/10\/2021\/11\/CV-JAUME-SERRA-WEB-OK-EN.pdf\" target=\"_blank\" rel=\"noopener noreferrer\">Curriculum Vitae<\/a><\/td>\n<td><\/td>\n<\/tr>\n<tr>\n<td><img loading=\"lazy\" decoding=\"async\" class=\"wp-image-17324 alignleft\" src=\"https:\/\/www.andbank.com\/wp-content\/uploads\/2017\/04\/cesarvalcarcel-blanc-circ.png\" alt=\"Sergi Pallerola Gene\" width=\"150\" height=\"150\"><\/td>\n<td><\/td>\n<td style=\"width: 30%\"><strong>C\u00e9sar Valc\u00e1rcel Fern\u00e1ndez de la Riva<\/strong><br \/>\nConsigliere<br \/>\n<a href=\"https:\/\/www.andbank.com\/wp-content\/uploads\/2017\/04\/CV-CESAR-VALCARCEL-ESP-en-GB-convertido.pdf\" target=\"_blank\" rel=\"noopener noreferrer\">Curriculum Vitae<\/a><\/td>\n<td><img loading=\"lazy\" decoding=\"async\" class=\" wp-image-3206 alignleft\" src=\"https:\/\/www.andbank.com\/wp-content\/uploads\/2019\/11\/pablo_garcia.png\" alt=\"\" width=\"153\" height=\"153\"><\/td>\n<td><\/td>\n<td style=\"width: 30%\"><strong>Pablo Garc\u00eda Monta\u00f1\u00e9s<\/strong><br \/>\nNon-board member Secretary<br \/>\n<a href=\"https:\/\/www.andbank.com\/wp-content\/uploads\/2019\/11\/cv_pablo_garcia_eng.pdf\" target=\"_blank\" rel=\"noopener noreferrer\">Curriculum Vitae<\/a><\/td>\n<td><\/td>\n<\/tr>\n<\/tbody>\n<\/table>\n<p>&nbsp;<\/p>\n<h2>Struttura di governance<\/h2>\n<table style=\"max-width: 1000px;width: 95%\">\n<tbody>\n<tr>\n<td><img loading=\"lazy\" decoding=\"async\" class=\"wp-image-959 alignleft\" src=\"https:\/\/www.andbank.com\/monaco\/wp-content\/uploads\/sites\/20\/2021\/07\/Carlos_Aso.png\" alt=\"\" width=\"150\" height=\"150\"><\/td>\n<td><\/td>\n<td style=\"width: 30%\"><strong>Carlos Aso<\/strong><br \/>\nCEO<br \/>\n<a href=\"https:\/\/www.andbank.com\/monaco\/wp-content\/uploads\/sites\/20\/2021\/07\/CV-CARLOS-ASO-CAT-en-GB-ok.pdf\" target=\"_blank\" rel=\"noopener noreferrer\">Curriculum Vitae<\/a><\/td>\n<td><\/td>\n<td><img loading=\"lazy\" decoding=\"async\" class=\"alignnone wp-image-2466\" src=\"https:\/\/www.andbank.com\/monaco\/wp-content\/uploads\/sites\/20\/2017\/04\/Gerad-Griset-Andbank-Monaco.png\" alt=\"\" width=\"165\" height=\"165\"><\/td>\n<td><\/td>\n<td style=\"width: 30%\">&nbsp;<strong>Gerard Griseti<\/strong><br \/>\nManaging Partner Monaco<\/td>\n<\/tr>\n<\/tbody>\n<\/table>\n<p>&nbsp;<\/p>\n","protected":false},"excerpt":{"rendered":"<p>Scopra i nostri team.<\/p>\n","protected":false},"author":1,"featured_media":1098,"parent":2591,"menu_order":62,"comment_status":"closed","ping_status":"closed","template":"template-gerencia.php","meta":{"footnotes":""},"yst_prominent_words":[76,73,1697,1425,77],"class_list":["post-2630","page","type-page","status-publish","has-post-thumbnail","hentry"],"acf":[],"_links":{"self":[{"href":"https:\/\/pre.andbank.com\/monaco\/it\/wp-json\/wp\/v2\/pages\/2630"}],"collection":[{"href":"https:\/\/pre.andbank.com\/monaco\/it\/wp-json\/wp\/v2\/pages"}],"about":[{"href":"https:\/\/pre.andbank.com\/monaco\/it\/wp-json\/wp\/v2\/types\/page"}],"author":[{"embeddable":true,"href":"https:\/\/pre.andbank.com\/monaco\/it\/wp-json\/wp\/v2\/users\/1"}],"replies":[{"embeddable":true,"href":"https:\/\/pre.andbank.com\/monaco\/it\/wp-json\/wp\/v2\/comments?post=2630"}],"version-history":[{"count":0,"href":"https:\/\/pre.andbank.com\/monaco\/it\/wp-json\/wp\/v2\/pages\/2630\/revisions"}],"up":[{"embeddable":true,"href":"https:\/\/pre.andbank.com\/monaco\/it\/wp-json\/wp\/v2\/pages\/2591"}],"wp:featuredmedia":[{"embeddable":true,"href":"https:\/\/pre.andbank.com\/monaco\/it\/wp-json\/wp\/v2\/media\/1098"}],"wp:attachment":[{"href":"https:\/\/pre.andbank.com\/monaco\/it\/wp-json\/wp\/v2\/media?parent=2630"}],"wp:term":[{"taxonomy":"yst_prominent_words","embeddable":true,"href":"https:\/\/pre.andbank.com\/monaco\/it\/wp-json\/wp\/v2\/yst_prominent_words?post=2630"}],"curies":[{"name":"wp","href":"https:\/\/api.w.org\/{rel}","templated":true}]}}