{"id":2627,"date":"2017-04-19T09:18:02","date_gmt":"2017-04-19T07:18:02","guid":{"rendered":"https:\/\/www.andbank.com\/mnc\/qui-sommes-nous\/travailler-chez-andbank\/"},"modified":"2023-04-02T19:24:13","modified_gmt":"2023-04-02T17:24:13","slug":"lavorare-ad-andbank","status":"publish","type":"page","link":"https:\/\/pre.andbank.com\/monaco\/it\/chi-siamo\/lavorare-ad-andbank\/","title":{"rendered":"Lavorare ad Andbank"},"content":{"rendered":"<p>Il nostro obiettivo \u00e8 quello di attrarre i migliori talenti ovunque essi si trovino per completare la nostra squadra di professionisti altamente qualificati che condividono la nostra filosofia e i nostri valori sul lavoro.<\/p>\n<p>Se desideri fare parte di un team giovane e dinamico, dedito e appassionato al proprio lavoro, inviaci il tuo CV o <a href=\"https:\/\/www.andbank.com\/monaco\/it\/contattaci\/\">mettendoti in contatto con noi<\/a>.<\/p>\n","protected":false},"excerpt":{"rendered":"<p>Siamo una societ\u00e0 che si impegna nei confronti dei propri dipendenti, sempre a caccia delle migliori opportunit\u00e0 di formazione per garantire ai nostri clienti professionalit\u00e0 e servizi all\u2019avanguardia.<\/p>\n","protected":false},"author":18,"featured_media":1662,"parent":2591,"menu_order":84,"comment_status":"closed","ping_status":"closed","template":"template-detail.php","meta":{"footnotes":""},"yst_prominent_words":[428,187,429],"class_list":["post-2627","page","type-page","status-publish","has-post-thumbnail","hentry"],"acf":[],"_links":{"self":[{"href":"https:\/\/pre.andbank.com\/monaco\/it\/wp-json\/wp\/v2\/pages\/2627"}],"collection":[{"href":"https:\/\/pre.andbank.com\/monaco\/it\/wp-json\/wp\/v2\/pages"}],"about":[{"href":"https:\/\/pre.andbank.com\/monaco\/it\/wp-json\/wp\/v2\/types\/page"}],"author":[{"embeddable":true,"href":"https:\/\/pre.andbank.com\/monaco\/it\/wp-json\/wp\/v2\/users\/18"}],"replies":[{"embeddable":true,"href":"https:\/\/pre.andbank.com\/monaco\/it\/wp-json\/wp\/v2\/comments?post=2627"}],"version-history":[{"count":1,"href":"https:\/\/pre.andbank.com\/monaco\/it\/wp-json\/wp\/v2\/pages\/2627\/revisions"}],"predecessor-version":[{"id":6922,"href":"https:\/\/pre.andbank.com\/monaco\/it\/wp-json\/wp\/v2\/pages\/2627\/revisions\/6922"}],"up":[{"embeddable":true,"href":"https:\/\/pre.andbank.com\/monaco\/it\/wp-json\/wp\/v2\/pages\/2591"}],"wp:featuredmedia":[{"embeddable":true,"href":"https:\/\/pre.andbank.com\/monaco\/it\/wp-json\/wp\/v2\/media\/1662"}],"wp:attachment":[{"href":"https:\/\/pre.andbank.com\/monaco\/it\/wp-json\/wp\/v2\/media?parent=2627"}],"wp:term":[{"taxonomy":"yst_prominent_words","embeddable":true,"href":"https:\/\/pre.andbank.com\/monaco\/it\/wp-json\/wp\/v2\/yst_prominent_words?post=2627"}],"curies":[{"name":"wp","href":"https:\/\/api.w.org\/{rel}","templated":true}]}}