{"id":2620,"date":"2017-05-04T17:56:39","date_gmt":"2017-05-04T15:56:39","guid":{"rendered":"https:\/\/www.andbank.com\/mnc\/qui-sommes-nous\/andbank-a-monaco\/"},"modified":"2018-07-04T11:17:56","modified_gmt":"2018-07-04T09:17:56","slug":"andbank-a-monaco","status":"publish","type":"page","link":"https:\/\/pre.andbank.com\/monaco\/it\/chi-siamo\/andbank-a-monaco\/","title":{"rendered":"Andbank nel Principato di Monaco"},"content":{"rendered":"<h2>Il Principato di Monaco<\/h2>\n<p><strong>Stabilit\u00e0 e sicurezza<\/strong><\/p>\n<p>Il Principato di Monaco \u00e8 uno Stato sovrano indipendente che gode di un contesto politico stabile governato da pi\u00f9 di 700 anni dalla dinastia Grimaldi.<\/p>\n<p>Situato nel cuore della riviera francese, la sua situazione geografica \u00e8 tra le pi\u00f9 favorevoli, e la sicurezza di beni e persone \u00e8 massima.<\/p>\n<p><strong>Dinamismo economico e sociale<\/strong><\/p>\n<p>Nel Principato di Monaco, la vita economica e sociale \u00e8 particolarmente dinamica. L&#8217;agenda culturale e sportiva \u00e8 estremamente ricca e la vita sociale \u00e8 internazionale. 35.000 residenti e pi\u00f9 di 120 nazionalit\u00e0.<\/p>\n<p>La vivacit\u00e0 della sua economia si basa su di un diversificato ventaglio di settori, tra cui il commercio, la finanza, il settore immobiliare e l\u2019edilizia. Il settore industriale \u00e8 orientato decisamente verso la tecnologia: chimica, farmaceutica, cosmetica, trasformazione delle materie plastiche&#8230;<\/p>\n<p><strong>Contesto fiscale favorevole<\/strong><\/p>\n<p>Ad esclusione del caso particolare dei cittadini francesi residenti nel Principato, non vi \u00e8 tassazione diretta, n\u00e9 sul patrimonio, n\u00e9 sul reddito, n\u00e9 sulla propriet\u00e0 immobiliare e nemmeno sulla successione.<\/p>\n<p><strong>La piazza bancaria monegasca<\/strong><\/p>\n<p>La ripartizione degli attivi gestiti sulla piazza bancaria monegasca \u00e8 decisamente orientata verso gli investimenti finanziari: un terzo in depositi e due terzi in titoli. L\u2019attivit\u00e0 di finanziamento e di credito \u00e8 in costante aumento. L\u2019industria dei fondi comuni di investimento di diritto monegasco si va sviluppando sempre di pi\u00f9. \u00c9 possibile constatare un peso sempre maggiore delle professioni orientate al management e all\u2019ingegneria patrimoniale.<\/p>\n<h2>Andbank nel Principato di Monaco<\/h2>\n<p>Andbank Monaco SAM \u00e8 nata il 1\u00b0 luglio 2011 dalla volont\u00e0 del Gruppo Andbank di espandere la propria offerta dedicata alla clientela internazionale di alto livello della Banca privata.<\/p>\n<p>Andbank Monaco si avvale dell\u2019esperienza storica del proprio Gruppo per proporre ai propri clienti un ventaglio di servizi di alta qualit\u00e0. Puntiamo a costruire con ognuno dei nostri clienti un rapporto d\u2019affari duraturo basato sulla fiducia.<\/p>\n<p>Sempre attenti alle le loro esigenze, lavoriamo per offrirvi una gestione personalizzata e costruita sui loro obiettivi patrimoniali. Tutto questo con l\u2019obiettivo di proteggere e accrescere il loro patrimonio nel lungo periodo.<\/p>\n<p>Andbank Monaco condivide con il Principato di Monaco un terreno di valori comuni caratterizzato da una crescita solida, una gestione stabile, l\u2019apertura ad un mondo sempre pi\u00f9 globalizzato e un milieu bancario e finanziario interessante.<\/p>\n<p>Una squadra di banchieri esperti, dei professionisti specializzati e una Direzione attenta e qualificata sono al vostro servizio per rispondere con estrema confidenzialit\u00e0 e competenza ai vostri obiettivi patrimoniali.<\/p>\n","protected":false},"excerpt":{"rendered":"<p>Andbank Monaco SAM \u00e8 nata il 1\u00b0 luglio 2011 dalla volont\u00e0 del Gruppo Andbank di espandere la propria offerta dedicata alla clientela internazionale di alto livello della Banca privata.<\/p>\n","protected":false},"author":3,"featured_media":1272,"parent":2591,"menu_order":20,"comment_status":"closed","ping_status":"closed","template":"template-detail.php","meta":{"footnotes":""},"yst_prominent_words":[600,435,327,329,601,42,604,617,64,23,37,603,608,310,516,613,303,27,21,54],"class_list":["post-2620","page","type-page","status-publish","has-post-thumbnail","hentry"],"acf":[],"_links":{"self":[{"href":"https:\/\/pre.andbank.com\/monaco\/it\/wp-json\/wp\/v2\/pages\/2620"}],"collection":[{"href":"https:\/\/pre.andbank.com\/monaco\/it\/wp-json\/wp\/v2\/pages"}],"about":[{"href":"https:\/\/pre.andbank.com\/monaco\/it\/wp-json\/wp\/v2\/types\/page"}],"author":[{"embeddable":true,"href":"https:\/\/pre.andbank.com\/monaco\/it\/wp-json\/wp\/v2\/users\/3"}],"replies":[{"embeddable":true,"href":"https:\/\/pre.andbank.com\/monaco\/it\/wp-json\/wp\/v2\/comments?post=2620"}],"version-history":[{"count":0,"href":"https:\/\/pre.andbank.com\/monaco\/it\/wp-json\/wp\/v2\/pages\/2620\/revisions"}],"up":[{"embeddable":true,"href":"https:\/\/pre.andbank.com\/monaco\/it\/wp-json\/wp\/v2\/pages\/2591"}],"wp:featuredmedia":[{"embeddable":true,"href":"https:\/\/pre.andbank.com\/monaco\/it\/wp-json\/wp\/v2\/media\/1272"}],"wp:attachment":[{"href":"https:\/\/pre.andbank.com\/monaco\/it\/wp-json\/wp\/v2\/media?parent=2620"}],"wp:term":[{"taxonomy":"yst_prominent_words","embeddable":true,"href":"https:\/\/pre.andbank.com\/monaco\/it\/wp-json\/wp\/v2\/yst_prominent_words?post=2620"}],"curies":[{"name":"wp","href":"https:\/\/api.w.org\/{rel}","templated":true}]}}