{"id":2131,"date":"2018-01-15T14:06:06","date_gmt":"2018-01-15T12:06:06","guid":{"rendered":"https:\/\/www.andbank.com\/lxb\/?page_id=2131"},"modified":"2019-04-16T18:22:36","modified_gmt":"2019-04-16T16:22:36","slug":"mentions-legales","status":"publish","type":"page","link":"https:\/\/pre.andbank.com\/luxembourg\/cadre-reglementaire\/mentions-legales\/","title":{"rendered":"Mentions l\u00e9gales"},"content":{"rendered":"<p>Vous \u00eates actuellement connect\u00e9 au site www.andbank.lu (ci-apr\u00e8s le \u00ab\u00a0Site\u00a0\u00bb), propri\u00e9t\u00e9 de Andbank Luxembourg, S.A. (ci-apr\u00e8s \u00ab\u00a0la Banque\u00a0\u00bb), r\u00e9gi par les conditions qui suivent\u00a0:<\/p>\n<p>&nbsp;<\/p>\n<h2>Acc\u00e8s et utilisation du site<\/h2>\n<p>Le Site a pour objet de pr\u00e9senter la Banque, sa filiale Andbank Asset Management Luxembourg, S.A., leurs activit\u00e9s ainsi que les diff\u00e9rents types de produits et services propos\u00e9s par eux. Les personnes situ\u00e9es dans des juridictions o\u00f9 (pour des raisons tenant \u00e0 la nationalit\u00e9, au lieu de r\u00e9sidence ou pour toute autre raison) la publication ou la disponibilit\u00e9 du Site et des informations qu&rsquo;il contient est interdite ou restreinte, ne sont autoris\u00e9es \u00e0 y acc\u00e9der que dans la limite de la l\u00e9gislation qui leur est applicable.<\/p>\n<p>&nbsp;<\/p>\n<h2>Informations<\/h2>\n<p>Les informations diffus\u00e9es sur le Site, qu&rsquo;elles soient de nature g\u00e9n\u00e9rale ou sp\u00e9cifique sont fournies \u00e0 titre purement indicatif et non contractuel. Elles sont publi\u00e9es sans aucun engagement quant \u00e0 leur caract\u00e8re exhaustif, pr\u00e9cis et actuel. Elles ne constituent ni une recommandation, ni une offre, ni une sollicitation \u00e0 la vente, \u00e0 l&rsquo;achat ou \u00e0 la souscription de tout instrument financier. Elles n&rsquo;ont aucune valeur de conseil de gestion, financiers, en investissement, de couverture, de n\u00e9gociation, juridiques, r\u00e8glementaires, fiscaux ou comptables.<\/p>\n<p>Le fait que la Banque et ses fournisseurs d&rsquo;informations mettent les donn\u00e9es et les services du Site \u00e0 la disposition de l&rsquo;utilisateur ne signifie pas que ces services et informations ainsi que les produits d\u00e9crits sur le Site sont adapt\u00e9s ou appropri\u00e9s \u00e0 l&rsquo;utilisateur.<\/p>\n<p>Le Site peut fournir des r\u00e9f\u00e9rences ou hyperliens d&rsquo;autres sites Internet financ\u00e9s et g\u00e9r\u00e9s par des tierces personnes. Le fait que la Banque fournisse un lien vers ces sites ne signifie pas qu&rsquo;elle cautionne, finance ou soit li\u00e9e \u00e0 ces sites, respectivement \u00e0 leurs propri\u00e9taires ou exploitants. Par cons\u00e9quent, la Banque n&rsquo;assume aucune responsabilit\u00e9 concernant le contenu de ces sites.<\/p>\n<p>&nbsp;<\/p>\n<h2>Donn\u00e9es \u00e0 caract\u00e8re personnel<\/h2>\n<p>L&rsquo;acc\u00e8s \u00e0 certaines pages du Site peut \u00eatre subordonn\u00e9 \u00e0 la communication pr\u00e9alable de donn\u00e9es personnelles concernant l&rsquo;utilisateur du Site. La Banque proc\u00e8de au traitement de ces donn\u00e9es conform\u00e9ment aux prescriptions l\u00e9gales et l&rsquo;utilisateur reconna\u00eet que la Banque demeure libre d&rsquo;utiliser les donn\u00e9es le concernant dans l&rsquo;ex\u00e9cution de sa mission, et ceci, \u00e0 d\u00e9faut d&rsquo;opposition de sa part, m\u00eame aux fins de prospection.<\/p>\n<p>En vertu de la loi, l&rsquo;utilisateur dispose d&rsquo;un droit d&rsquo;acc\u00e8s aux informations le concernant, ainsi qu&rsquo;un droit de rectification de ces informations.<\/p>\n<p>&nbsp;<\/p>\n<h2>Droit d&rsquo;auteur<\/h2>\n<p>L\u2019ensemble des \u00e9l\u00e9ments figurant sur les pages du Site est la propri\u00e9t\u00e9 intellectuelle de la Banque, ou est sous licence et\/ou prot\u00e9g\u00e9 par des droits d\u2019auteurs. Toute repr\u00e9sentation, reproduction ou diffusion, int\u00e9grale ou partielle, de tout \u00e9l\u00e9ment ou du contenu du Site sur quelque support ou tout proc\u00e9d\u00e9 que ce soit, \u00e0 des fins autres que pour un usage exclusif d&rsquo;information personnel et priv\u00e9, est interdite sans autorisation expresse de la Banque. La r\u00e9f\u00e9rence ou la cr\u00e9ation d\u2019un hyperlien vers le pr\u00e9sent Site est soumise \u00e0 l\u2019accord pr\u00e9alable de la Banque.<\/p>\n<p>&nbsp;<\/p>\n<h2>Comp\u00e9tence juridique et droit applicable<\/h2>\n<p>La navigation sur le Site ainsi que les op\u00e9rations qu&rsquo;il permet d&rsquo;effectuer sont soumises \u00e0 la l\u00e9gislation luxembourgeoise. Les tribunaux du Grand-Duch\u00e9 de Luxembourg seront seuls pour conna\u00eetre des litiges \u00e9ventuels ayant trait \u00e0 l&rsquo;utilisation du Site, l&rsquo;utilisateur pouvant cependant porter le litige devant toute autre juridiction qui, \u00e0 d\u00e9faut de l&rsquo;\u00e9lection de juridiction qui pr\u00e9c\u00e8de, aurait normalement comp\u00e9tence \u00e0 son \u00e9gard.<\/p>\n","protected":false},"excerpt":{"rendered":"<p>Vous \u00eates actuellement connect\u00e9 au site www.andbank.lu (ci-apr\u00e8s le \u00ab\u00a0Site\u00a0\u00bb), propri\u00e9t\u00e9 de Andbank Luxembourg, S.A. (ci-apr\u00e8s \u00ab\u00a0la Banque\u00a0\u00bb), r\u00e9gi par les conditions qui suivent\u00a0: &nbsp; Acc\u00e8s et utilisation du site Le Site a pour objet de pr\u00e9senter la Banque, sa filiale Andbank Asset Management Luxembourg, S.A., leurs activit\u00e9s ainsi que les diff\u00e9rents types de produits [&hellip;]<\/p>\n","protected":false},"author":13,"featured_media":2335,"parent":2129,"menu_order":6,"comment_status":"closed","ping_status":"closed","template":"template-info-detail.php","meta":{"footnotes":""},"yst_prominent_words":[211,209,183,212,200,1150,186,208,1151,204,1148,394,205,911,206,213,207,210,201,1149],"class_list":["post-2131","page","type-page","status-publish","has-post-thumbnail","hentry"],"acf":[],"_links":{"self":[{"href":"https:\/\/pre.andbank.com\/luxembourg\/wp-json\/wp\/v2\/pages\/2131"}],"collection":[{"href":"https:\/\/pre.andbank.com\/luxembourg\/wp-json\/wp\/v2\/pages"}],"about":[{"href":"https:\/\/pre.andbank.com\/luxembourg\/wp-json\/wp\/v2\/types\/page"}],"author":[{"embeddable":true,"href":"https:\/\/pre.andbank.com\/luxembourg\/wp-json\/wp\/v2\/users\/13"}],"replies":[{"embeddable":true,"href":"https:\/\/pre.andbank.com\/luxembourg\/wp-json\/wp\/v2\/comments?post=2131"}],"version-history":[{"count":0,"href":"https:\/\/pre.andbank.com\/luxembourg\/wp-json\/wp\/v2\/pages\/2131\/revisions"}],"up":[{"embeddable":true,"href":"https:\/\/pre.andbank.com\/luxembourg\/wp-json\/wp\/v2\/pages\/2129"}],"wp:featuredmedia":[{"embeddable":true,"href":"https:\/\/pre.andbank.com\/luxembourg\/wp-json\/wp\/v2\/media\/2335"}],"wp:attachment":[{"href":"https:\/\/pre.andbank.com\/luxembourg\/wp-json\/wp\/v2\/media?parent=2131"}],"wp:term":[{"taxonomy":"yst_prominent_words","embeddable":true,"href":"https:\/\/pre.andbank.com\/luxembourg\/wp-json\/wp\/v2\/yst_prominent_words?post=2131"}],"curies":[{"name":"wp","href":"https:\/\/api.w.org\/{rel}","templated":true}]}}