{"id":1505,"date":"2017-07-13T13:04:59","date_gmt":"2017-07-13T11:04:59","guid":{"rendered":"https:\/\/www.andbank.com\/lxb\/banca-privada\/nuestros-servicios\/investment-advice\/"},"modified":"2019-04-08T12:43:52","modified_gmt":"2019-04-08T10:43:52","slug":"gestion-de-patrimoine","status":"publish","type":"page","link":"https:\/\/pre.andbank.com\/luxembourg\/banque-privee\/services-investissement\/gestion-de-patrimoine\/","title":{"rendered":"Gestion de patrimoine"},"content":{"rendered":"<h2>Qu\u2019est-ce que le conseil en placement\u00a0?<\/h2>\n<p>Il s\u2019agit de la recommandation <strong>personnalis\u00e9e<\/strong> de produits financiers.<\/p>\n<p>Le prestataire de services propose des id\u00e9es de placement et le client <strong>d\u00e9cide<\/strong>  de suivre ou non la recommandation.<\/p>\n<p>&nbsp;<\/p>\n<h2>Qu\u2019est-ce que nous offrons ?<\/h2>\n<p>Notre approche en mati\u00e8re de conseil en investissement repose sur trois niveaux\u00a0:<\/p>\n<ul>\n<li>Les recommandations sont adapt\u00e9es au profil de risque, aux objectifs et aux connaissances de nos clients.<\/li>\n<li>Elles reposent sur la vision strat\u00e9gique de l\u2019\u00e9quipe exp\u00e9riment\u00e9e d\u2019\u00e9conomistes du Groupe Andbank.<\/li>\n<li>Des actifs s\u00e9lectionn\u00e9s par chacune de nos \u00e9quipes sp\u00e9cialis\u00e9es dans les cat\u00e9gories d\u2019actifs.<\/li>\n<li>Un contact <strong>r\u00e9gulier<\/strong><span style=\"background-color: #ffffff\"> avec votre banquier priv\u00e9 pour le suivi et l\u2019\u00e9valuation de votre portefeuille.<\/span><\/li>\n<li><strong>Acc\u00e8s direct<\/strong><span style=\"background-color: #ffffff\"> \u00e0 notre \u00e9quipe de placement.<\/span><\/li>\n<li>Des <strong>informations<\/strong> d\u00e9taill\u00e9es et transparentes<span style=\"background-color: #ffffff\"> concernant les portefeuilles du client via notre service en ligne.<\/span><\/li>\n<\/ul>\n","protected":false},"excerpt":{"rendered":"<p>Nous sommes une banque familiale, ce qui nous conf\u00e8re un avantage concurrentiel cl\u00e9 qui prouve que nous partageons les m\u00eames int\u00e9r\u00eats que nos clients.<\/p>\n","protected":false},"author":1,"featured_media":2198,"parent":1188,"menu_order":21,"comment_status":"closed","ping_status":"closed","template":"template-detail.php","meta":{"footnotes":""},"yst_prominent_words":[887,683,884,885,183,212,828,186,719,886,208,721,707,287,889,891,888,760,890,313],"class_list":["post-1505","page","type-page","status-publish","has-post-thumbnail","hentry"],"acf":[],"_links":{"self":[{"href":"https:\/\/pre.andbank.com\/luxembourg\/wp-json\/wp\/v2\/pages\/1505"}],"collection":[{"href":"https:\/\/pre.andbank.com\/luxembourg\/wp-json\/wp\/v2\/pages"}],"about":[{"href":"https:\/\/pre.andbank.com\/luxembourg\/wp-json\/wp\/v2\/types\/page"}],"author":[{"embeddable":true,"href":"https:\/\/pre.andbank.com\/luxembourg\/wp-json\/wp\/v2\/users\/1"}],"replies":[{"embeddable":true,"href":"https:\/\/pre.andbank.com\/luxembourg\/wp-json\/wp\/v2\/comments?post=1505"}],"version-history":[{"count":0,"href":"https:\/\/pre.andbank.com\/luxembourg\/wp-json\/wp\/v2\/pages\/1505\/revisions"}],"up":[{"embeddable":true,"href":"https:\/\/pre.andbank.com\/luxembourg\/wp-json\/wp\/v2\/pages\/1188"}],"wp:featuredmedia":[{"embeddable":true,"href":"https:\/\/pre.andbank.com\/luxembourg\/wp-json\/wp\/v2\/media\/2198"}],"wp:attachment":[{"href":"https:\/\/pre.andbank.com\/luxembourg\/wp-json\/wp\/v2\/media?parent=1505"}],"wp:term":[{"taxonomy":"yst_prominent_words","embeddable":true,"href":"https:\/\/pre.andbank.com\/luxembourg\/wp-json\/wp\/v2\/yst_prominent_words?post=1505"}],"curies":[{"name":"wp","href":"https:\/\/api.w.org\/{rel}","templated":true}]}}