{"id":1503,"date":"2017-07-13T13:37:00","date_gmt":"2017-07-13T11:37:00","guid":{"rendered":"https:\/\/www.andbank.com\/lxb\/banca-privada\/gestion-patrimonial\/credito-lombard\/"},"modified":"2019-04-08T12:56:53","modified_gmt":"2019-04-08T10:56:53","slug":"credits-lombard","status":"publish","type":"page","link":"https:\/\/pre.andbank.com\/luxembourg\/banque-privee\/financement\/credits-lombard\/","title":{"rendered":"Cr\u00e9dits Lombard"},"content":{"rendered":"<p>Les cr\u00e9dits Lombard sont une solution int\u00e9ressante qui permet \u00e0 nos clients d\u2019acc\u00e9der \u00e0 de nouveaux capitaux via le nantissement d\u2019un portefeuille existant d\u2019actifs financiers d\u00e9tenus par Andbank Luxembourg ou une autre entit\u00e9 financi\u00e8re.<\/p>\n<p>Les s\u00fbret\u00e9s fournies par le client \u00e0 titre de garantie nous permettent d\u2019offrir \u00e0 nos clients des taux d\u2019int\u00e9r\u00eat int\u00e9ressants et comp\u00e9titifs.<\/p>\n<p>Le montant accord\u00e9 d\u00e9pend des actifs du portefeuille sous-jacent (c\u2019est-\u00e0-dire la s\u00fbret\u00e9). Plus les actifs sous-jacents sont liquides et moins ils sont risqu\u00e9s, plus le montant pouvant \u00eatre accord\u00e9 est \u00e9lev\u00e9.<\/p>\n<p>Notre approche conservatrice ax\u00e9e sur le risque nous permet d\u2019offrir au client des propositions int\u00e9ressantes tout en maintenant des taux de solvabilit\u00e9 \u00e9lev\u00e9s, ce qui am\u00e9liore la s\u00e9curit\u00e9 de nos d\u00e9posants.<\/p>\n<p>&nbsp;<\/p>\n<h2>Cr\u00e9dits Lombard \u00e0 effet de levier<\/h2>\n<p>Les cr\u00e9dits Lombard \u00e0 effet de levier permettent de profiter des opportunit\u00e9s du march\u00e9 via le nantissement de votre portefeuille existant afin d\u2019optimiser votre investissement.<\/p>\n<p>De meilleures conditions de financement sont offertes aux clients qui souhaitent optimiser un portefeuille d\u00e9j\u00e0 g\u00e9r\u00e9 par Andbank Luxembourg.<\/p>\n<p>&nbsp;<\/p>\n<h2>Disposition cr\u00e9dits Lombard<\/h2>\n<p>Les cr\u00e9dits Lombard vous permettent de financer vos projets \u00e0 des taux d\u2019int\u00e9r\u00eat tr\u00e8s comp\u00e9titifs tout en continuant \u00e0 b\u00e9n\u00e9ficier de la plus-value potentielle du capital de votre portefeuille.<\/p>\n","protected":false},"excerpt":{"rendered":"<p>R\u00e9pondre \u00e0 vos besoins de liquidit\u00e9 gr\u00e2ce au cr\u00e9dit Lombard.<\/p>\n","protected":false},"author":1,"featured_media":2205,"parent":1185,"menu_order":14,"comment_status":"closed","ping_status":"closed","template":"template-detail.php","meta":{"footnotes":""},"yst_prominent_words":[19,258,139,1523,906,904,907,1530,697,1520,900,1529,1527,1525,1524,1521,1526,1522,1528,1519],"class_list":["post-1503","page","type-page","status-publish","has-post-thumbnail","hentry"],"acf":[],"_links":{"self":[{"href":"https:\/\/pre.andbank.com\/luxembourg\/wp-json\/wp\/v2\/pages\/1503"}],"collection":[{"href":"https:\/\/pre.andbank.com\/luxembourg\/wp-json\/wp\/v2\/pages"}],"about":[{"href":"https:\/\/pre.andbank.com\/luxembourg\/wp-json\/wp\/v2\/types\/page"}],"author":[{"embeddable":true,"href":"https:\/\/pre.andbank.com\/luxembourg\/wp-json\/wp\/v2\/users\/1"}],"replies":[{"embeddable":true,"href":"https:\/\/pre.andbank.com\/luxembourg\/wp-json\/wp\/v2\/comments?post=1503"}],"version-history":[{"count":0,"href":"https:\/\/pre.andbank.com\/luxembourg\/wp-json\/wp\/v2\/pages\/1503\/revisions"}],"up":[{"embeddable":true,"href":"https:\/\/pre.andbank.com\/luxembourg\/wp-json\/wp\/v2\/pages\/1185"}],"wp:featuredmedia":[{"embeddable":true,"href":"https:\/\/pre.andbank.com\/luxembourg\/wp-json\/wp\/v2\/media\/2205"}],"wp:attachment":[{"href":"https:\/\/pre.andbank.com\/luxembourg\/wp-json\/wp\/v2\/media?parent=1503"}],"wp:term":[{"taxonomy":"yst_prominent_words","embeddable":true,"href":"https:\/\/pre.andbank.com\/luxembourg\/wp-json\/wp\/v2\/yst_prominent_words?post=1503"}],"curies":[{"name":"wp","href":"https:\/\/api.w.org\/{rel}","templated":true}]}}