{"id":1502,"date":"2017-07-13T13:50:53","date_gmt":"2017-07-13T11:50:53","guid":{"rendered":"https:\/\/www.andbank.com\/lxb\/banca-privada\/gestion-patrimonial\/tarjetas-de-credito\/"},"modified":"2019-03-11T11:39:30","modified_gmt":"2019-03-11T09:39:30","slug":"cartes-de-credit","status":"publish","type":"page","link":"https:\/\/pre.andbank.com\/luxembourg\/banque-privee\/financement\/cartes-de-credit\/","title":{"rendered":"Cartes de cr\u00e9dit"},"content":{"rendered":"<p>Une carte Andbank Visa Platinum peut \u00eatre souscrite par nos clients. Votre carte de cr\u00e9dit vous offre une gamme compl\u00e8te d\u2019avantages tels que\u00a0:<\/p>\n<ul>\n<li>Financement de vos achats et d\u00e9penses \u00e0 court terme avec peu ou pas de commissions ou de frais \u00e0 payer.<\/li>\n<li>Protection en cas d\u2019utilisation frauduleuse.<\/li>\n<li>Achats multi-devises dans le monde entier.<\/li>\n<li>Avantages de l\u2019adh\u00e9sion Premium tels qu\u2019une assistance et une couverture \u00e9tendues, une assurance vie et un service de conciergerie.<\/li>\n<\/ul>\n","protected":false},"excerpt":{"rendered":"<p>Votre carte de cr\u00e9dit vous offre une gamme compl\u00e8te d\u2019avantages.<\/p>\n","protected":false},"author":1,"featured_media":2211,"parent":1185,"menu_order":16,"comment_status":"closed","ping_status":"closed","template":"template-detail.php","meta":{"footnotes":""},"yst_prominent_words":[910,908,186,911,909,233],"class_list":["post-1502","page","type-page","status-publish","has-post-thumbnail","hentry"],"acf":[],"_links":{"self":[{"href":"https:\/\/pre.andbank.com\/luxembourg\/wp-json\/wp\/v2\/pages\/1502"}],"collection":[{"href":"https:\/\/pre.andbank.com\/luxembourg\/wp-json\/wp\/v2\/pages"}],"about":[{"href":"https:\/\/pre.andbank.com\/luxembourg\/wp-json\/wp\/v2\/types\/page"}],"author":[{"embeddable":true,"href":"https:\/\/pre.andbank.com\/luxembourg\/wp-json\/wp\/v2\/users\/1"}],"replies":[{"embeddable":true,"href":"https:\/\/pre.andbank.com\/luxembourg\/wp-json\/wp\/v2\/comments?post=1502"}],"version-history":[{"count":0,"href":"https:\/\/pre.andbank.com\/luxembourg\/wp-json\/wp\/v2\/pages\/1502\/revisions"}],"up":[{"embeddable":true,"href":"https:\/\/pre.andbank.com\/luxembourg\/wp-json\/wp\/v2\/pages\/1185"}],"wp:featuredmedia":[{"embeddable":true,"href":"https:\/\/pre.andbank.com\/luxembourg\/wp-json\/wp\/v2\/media\/2211"}],"wp:attachment":[{"href":"https:\/\/pre.andbank.com\/luxembourg\/wp-json\/wp\/v2\/media?parent=1502"}],"wp:term":[{"taxonomy":"yst_prominent_words","embeddable":true,"href":"https:\/\/pre.andbank.com\/luxembourg\/wp-json\/wp\/v2\/yst_prominent_words?post=1502"}],"curies":[{"name":"wp","href":"https:\/\/api.w.org\/{rel}","templated":true}]}}