{"id":1501,"date":"2017-07-13T12:56:29","date_gmt":"2017-07-13T10:56:29","guid":{"rendered":"https:\/\/www.andbank.com\/lxb\/asset-management\/estructura-corporativa\/"},"modified":"2021-03-04T14:10:38","modified_gmt":"2021-03-04T12:10:38","slug":"information-sur-la-societe","status":"publish","type":"page","link":"https:\/\/pre.andbank.com\/luxembourg\/gestion-dactifs\/information-sur-la-societe\/","title":{"rendered":"Information sur la Soci\u00e9t\u00e9"},"content":{"rendered":"<h2>Andbank Asset Management Luxembourg S.A<\/h2>\n<p>&nbsp;<\/p>\n<p><strong>Si\u00e8ge Social\u00a0:<\/strong><\/p>\n<p>4, rue Jean Monnet. L-2180 Luxembourg. Grand-Duch\u00e9 Luxembourg<\/p>\n<p>&nbsp;<\/p>\n<p><strong>Conseil d\u2019administration\u00a0:<\/strong><\/p>\n<ul>\n<li>C\u00e9sar Valcarcel \u2013 Pr\u00e9sident<\/li>\n<li>Ricardo Rodr\u00edguez Fernandez \u2013 Administrateur<\/li>\n<li>Ivan Baile Santolaria \u2013 Administrateur<\/li>\n<li>Alain Leonard \u2013 Administrateur<\/li>\n<li>Philippe Esser \u2013 Administrateur<\/li>\n<\/ul>\n<p>&nbsp;<\/p>\n<p>Immatricul\u00e9e aupr\u00e8s du Registre du Commerce et des Soci\u00e9t\u00e9s de Luxembourg sous\u00a0\u00a0 le n\u00ba B 147174S.<\/p>\n<p>Soci\u00e9t\u00e9 de Gestion autoris\u00e9e et surveill\u00e9 par la commission de surveillance financier (CSSF), 283, route d\u2019Arlon, L-1150\u00a0 Luxembourg.<\/p>\n","protected":false},"excerpt":{"rendered":"<p>Andbank Asset Management est une soci\u00e9t\u00e9 de gestion de fonds de placement t\u00e9moignant d\u2019un engagement en faveur du service de particuliers, d\u2019entreprises et d\u2019institutions.<\/p>\n","protected":false},"author":1,"featured_media":2268,"parent":1234,"menu_order":112,"comment_status":"closed","ping_status":"closed","template":"template-detail.php","meta":{"footnotes":""},"yst_prominent_words":[185,184],"class_list":["post-1501","page","type-page","status-publish","has-post-thumbnail","hentry"],"acf":[],"_links":{"self":[{"href":"https:\/\/pre.andbank.com\/luxembourg\/wp-json\/wp\/v2\/pages\/1501"}],"collection":[{"href":"https:\/\/pre.andbank.com\/luxembourg\/wp-json\/wp\/v2\/pages"}],"about":[{"href":"https:\/\/pre.andbank.com\/luxembourg\/wp-json\/wp\/v2\/types\/page"}],"author":[{"embeddable":true,"href":"https:\/\/pre.andbank.com\/luxembourg\/wp-json\/wp\/v2\/users\/1"}],"replies":[{"embeddable":true,"href":"https:\/\/pre.andbank.com\/luxembourg\/wp-json\/wp\/v2\/comments?post=1501"}],"version-history":[{"count":0,"href":"https:\/\/pre.andbank.com\/luxembourg\/wp-json\/wp\/v2\/pages\/1501\/revisions"}],"up":[{"embeddable":true,"href":"https:\/\/pre.andbank.com\/luxembourg\/wp-json\/wp\/v2\/pages\/1234"}],"wp:featuredmedia":[{"embeddable":true,"href":"https:\/\/pre.andbank.com\/luxembourg\/wp-json\/wp\/v2\/media\/2268"}],"wp:attachment":[{"href":"https:\/\/pre.andbank.com\/luxembourg\/wp-json\/wp\/v2\/media?parent=1501"}],"wp:term":[{"taxonomy":"yst_prominent_words","embeddable":true,"href":"https:\/\/pre.andbank.com\/luxembourg\/wp-json\/wp\/v2\/yst_prominent_words?post=1501"}],"curies":[{"name":"wp","href":"https:\/\/api.w.org\/{rel}","templated":true}]}}