{"id":1493,"date":"2017-07-12T14:09:59","date_gmt":"2017-07-12T12:09:59","guid":{"rendered":"https:\/\/www.andbank.com\/lxb\/asset-management\/services\/"},"modified":"2019-04-08T13:18:10","modified_gmt":"2019-04-08T11:18:10","slug":"services-et-produits","status":"publish","type":"page","link":"https:\/\/pre.andbank.com\/luxembourg\/gestion-dactifs\/services-et-produits\/","title":{"rendered":"Services et Produits"},"content":{"rendered":"<p><strong>Andbank Asset Management Luxembourg<\/strong> propose des solutions pour l\u2019\u00e9tablissement, la supervision et la d\u00e9l\u00e9gation de tous services li\u00e9s aux soci\u00e9t\u00e9s de gestion, incluant le montage complet de votre Fonds d\u2019investissement, le Risk Management, la mise \u00e0 disposition de Directeur et de l\u2019environnement complet n\u00e9cessaire \u00e0 la bonne administration et conservation de votre fonds d\u2019investissement.<\/p>\n<p>Andbank Asset Management Luxembourg est \u00e9galement autoris\u00e9 par la CSSF comme un gestionnaire de fonds d\u2019investissement alternatifs (GFIA) conform\u00e9ment aux dispositions de la Loi sur les gestionnaires de fonds d\u2019investissement du 12 juillet 2013.<\/p>\n<p>Andbank Asset Management Luxembourg fournit \u00e9galement un service complet de marketing des fonds d\u2019investissement sur les principales places financi\u00e8res \u00e9trang\u00e8res.<\/p>\n<p>&nbsp;<br \/>\n<strong>Que ce soit pour votre Fonds ou pour l\u2019un des compartiments que nous aurons mis \u00e0 votre disposition vous aurez:<\/strong><\/p>\n<ul>\n<li>Un acc\u00e8s aux contr\u00f4les des r\u00e8gles d\u2019investissement\u00a0 (ex-ante ou ex-post selon les cas) et de la gestion des risques pour vos portefeuilles.<\/li>\n<li>Une mise \u00e0 disposition de directeurs confirm\u00e9s agr\u00e9\u00e9s par la CSSF pour les conseils d\u2019administration et la gouvernance de vos fonds.<\/li>\n<li>Un acc\u00e8s \u00e0 nos services de support \u00e0 la distribution et marketing pour mener \u00e0 bien la collecte de fonds et les relations clients.<\/li>\n<\/ul>\n<p>&nbsp;<br \/>\n<strong>Andbank Asset Management Luxembourg vous propose \u00e9galement une s\u00e9lection des meilleures contreparties et assure la supervision compl\u00e8te des fonctions d\u00e9l\u00e9gu\u00e9es. Nous assistons nos clients dans la s\u00e9lection de prestataires de services tels que:<\/strong><\/p>\n<ul>\n<li>La comptabilit\u00e9 de fonds<\/li>\n<li>L\u2019agent de transfert<\/li>\n<li>Audit<\/li>\n<li>Repr\u00e9sentants l\u00e9gaux, Agents payeurs et Agents taxes pour les pays de distributions.<\/li>\n<\/ul>\n<p>&nbsp;<\/p>\n<h2>Conseil et suivi juridique et op\u00e9rationnel<\/h2>\n<p>Lors de la cr\u00e9ation de votre fonds d\u2019investissement:<\/p>\n<ul>\n<li>Nous vous conseillerons sur la faisabilit\u00e9 de vos projets, les erreurs \u00e0 \u00e9viter et les meilleures solutions pour atteindre vos objectifs.<\/li>\n<li>Notre d\u00e9partement l\u00e9gal vous accompagnera lors de la pr\u00e9paration du dossier d\u2019agr\u00e9ment et dans les n\u00e9gociations avec les autorit\u00e9s de contr\u00f4le.<\/li>\n<li>Nos \u00e9quipes de juristes assureront la mise en place juridique et op\u00e9rationnelle de votre projet au meilleur prix.<\/li>\n<\/ul>\n<p>&nbsp;<\/p>\n<h2>Domiciliation<\/h2>\n<p>Andbank Asset Management Luxembourg assure le secr\u00e9tariat en conformit\u00e9 avec les exigences l\u00e9gales et administratives impos\u00e9es par la Loi luxembourgeoise sur les soci\u00e9t\u00e9s (la Loi du 10 ao\u00fbt 1915 modifi\u00e9 sur les soci\u00e9t\u00e9s commerciales).<\/p>\n<p>&nbsp;<\/p>\n<h2>Structures et produits<\/h2>\n<p>Nous vous proposons la cr\u00e9ation de votre Fonds sous les formes juridiques suivantes :<\/p>\n<p><\/strong><br \/>\n<strong>Fonds Luxembourgeois:<\/strong><\/p>\n<ul>\n<li>Fonds UCITS ( OPCVM)<\/li>\n<li>Fonds partie II la loi de 2010<\/li>\n<li>FIS<\/li>\n<li>SICAR<\/li>\n<\/ul>\n<p>&nbsp;<br \/>\n<strong>Sous les formes suivantes:<\/strong><\/p>\n<ul>\n<li>FCP Fonds commun de placement \/ SICAV Soci\u00e9t\u00e9 d\u2019investissement \u00e0 capital variable<\/li>\n<\/ul>\n<p><\/strong><br \/>\n<strong>Pour les strat\u00e9gies d\u2019investissement suivantes:<\/strong><\/p>\n<ul>\n<li>Actions, Obligations, Mixte, Mon\u00e9taire, Produits d\u00e9riv\u00e9, Produits structur\u00e9s.<\/li>\n<li>Immobilier<\/li>\n<li>Hedge Funds.<\/li>\n<\/ul>\n","protected":false},"excerpt":{"rendered":"<p>Andbank Asset Management est une soci\u00e9t\u00e9 de gestion de fonds de placement t\u00e9moignant d\u2019un engagement en faveur du service de particuliers, d\u2019entreprises et d\u2019institutions.<\/p>\n","protected":false},"author":1,"featured_media":2254,"parent":1234,"menu_order":47,"comment_status":"closed","ping_status":"closed","template":"template-detail.php","meta":{"footnotes":""},"yst_prominent_words":[19,306,177,175,439,182,176,303,293,1563,181,1560,184,154,305,1562,978,232,140,1561],"class_list":["post-1493","page","type-page","status-publish","has-post-thumbnail","hentry"],"acf":[],"_links":{"self":[{"href":"https:\/\/pre.andbank.com\/luxembourg\/wp-json\/wp\/v2\/pages\/1493"}],"collection":[{"href":"https:\/\/pre.andbank.com\/luxembourg\/wp-json\/wp\/v2\/pages"}],"about":[{"href":"https:\/\/pre.andbank.com\/luxembourg\/wp-json\/wp\/v2\/types\/page"}],"author":[{"embeddable":true,"href":"https:\/\/pre.andbank.com\/luxembourg\/wp-json\/wp\/v2\/users\/1"}],"replies":[{"embeddable":true,"href":"https:\/\/pre.andbank.com\/luxembourg\/wp-json\/wp\/v2\/comments?post=1493"}],"version-history":[{"count":0,"href":"https:\/\/pre.andbank.com\/luxembourg\/wp-json\/wp\/v2\/pages\/1493\/revisions"}],"up":[{"embeddable":true,"href":"https:\/\/pre.andbank.com\/luxembourg\/wp-json\/wp\/v2\/pages\/1234"}],"wp:featuredmedia":[{"embeddable":true,"href":"https:\/\/pre.andbank.com\/luxembourg\/wp-json\/wp\/v2\/media\/2254"}],"wp:attachment":[{"href":"https:\/\/pre.andbank.com\/luxembourg\/wp-json\/wp\/v2\/media?parent=1493"}],"wp:term":[{"taxonomy":"yst_prominent_words","embeddable":true,"href":"https:\/\/pre.andbank.com\/luxembourg\/wp-json\/wp\/v2\/yst_prominent_words?post=1493"}],"curies":[{"name":"wp","href":"https:\/\/api.w.org\/{rel}","templated":true}]}}