{"id":13370,"date":"2021-11-05T01:43:26","date_gmt":"2021-11-04T23:43:26","guid":{"rendered":"https:\/\/www.andbank.com\/luxembourg\/?page_id=13370"},"modified":"2024-07-15T13:06:53","modified_gmt":"2024-07-15T11:06:53","slug":"psd2","status":"publish","type":"page","link":"https:\/\/pre.andbank.com\/luxembourg\/cadre-reglementaire\/psd2\/","title":{"rendered":"PSD2"},"content":{"rendered":"<h2>Mise \u00e0 disposition de l\u2019interface de programmation applicative (API)<\/h2>\n<p>Dans le cadre des exigences l\u00e9gales de la directive europ\u00e9enne PSD2, Andbank Luxembourg met \u00e0 disposition la documentation technique de l\u2019interface de programmation applicative (API), bas\u00e9e sur le standard Berlin Group, ainsi qu\u2019un environnement de test accessible via la plateforme LuxHub, qui assure le r\u00f4le d\u2019interm\u00e9diaire entre la Banque et les fournisseurs tiers (TPP).<\/p>\n<p>Pour toute information sur la d\u00e9marche, les d\u00e9tails techniques, ainsi que la proc\u00e9dure d\u2019int\u00e9gration, veuillez consulter la page suivante :\u00a0<a href=\"https:\/\/developer.luxhub.com\/\">https:\/\/developer.luxhub.com\/<\/a><\/p>\n<p>&nbsp;<\/p>\n<h2>Utiliser les statistiques<\/h2>\n<p>T\u00e9l\u00e9chargez les statistiques pour voir, en d\u00e9tail, le niveau de disponibilit\u00e9, le temps de r\u00e9ponse moyen et le pourcentage de fonctionnement optimal de nos API.<\/p>\n<p>&nbsp;<\/p>\n<div style=\"text-align: center\"><a class=\"main-button\" href=\"https:\/\/www.andbank.com\/luxembourg\/wp-content\/uploads\/sites\/24\/2024\/07\/Q22024-KPI.pdf\" target=\"_blank\" rel=\"noopener\">T\u00e9l\u00e9charger<\/a><\/div>\n","protected":false},"excerpt":{"rendered":"<p>Mise \u00e0 disposition de l\u2019interface de programmation applicative (API) Dans le cadre des exigences l\u00e9gales de la directive europ\u00e9enne PSD2, Andbank Luxembourg met \u00e0 disposition la documentation technique de l\u2019interface de programmation applicative (API), bas\u00e9e sur le standard Berlin Group, ainsi qu\u2019un environnement de test accessible via la plateforme LuxHub, qui assure le r\u00f4le d\u2019interm\u00e9diaire [&hellip;]<\/p>\n","protected":false},"author":28,"featured_media":0,"parent":2129,"menu_order":0,"comment_status":"closed","ping_status":"closed","template":"template-info-detail.php","meta":{"footnotes":""},"yst_prominent_words":[1563],"class_list":["post-13370","page","type-page","status-publish","hentry"],"acf":[],"_links":{"self":[{"href":"https:\/\/pre.andbank.com\/luxembourg\/wp-json\/wp\/v2\/pages\/13370"}],"collection":[{"href":"https:\/\/pre.andbank.com\/luxembourg\/wp-json\/wp\/v2\/pages"}],"about":[{"href":"https:\/\/pre.andbank.com\/luxembourg\/wp-json\/wp\/v2\/types\/page"}],"author":[{"embeddable":true,"href":"https:\/\/pre.andbank.com\/luxembourg\/wp-json\/wp\/v2\/users\/28"}],"replies":[{"embeddable":true,"href":"https:\/\/pre.andbank.com\/luxembourg\/wp-json\/wp\/v2\/comments?post=13370"}],"version-history":[{"count":14,"href":"https:\/\/pre.andbank.com\/luxembourg\/wp-json\/wp\/v2\/pages\/13370\/revisions"}],"predecessor-version":[{"id":15022,"href":"https:\/\/pre.andbank.com\/luxembourg\/wp-json\/wp\/v2\/pages\/13370\/revisions\/15022"}],"up":[{"embeddable":true,"href":"https:\/\/pre.andbank.com\/luxembourg\/wp-json\/wp\/v2\/pages\/2129"}],"wp:attachment":[{"href":"https:\/\/pre.andbank.com\/luxembourg\/wp-json\/wp\/v2\/media?parent=13370"}],"wp:term":[{"taxonomy":"yst_prominent_words","embeddable":true,"href":"https:\/\/pre.andbank.com\/luxembourg\/wp-json\/wp\/v2\/yst_prominent_words?post=13370"}],"curies":[{"name":"wp","href":"https:\/\/api.w.org\/{rel}","templated":true}]}}