{"id":1254,"date":"2017-04-03T13:31:46","date_gmt":"2017-04-03T11:31:46","guid":{"rendered":"https:\/\/www.andbank.com\/lxb\/politica-de-cookies\/"},"modified":"2019-05-28T17:39:12","modified_gmt":"2019-05-28T15:39:12","slug":"politique-de-cookies","status":"publish","type":"page","link":"https:\/\/pre.andbank.com\/luxembourg\/cadre-reglementaire\/politique-de-cookies\/","title":{"rendered":"Politique de cookies"},"content":{"rendered":"<h2>POLITIQUE EN MATI\u00c8RE DE COOKIES<\/h2>\n<p>Andbank est \u00e0 l\u2019\u00e9coute de vos attentes et cherche \u00e0 gagner votre confiance. C\u2019est pourquoi nous souhaitons vous fournir des informations claires sur notre politique d\u2019envoi de cookies de ce site Internet vers votre ordinateur, dans la mesure o\u00f9 vos informations personnelles sont concern\u00e9es.<\/p>\n<p>&nbsp;<\/p>\n<h2>Que sont les cookies?<\/h2>\n<p>Les cookies sont de petits fichiers texte, image ou logiciel plac\u00e9s et stock\u00e9s sur le disque dur de votre ordinateur, tablette, smartphone ou autres appareils ayant un acc\u00e8s Internet (\u00ab\u2009ordinateur\u2009\u00bb) lorsque vous visitez un site Internet. Ils sont tr\u00e8s utiles parce qu\u2019ils permettent \u00e0 un site Internet de vous reconna\u00eetre vous, mais \u00e9galement vos d\u00e9placements de page en page, et fournissent ainsi un service suppl\u00e9mentaire pour am\u00e9liorer votre exp\u00e9rience utilisateur. Il s\u2019agit d\u2019am\u00e9liorer votre confort de navigation, de fournir une connexion s\u00e9curis\u00e9e et d\u2019adapter le contenu des pages \u00e0 vos int\u00e9r\u00eats.<\/p>\n<p>&nbsp;<\/p>\n<h2>Quel est leur but?<\/h2>\n<p>Les cookies permettent aux sites Internet de \u00ab\u2009reconna\u00eetre\u2009\u00bb votre appareil, de signaler que vous consultez une certaine page et de personnaliser les informations que vous voyez. Lorsque vous visitez notre site Internet, par exemple, ils adaptent l\u2019information et les services offerts selon vos int\u00e9r\u00eats, pour vous fournir une meilleure exp\u00e9rience et obtenir des informations analytiques sur la navigation.<\/p>\n<p>&nbsp;<\/p>\n<h2>Quels types de cookies existent?<\/h2>\n<p>Un cookie peut \u00eatre class\u00e9 en fonction de son but, de sa dur\u00e9e de vie et du domaine auquel il appartient. Les cookies peuvent servir \u00e0 diff\u00e9rentes fins, telles que:<\/p>\n<ul>\n<li>Les cookies permettant le bon fonctionnement d\u2019un site Internet ou d\u2019une application.<\/li>\n<li>Les cookies permettant d\u2019enregistrer certaines pr\u00e9f\u00e9rences ou historiques afin que vous puissiez naviguer facilement sur le site Internet sans avoir \u00e0 inscrire \u00e0 nouveau de telles informations lors d\u2019une prochaine visite (conservant la langue choisie, les noms d\u2019utilisateurs, les mots de passe, etc.).\n<\/li>\n<li>Les cookies pouvant analyser votre comportement sur le site Internet pour mieux comprendre vos besoins, adapter notre site Internet en cons\u00e9quence et vous fournir une meilleure exp\u00e9rience utilisateur (quelles pages avez-vous consult\u00e9es et pendant combien de temps, nombre de visites du site Internet, \u00e0 partir de quel endroit, etc.).<\/li>\n<p>&nbsp;<br \/>\n<strong>Par dur\u00e9e de vie, un cookie est soit un:<\/strong><\/p>\n<li><strong>Cookie de session:\u00a0<\/strong>qui est effac\u00e9 lorsque l\u2019utilisateur ferme le navigateur; ou<\/li>\n<li><strong>Cookie permanent:\u00a0<\/strong>qui reste sur l\u2019ordinateur\/appareil de l\u2019utilisateur pendant une p\u00e9riode de temps pr\u00e9d\u00e9finie. Quant au domaine auquel il appartient, il y en a deux:<\/li>\n<li><strong>First-party cookies (ou cookies d\u2019origine):\u00a0<\/strong>qui sont d\u00e9finis par le serveur web de la page visit\u00e9e et partagent le m\u00eame domaine<\/li>\n<li><strong>Third-party cookies (ou cookies tiers): <\/strong>stock\u00e9 par un domaine diff\u00e9rent de celui de la page visit\u00e9e.<\/li>\n<\/ul>\n<p>&nbsp;<\/p>\n<h2>Quel type de cookies ce site Internet utilise-t-il?<\/h2>\n<p>Nous utilisons des cookies pour personnaliser l\u2019exp\u00e9rience de nos clients sur nos sites Internet. Ils nous indiquent quelles pages sont les plus visit\u00e9es, nous aident \u00e0 mesurer l\u2019efficacit\u00e9 de la publicit\u00e9 et des recherches Internet, et nous donnent une id\u00e9e de la fa\u00e7on dont les utilisateurs interagissent avec nos sites Internet.<\/p>\n<p>Le site Internet d\u2019Andbank utilise des cookies pour:<\/p>\n<ul>\n<li><strong>S\u2019assurer que les sites Internet fonctionnent correctement.<\/strong><\/li>\n<li><strong>Stocker vos pr\u00e9f\u00e9rences, telles que la langue s\u00e9lectionn\u00e9e.<\/strong><\/li>\n<li><strong>Conna\u00eetre votre exp\u00e9rience de navigation.<\/strong><\/li>\n<li><strong>Recueillir des informations statistiques anonymes, telles que les pages visit\u00e9es ou la dur\u00e9e de la navigation sur notre site Internet.<\/strong><\/li>\n<\/ul>\n<p>&nbsp;<\/p>\n<h2>Utilisation des cookies par Andbank<\/h2>\n<p>Lorsque vous visitez notre site Internet, nous recueillons des informations standard \u00e0 partir d\u2019Internet, ainsi que des d\u00e9tails sur le comportement des visiteurs. Ces informations ne contiennent aucune donn\u00e9e personnelle et ne sont associ\u00e9es \u00e0 aucune autre information permettant d\u2019identifier l\u2019utilisateur. Si des donn\u00e9es personnelles sont n\u00e9cessaires, elles vous seront demand\u00e9es explicitement.<\/p>\n<p>&nbsp;<\/p>\n<h2>Contr\u00f4le et administration des cookies<\/h2>\n<p>Vous pouvez autoriser, conna\u00eetre, bloquer ou supprimer les cookies install\u00e9s sur votre appareil via le r\u00e9glage des options du navigateur install\u00e9 sur votre ordinateur. Veuillez trouver ci-dessous les liens des principaux navigateurs et appareils afin d\u2019avoir toutes les informations pour consulter la fa\u00e7on dont g\u00e9rer vos Cookies dans votre navigateur :<\/p>\n<ul>\n<li><strong>Firefox: <\/strong><a href=\"http:\/\/support.mozilla.org\/en-US\" target=\"_blank\" rel=\"noopener\">http:\/\/support.mozilla.org\/en-US<\/a><\/li>\n<li><strong>Internet Explorer: <\/strong><a href=\"http:\/\/support.microsoft.com\/en-gb\" target=\"_blank\" rel=\"noopener\">http:\/\/support.microsoft.com\/en-gb<\/a><\/li>\n<li><strong>Safari: <\/strong><a href=\"http:\/\/support.apple.com\/en-gb\/HT201265\" target=\"_blank\" rel=\"noopener\">http:\/\/support.apple.com\/en-gb\/HT201265<\/a><\/li>\n<li><strong>Opera: <\/strong><a>http:\/\/help.opera.com\/en\/latest\/web-preferences\/#cookies <\/a><\/li>\n<li><strong>Google Chrome: <\/strong><a href=\"https:\/\/support.google.com\/chrome\/answer\/95647?hl=en-GB\" target=\"_blank\" rel=\"noopener\">https:\/\/support.google.com\/chrome\/answer\/95647?hl=en-GB<\/a><\/li>\n<\/ul>\n<p>&nbsp;<\/p>\n<h2>Comment d\u00e9sactiver les cookies<\/h2>\n<p>Les navigateurs sont les outils charg\u00e9s de stocker les cookies et \u00e0 partir de l\u00e0, vous pouvez exercer votre droit de les supprimer ou de les d\u00e9sactiver. L\u2019utilisation correcte ou incorrecte des cookies par les navigateurs susmentionn\u00e9s ne peut \u00eatre garantie par ce site Internet ni par ses mandataires l\u00e9gaux.<\/p>\n<p>Tout utilisateur peut configurer son navigateur pour qu\u2019il bloque automatiquement les cookies. Il est possible de supprimer les cookies stock\u00e9s dans le navigateur ou d\u2019emp\u00eacher l\u2019enregistrement de nouveaux cookies. Des informations sp\u00e9cifiques sur chaque navigateur sont disponibles dans la partie \u00ab\u2009Aide\u2009\u00bb dudit navigateur. Vous pouvez rechercher des articles d\u2019assistance en tapant des requ\u00eates telles que :  \u00ab\u2009Comment d\u00e9sactiver les cookies dans le navigateur\u2009\u00bb<\/p>\n<p>&nbsp;<\/p>\n<h2>Vous ne voulez pas que des cookies soient utilis\u00e9s?<\/h2>\n<p>Si vous pr\u00e9f\u00e9rez qu\u2019Andbank ou nos partenaires ne placent pas (certains) de cookies sur votre appareil, vous pouvez l\u2019indiquer lors de votre premi\u00e8re utilisation de notre site.\u2028Veuillez noter qu\u2019en d\u00e9sactivant (certains) les cookies, il se peut que certaines parties du site ne fonctionnent pas (enti\u00e8rement) et que vous n\u2019ayez pas acc\u00e8s \u00e0 toutes les fonctionnalit\u00e9s. En continuant \u00e0 naviguer sur notre site, vous acceptez de nous autoriser \u00e0 enregistrer des cookies sur votre appareil.<\/p>\n<p>&nbsp;<\/p>\n<h2>Mise \u00e0 jour de la politique en mati\u00e8re de cookies<\/h2>\n<p>La Politique en mati\u00e8re de Cookies de notre site Internet peut \u00eatre mise \u00e0 jour\u2009; par cons\u00e9quent, nous vous recommandons de la revoir chaque fois que vous acc\u00e9dez \u00e0 notre site Internet afin d\u2019\u00eatre suffisamment inform\u00e9 de la fa\u00e7on et du but de l\u2019utilisation des Cookies.<\/p>\n<p>&nbsp;<\/p>\n<h2>Protection des donn\u00e9es<\/h2>\n<p>Toutes vos donn\u00e9es personnelles sont trait\u00e9es conform\u00e9ment \u00e0 la loi en vigueur et \u00e0 notre d\u00e9claration de protection des donn\u00e9es qui est disponible sur notre site Internet. Vous avez un certain nombre d\u2019options, selon le type de navigateur que vous utilisez. Vous pouvez accepter ou bloquer tous les cookies ou ceux en provenance d\u2019une source particuli\u00e8re. Et vous pouvez programmer le navigateur pour qu\u2019il affiche un message vous demandant d\u2019autoriser ou de bloquer un cookie qui est sur le point d\u2019\u00eatre install\u00e9 sur votre ordinateur. Pour faire ou modifier un choix, veuillez v\u00e9rifier le menu Aide ou la partie correspondante de votre navigateur.<\/p>\n<p>&nbsp;<\/p>\n<h2>Contact<\/h2>\n<p><strong>Enfin, en cas de probl\u00e8me concernant l\u2019utilisation de cookies sur ce site Internet, vous pouvez nous contacter par l\u2019interm\u00e9diaire du [dpo@andbank.lu] suivant<\/strong><\/p>\n<p>&nbsp;<\/p>\n<h2>Renseignements sur le site Internet<\/h2>\n<p><a href=\"https:\/\/www.andbank.com\/luxembourg\/cadre-reglementaire\/politique-du-cookies\/\" target=\"_blank\" rel=\"noopener\">(https:\/\/www.andbank.com\/luxembourg\/cadre-reglementaire\/politique-de-cookies\/)<\/a><\/p>\n<p>Le consentement \u00e9clair\u00e9 de l\u2019utilisateur doit \u00eatre obtenu pour l\u2019utilisation des cookies quelle que soit leur page d\u2019accueil.\u2028Pour le bon fonctionnement de notre site Internet, celui-ci utilise ses propres cookies et des cookies tiers afin de pr\u00e9parer des donn\u00e9es statistiques et d\u2019analyser vos habitudes de navigation. En cliquant sur \u00ab\u2009Accepter\u2009\u00bb, vous acceptez leur utilisation. Vous pouvez accepter ou refuser l\u2019installation de cookies en cliquant sur \u00ab\u2009Plus d\u2019informations\u2009\u00bb.<\/p>\n","protected":false},"excerpt":{"rendered":"<p>POLITIQUE EN MATI\u00c8RE DE COOKIES Andbank est \u00e0 l\u2019\u00e9coute de vos attentes et cherche \u00e0 gagner votre confiance. C\u2019est pourquoi nous souhaitons vous fournir des informations claires sur notre politique d\u2019envoi de cookies de ce site Internet vers votre ordinateur, dans la mesure o\u00f9 vos informations personnelles sont concern\u00e9es. &nbsp; Que sont les cookies? Les [&hellip;]<\/p>\n","protected":false},"author":1,"featured_media":2335,"parent":2129,"menu_order":8,"comment_status":"closed","ping_status":"closed","template":"template-info-detail.php","meta":{"footnotes":""},"yst_prominent_words":[1710,1716,426,1718,1712,1705,1719,1702,1346,1715,1721,1720,1714,1713,207,1699,1703,1717,1711,1704],"class_list":["post-1254","page","type-page","status-publish","has-post-thumbnail","hentry"],"acf":[],"_links":{"self":[{"href":"https:\/\/pre.andbank.com\/luxembourg\/wp-json\/wp\/v2\/pages\/1254"}],"collection":[{"href":"https:\/\/pre.andbank.com\/luxembourg\/wp-json\/wp\/v2\/pages"}],"about":[{"href":"https:\/\/pre.andbank.com\/luxembourg\/wp-json\/wp\/v2\/types\/page"}],"author":[{"embeddable":true,"href":"https:\/\/pre.andbank.com\/luxembourg\/wp-json\/wp\/v2\/users\/1"}],"replies":[{"embeddable":true,"href":"https:\/\/pre.andbank.com\/luxembourg\/wp-json\/wp\/v2\/comments?post=1254"}],"version-history":[{"count":0,"href":"https:\/\/pre.andbank.com\/luxembourg\/wp-json\/wp\/v2\/pages\/1254\/revisions"}],"up":[{"embeddable":true,"href":"https:\/\/pre.andbank.com\/luxembourg\/wp-json\/wp\/v2\/pages\/2129"}],"wp:featuredmedia":[{"embeddable":true,"href":"https:\/\/pre.andbank.com\/luxembourg\/wp-json\/wp\/v2\/media\/2335"}],"wp:attachment":[{"href":"https:\/\/pre.andbank.com\/luxembourg\/wp-json\/wp\/v2\/media?parent=1254"}],"wp:term":[{"taxonomy":"yst_prominent_words","embeddable":true,"href":"https:\/\/pre.andbank.com\/luxembourg\/wp-json\/wp\/v2\/yst_prominent_words?post=1254"}],"curies":[{"name":"wp","href":"https:\/\/api.w.org\/{rel}","templated":true}]}}