{"id":1246,"date":"2017-04-19T09:56:44","date_gmt":"2017-04-19T07:56:44","guid":{"rendered":"https:\/\/www.andbank.com\/lxb\/cumplimiento-normativo-2\/"},"modified":"2024-05-28T16:57:14","modified_gmt":"2024-05-28T14:57:14","slug":"cadre-reglementaire-asset-management","status":"publish","type":"page","link":"https:\/\/pre.andbank.com\/luxembourg\/cadre-reglementaire-asset-management\/","title":{"rendered":"Cadre r\u00e8glementaire Asset Management"},"content":{"rendered":"<h2>Investor Rights Summary<\/h2>\n<ul>\n<li><a href=\"https:\/\/www.andbank.com\/luxembourg\/wp-content\/uploads\/sites\/24\/2023\/06\/AAML-Summary-of-Investor-Rights-FR.pdf\" target=\"_blank\" rel=\"noopener\">AAML Summary of Investor Rights FR<\/a><\/li>\n<li><a href=\"https:\/\/www.andbank.com\/luxembourg\/wp-content\/uploads\/sites\/24\/2023\/06\/AAML-Summary-of-Investor-Rights-EN.pdf\" target=\"_blank\" rel=\"noopener\">AAML Summary of Investor Rights EN<\/a><\/li>\n<li><a href=\"https:\/\/www.andbank.com\/luxembourg\/wp-content\/uploads\/sites\/24\/2023\/06\/AAML-Summary-of-Investor-Rights-NL.pdf\" target=\"_blank\" rel=\"noopener\">AAML Summary of Investor Rights NL<\/a><\/li>\n<\/ul>\n<p><\/p>\n<h2>Conformit\u00e9<\/h2>\n<p>Sur demande, Andbank Asset Management Luxembourg peut vous fournir gratuitement les politiques et les proc\u00e9dures suivantes. Les informations sur ces politiques sont pertinentes pour AAML:<\/p>\n<ul>\n<li><a href=\"https:\/\/www.andbank.com\/luxembourg\/wp-content\/uploads\/sites\/24\/2023\/12\/LUXAM-POL-002-Best-Execution-Policy-v8.1.pdf\" target=\"_blank\" rel=\"noopener\">Politique de meilleure ex\u00e9cution<\/a><\/li>\n<li><a href=\"https:\/\/www.andbank.com\/luxembourg\/wp-content\/uploads\/sites\/24\/2023\/12\/LUXAM-POL-009-Complaints-Handling-Policy-v3.4.pdf\" target=\"_blank\" rel=\"noopener\">Politique de gestion des plaintes<\/a><\/li>\n<li><a href=\"https:\/\/www.andbank.com\/luxembourg\/wp-content\/uploads\/sites\/24\/2023\/12\/LUXAM-POL-001-Conflicts-of-interest-Policy-v9.0-1.pdf\" target=\"_blank\" rel=\"noopener\">Politique en mati\u00e8re de conflit d\u2019int\u00e9r\u00eats<\/a><\/li>\n<li><a href=\"https:\/\/www.andbank.com\/luxembourg\/wp-content\/uploads\/sites\/24\/2023\/12\/LUXAM-POL-023-Whistleblowing-Policy-v-1.3.pdf\" target=\"_blank\" rel=\"noopener\">Politique d\u2019alerte professionnelle<\/a><\/li>\n<li><a href=\"https:\/\/www.andbank.com\/luxembourg\/wp-content\/uploads\/sites\/24\/2023\/12\/LUXAM-POL-020-Voting-Rights-Policy-v2.3.pdf\" target=\"_blank\" rel=\"noopener\">Voting Rights Policy<\/a><\/li>\n<li><a href=\"https:\/\/www.andbank.com\/luxembourg\/wp-content\/uploads\/sites\/24\/2017\/04\/AAML-Top-5-Execution-Venues-2018.pdf\" target=\"_blank\" rel=\"noopener\">Top five execution venues 2018<\/a><\/li>\n<li><a href=\"https:\/\/www.andbank.com\/luxembourg\/wp-content\/uploads\/sites\/24\/2017\/04\/AAML-Top-5-Execution-Venues-2019.pdf\" target=\"_blank\" rel=\"noopener\">Top five execution venues 2019<\/a><\/li>\n<li><a href=\"https:\/\/www.andbank.com\/luxembourg\/wp-content\/uploads\/sites\/24\/2022\/03\/2020_Top_5_Venue_DPM.pdf\" target=\"_blank\" rel=\"noopener\">Top five execution venues 2020<\/a><\/li>\n<li><a href=\"https:\/\/www.andbank.com\/luxembourg\/wp-content\/uploads\/sites\/24\/2022\/03\/2021_Top_5_Venue_DPM.pdf\" target=\"_blank\" rel=\"noopener\">Top five execution venues 2021<\/a><\/li>\n<li><a href=\"https:\/\/www.andbank.com\/luxembourg\/wp-content\/uploads\/sites\/24\/2023\/02\/2022_Top_5_Venue_DPM.pdf\" target=\"_blank\" rel=\"noopener\">Top five execution venues 2022<\/a><\/li>\n<li><a href=\"https:\/\/www.andbank.com\/luxembourg\/wp-content\/uploads\/sites\/24\/2024\/02\/2023_Top_5_Venue_DPM.pdf\" target=\"_blank\" rel=\"noopener\">Top five execution venues 2023<\/a><\/li>\n<li><a href=\"https:\/\/www.andbank.com\/luxembourg\/wp-content\/uploads\/sites\/24\/2024\/05\/GDPR-Notice-for-suppliers-and-clients_28.05.2024.pdf\" target=\"_blank\" rel=\"noopener\">Personal Data Protection Notice &#8211; AAML<\/a><\/li>\n<li><a href=\"https:\/\/www.andbank.com\/luxembourg\/wp-content\/uploads\/sites\/24\/2024\/05\/Videosurveillance-notice-EN-AAML.pdf\" target=\"_blank\" rel=\"noopener\">Videosurveillance notice EN &#8211; AAML<\/a><\/li>\n<\/ul>\n<h2>SFDR, Politiques de gouvernance et de r\u00e9mun\u00e9ration<\/h2>\n<p>Les informations sur ces politiques et divulgations sont pertinentes pour AAML.<\/p>\n<ul>\n<li><a href=\"https:\/\/www.andbank.com\/luxembourg\/wp-content\/uploads\/sites\/24\/2024\/04\/LUXAM-POL-010-Remuneration-Policy_v2-1.pdf\" target=\"_blank\" rel=\"noopener\">Communications sur la r\u00e9mun\u00e9ration<\/a><\/li>\n<li><a href=\"https:\/\/www.andbank.com\/luxembourg\/wp-content\/uploads\/sites\/24\/2023\/12\/LUXAM-POL-034-Sustainability-Risk-Policy_V2.2-1.pdf\" target=\"_blank\" rel=\"noopener\">Sustainability Risk Policy<\/a><\/li>\n<li><a href=\"https:\/\/www.andbank.com\/luxembourg\/wp-content\/uploads\/sites\/24\/2023\/03\/AAML-SFDR-Website-Diclosure-SFDR-Art-3.pdf\" target=\"_blank\" rel=\"noopener\">SFDR Article 3<\/a><\/li>\n<li><a href=\"https:\/\/www.andbank.com\/luxembourg\/wp-content\/uploads\/sites\/24\/2023\/03\/AAML-SFDR-Website-Diclosure-SFDR-Art-5.pdf\" target=\"_blank\" rel=\"noopener\">SFDR Article 5 Remuneration Disclosure<\/a><\/li>\n<li><a href=\"https:\/\/www.andbank.com\/luxembourg\/wp-content\/uploads\/sites\/24\/2024\/01\/SFDR-Website-Diclosure-SFDR-Art-10-v5-2024-01-16-.pdf\" target=\"_blank\" rel=\"noopener\">SFDR Article 10<\/a><\/li>\n<\/ul>\n<h2><strong>Adverse sustainability impacts &#8211; Article 4<\/strong> &#8211; No consideration of adverse impacts of investment decisions on sustainability factors:<\/h2>\n<h5>* AAML does not consider the adverse impacts of its investment decisions on sustainability factors.<\/h5>\n<h5>* As AAML\u2019s employee count does not exceed 500, AAML is not required to consider principal adverse sustainability impacts on investments.\u2028In addition, due to the inadequate data availability to determine and weight the most important adverse sustainability impacts and indicators as well as outstanding legal provisions, AAML has decided not to take into account the adverse sustainability impacts as defined in Article 4 (1) of the Disclosure Regulation EU 2019\/2088 as of March 10, 2021. If the legal provisions are established and the data quality is sufficient, AAML may review the current position and plan any implementation in order to consider the principal adverse sustainability impacts on investments.<\/h5>\n","protected":false},"excerpt":{"rendered":"<p>Investor Rights Summary AAML Summary of Investor Rights FR AAML Summary of Investor Rights EN AAML Summary of Investor Rights NL Conformit\u00e9 Sur demande, Andbank Asset Management Luxembourg peut vous fournir gratuitement les politiques et les proc\u00e9dures suivantes. Les informations sur ces politiques sont pertinentes pour AAML: Politique de meilleure ex\u00e9cution Politique de gestion des [&hellip;]<\/p>\n","protected":false},"author":18,"featured_media":2335,"parent":0,"menu_order":4,"comment_status":"closed","ping_status":"closed","template":"","meta":{"footnotes":""},"yst_prominent_words":[2077,2074,1926,1938,1936,2076,2075,2078,1937,1935,1934],"class_list":["post-1246","page","type-page","status-publish","has-post-thumbnail","hentry"],"acf":[],"_links":{"self":[{"href":"https:\/\/pre.andbank.com\/luxembourg\/wp-json\/wp\/v2\/pages\/1246"}],"collection":[{"href":"https:\/\/pre.andbank.com\/luxembourg\/wp-json\/wp\/v2\/pages"}],"about":[{"href":"https:\/\/pre.andbank.com\/luxembourg\/wp-json\/wp\/v2\/types\/page"}],"author":[{"embeddable":true,"href":"https:\/\/pre.andbank.com\/luxembourg\/wp-json\/wp\/v2\/users\/18"}],"replies":[{"embeddable":true,"href":"https:\/\/pre.andbank.com\/luxembourg\/wp-json\/wp\/v2\/comments?post=1246"}],"version-history":[{"count":32,"href":"https:\/\/pre.andbank.com\/luxembourg\/wp-json\/wp\/v2\/pages\/1246\/revisions"}],"predecessor-version":[{"id":14926,"href":"https:\/\/pre.andbank.com\/luxembourg\/wp-json\/wp\/v2\/pages\/1246\/revisions\/14926"}],"wp:featuredmedia":[{"embeddable":true,"href":"https:\/\/pre.andbank.com\/luxembourg\/wp-json\/wp\/v2\/media\/2335"}],"wp:attachment":[{"href":"https:\/\/pre.andbank.com\/luxembourg\/wp-json\/wp\/v2\/media?parent=1246"}],"wp:term":[{"taxonomy":"yst_prominent_words","embeddable":true,"href":"https:\/\/pre.andbank.com\/luxembourg\/wp-json\/wp\/v2\/yst_prominent_words?post=1246"}],"curies":[{"name":"wp","href":"https:\/\/api.w.org\/{rel}","templated":true}]}}