{"id":1215,"date":"2017-04-19T09:18:02","date_gmt":"2017-04-19T07:18:02","guid":{"rendered":"https:\/\/www.andbank.com\/lxb\/sobre-nosotros\/trabaja-con-nosotros\/"},"modified":"2023-04-02T19:25:22","modified_gmt":"2023-04-02T17:25:22","slug":"travailler-chez-andbank","status":"publish","type":"page","link":"https:\/\/pre.andbank.com\/luxembourg\/qui-sommes-nous\/travailler-chez-andbank\/","title":{"rendered":"Travailler chez Andbank"},"content":{"rendered":"<p>Notre engagement est d\u2019attirer les meilleurs talents o\u00f9 qu\u2019ils se trouvent afin de compl\u00e9ter une \u00e9quipe de professionnels exceptionnels qui partagent notre philosophie et nos valeurs de travail.<\/p>\n<p>Si vous souhaitez faire partie d\u2019une \u00e9quipe jeune et innovatrice, \u00e0 forte vocation de service et passionn\u00e9e par son travail, envoyez-nous votre CV gr\u00e2ce au formulaire suivant.<\/p>\n<p>-Checa-web.jpg\u00a0\u00bb alt=\u00a0\u00bbJordi-Checa-web\u00a0\u00bb width=\u00a0\u00bb1200&Prime; height=\u00a0\u00bb298&Prime; \/><\/p>\n","protected":false},"excerpt":{"rendered":"<p>Nous sommes une soci\u00e9t\u00e9 engag\u00e9e envers ses travailleurs, toujours en qu\u00eate des meilleures options de formation afin d\u2019assurer \u00e0 nos clients un service professionnel et d\u2019avant-garde.<\/p>\n","protected":false},"author":18,"featured_media":2309,"parent":1205,"menu_order":140,"comment_status":"closed","ping_status":"closed","template":"template-detail.php","meta":{"footnotes":""},"yst_prominent_words":[289,314],"class_list":["post-1215","page","type-page","status-publish","has-post-thumbnail","hentry"],"acf":[],"_links":{"self":[{"href":"https:\/\/pre.andbank.com\/luxembourg\/wp-json\/wp\/v2\/pages\/1215"}],"collection":[{"href":"https:\/\/pre.andbank.com\/luxembourg\/wp-json\/wp\/v2\/pages"}],"about":[{"href":"https:\/\/pre.andbank.com\/luxembourg\/wp-json\/wp\/v2\/types\/page"}],"author":[{"embeddable":true,"href":"https:\/\/pre.andbank.com\/luxembourg\/wp-json\/wp\/v2\/users\/18"}],"replies":[{"embeddable":true,"href":"https:\/\/pre.andbank.com\/luxembourg\/wp-json\/wp\/v2\/comments?post=1215"}],"version-history":[{"count":1,"href":"https:\/\/pre.andbank.com\/luxembourg\/wp-json\/wp\/v2\/pages\/1215\/revisions"}],"predecessor-version":[{"id":14099,"href":"https:\/\/pre.andbank.com\/luxembourg\/wp-json\/wp\/v2\/pages\/1215\/revisions\/14099"}],"up":[{"embeddable":true,"href":"https:\/\/pre.andbank.com\/luxembourg\/wp-json\/wp\/v2\/pages\/1205"}],"wp:featuredmedia":[{"embeddable":true,"href":"https:\/\/pre.andbank.com\/luxembourg\/wp-json\/wp\/v2\/media\/2309"}],"wp:attachment":[{"href":"https:\/\/pre.andbank.com\/luxembourg\/wp-json\/wp\/v2\/media?parent=1215"}],"wp:term":[{"taxonomy":"yst_prominent_words","embeddable":true,"href":"https:\/\/pre.andbank.com\/luxembourg\/wp-json\/wp\/v2\/yst_prominent_words?post=1215"}],"curies":[{"name":"wp","href":"https:\/\/api.w.org\/{rel}","templated":true}]}}