{"id":12103,"date":"2021-03-31T11:43:59","date_gmt":"2021-03-31T09:43:59","guid":{"rendered":"https:\/\/www.andbank.com\/luxembourg\/?page_id=12103"},"modified":"2021-07-19T12:07:32","modified_gmt":"2021-07-19T10:07:32","slug":"nouvelle-home-banking","status":"publish","type":"page","link":"https:\/\/pre.andbank.com\/luxembourg\/nouvelle-home-banking\/","title":{"rendered":"Nouvelle Home Banking"},"content":{"rendered":"<h3>\u00c0 partir de maintenant, la nouvelle banque en ligne est plus intuitive, agile et s\u00fbre. Avec plus de fonctionnalit\u00e9s et meilleures, vous pourrez travailler confortablement et disposer de toutes les informations dont vous avez besoin pour r\u00e9aliser des op\u00e9rations en toute libert\u00e9 et mobilit\u00e9. En plus, la plateforme est disponible en quatre langues pour vous faciliter les d\u00e9marches.<\/h3>\n<p>&nbsp;<\/p>\n<div class=\"row\" align=\"center\"><\/div>\n<div class=\"row\">\n<div class=\"col-xs-12 col-ms-8\">\n<h2>Gestion de votre compte personnel<\/h2>\n<h3 style=\"text-align: left\">Avec le nouvelle <strong>Home Banking<\/strong>, vous pouvez g\u00e9rer vos donn\u00e9es personnelles, acc\u00e9der \u00e0 vos documents et consulter votre correspondance.<\/h3>\n<\/div>\n<div class=\"col-xs-12 col-ms-4\"><img loading=\"lazy\" decoding=\"async\" class=\"wp-image-21791  alignright\" src=\"https:\/\/www.andbank.com\/andorra\/wp-content\/uploads\/sites\/10\/2017\/04\/p_3-fr.jpg\" alt=\"\" width=\"336\" height=\"336\"><\/div>\n<\/div>\n<div class=\"row\" align=\"center\"><\/div>\n<div class=\"row\">\n<div class=\"col-xs-12 col-ms-4\"><img loading=\"lazy\" decoding=\"async\" class=\"alignleft size-full wp-image-8445\" src=\"https:\/\/www.andbank.com\/andorra\/wp-content\/uploads\/sites\/10\/2017\/04\/p_5-fr.jpg\" alt=\"\" width=\"336\" height=\"336\"><\/div>\n<div class=\"col-xs-12 col-ms-8\">\n<p>&nbsp;<\/p>\n<h2>Situation globale<\/h2>\n<h3>Visualisez rapidement votre situation globale, o\u00f9 vous verrez tous les produits disponibles. Vous pourrez consulter des informations sp\u00e9cifiques \u00e0 votre compte, et vous disposerez des informations \u00e9conomiques et des principales campagnes actives.<\/h3>\n<\/div>\n<\/div>\n<div class=\"row\" align=\"center\"><\/div>\n<div class=\"row\">\n<div class=\"col-xs-12 col-ms-8\">\n<p>&nbsp;<\/p>\n<h2>Cartes<\/h2>\n<h3>\u00c0 tout moment, vous pourrez suivre toutes les op\u00e9rations que vous effectuez avec toutes vos cartes et vous pourrez les d\u00e9bloquer ou les bloquer, si n\u00e9cessaire.<\/h3>\n<\/div>\n<div class=\"col-xs-12 col-ms-4\"><img loading=\"lazy\" decoding=\"async\" class=\"alignright size-full wp-image-8433\" src=\"https:\/\/www.andbank.com\/andorra\/wp-content\/uploads\/sites\/10\/2017\/04\/p_7-fr.jpg\" alt=\"\" width=\"336\" height=\"336\"><\/div>\n<\/div>\n<div class=\"row\" align=\"center\"><\/div>\n<div class=\"row\">\n<div class=\"col-xs-12 col-ms-4\"><img loading=\"lazy\" decoding=\"async\" class=\"alignleft size-full wp-image-8445\" src=\"https:\/\/www.andbank.com\/andorra\/wp-content\/uploads\/sites\/10\/2017\/04\/p_7-fr.jpg\" alt=\"\" width=\"336\" height=\"336\"><\/div>\n<div class=\"col-xs-12 col-ms-8\">\n<p>&nbsp;<\/p>\n<h2>\u00c9pargne<\/h2>\n<h3>Vous pourrez consulter le d\u00e9compte des produits li\u00e9s \u00e0 l\u2019\u00e9pargne avec des informations sur le type, la devise de r\u00e9f\u00e9rence, le taux d\u2019int\u00e9r\u00eat, l\u2019\u00e9ch\u00e9ance, le volume et le montant total.<\/h3>\n<\/div>\n<\/div>\n<div class=\"row\" align=\"center\"><\/div>\n<div class=\"row\">\n<div class=\"col-xs-12 col-ms-8\"><\/div>\n<p>&nbsp;<\/p>\n<div style=\"text-align: center\"><a class=\"main-button\" href=\"https:\/\/www.andbank.com\/luxembourg\/wp-content\/uploads\/sites\/24\/2021\/07\/Llibret-Home-banking_fr_Lux.pdf\" target=\"_blank\" rel=\"noopener\">PLUS D&rsquo;INFORMATIONS<\/a><\/div>\n<p>&nbsp;<\/p>\n<hr>\n<\/div>\n","protected":false},"excerpt":{"rendered":"<p>\u00c0 partir de maintenant, la nouvelle banque en ligne est plus intuitive, agile et s\u00fbre. Avec plus de fonctionnalit\u00e9s et meilleures, vous pourrez travailler confortablement et disposer de toutes les informations dont vous avez besoin pour r\u00e9aliser des op\u00e9rations en toute libert\u00e9 et mobilit\u00e9. En plus, la plateforme est disponible en quatre langues pour vous [&hellip;]<\/p>\n","protected":false},"author":28,"featured_media":12099,"parent":0,"menu_order":0,"comment_status":"closed","ping_status":"closed","template":"","meta":{"footnotes":""},"yst_prominent_words":[],"class_list":["post-12103","page","type-page","status-publish","has-post-thumbnail","hentry"],"acf":[],"_links":{"self":[{"href":"https:\/\/pre.andbank.com\/luxembourg\/wp-json\/wp\/v2\/pages\/12103"}],"collection":[{"href":"https:\/\/pre.andbank.com\/luxembourg\/wp-json\/wp\/v2\/pages"}],"about":[{"href":"https:\/\/pre.andbank.com\/luxembourg\/wp-json\/wp\/v2\/types\/page"}],"author":[{"embeddable":true,"href":"https:\/\/pre.andbank.com\/luxembourg\/wp-json\/wp\/v2\/users\/28"}],"replies":[{"embeddable":true,"href":"https:\/\/pre.andbank.com\/luxembourg\/wp-json\/wp\/v2\/comments?post=12103"}],"version-history":[{"count":0,"href":"https:\/\/pre.andbank.com\/luxembourg\/wp-json\/wp\/v2\/pages\/12103\/revisions"}],"wp:featuredmedia":[{"embeddable":true,"href":"https:\/\/pre.andbank.com\/luxembourg\/wp-json\/wp\/v2\/media\/12099"}],"wp:attachment":[{"href":"https:\/\/pre.andbank.com\/luxembourg\/wp-json\/wp\/v2\/media?parent=12103"}],"wp:term":[{"taxonomy":"yst_prominent_words","embeddable":true,"href":"https:\/\/pre.andbank.com\/luxembourg\/wp-json\/wp\/v2\/yst_prominent_words?post=12103"}],"curies":[{"name":"wp","href":"https:\/\/api.w.org\/{rel}","templated":true}]}}