{"id":1209,"date":"2017-04-19T11:53:59","date_gmt":"2017-04-19T09:53:59","guid":{"rendered":"https:\/\/www.andbank.com\/lxb\/sobre-nosotros\/sala-de-prensa\/"},"modified":"2020-07-24T15:14:06","modified_gmt":"2020-07-24T13:14:06","slug":"salle-de-prese","status":"publish","type":"page","link":"https:\/\/pre.andbank.com\/luxembourg\/qui-sommes-nous\/salle-de-prese\/","title":{"rendered":"Salle de presse"},"content":{"rendered":"","protected":false},"excerpt":{"rendered":"<p>Consultez notre salle de presse pour les derni\u00e8res nouvelles, nominations, r\u00e9compenses et nouveaut\u00e9s de l\u2019actualit\u00e9 d&rsquo;Andbank.<\/p>\n","protected":false},"author":1,"featured_media":2966,"parent":1205,"menu_order":143,"comment_status":"closed","ping_status":"closed","template":"template-news.php","meta":{"footnotes":""},"yst_prominent_words":[],"class_list":["post-1209","page","type-page","status-publish","has-post-thumbnail","hentry"],"acf":[],"_links":{"self":[{"href":"https:\/\/pre.andbank.com\/luxembourg\/wp-json\/wp\/v2\/pages\/1209"}],"collection":[{"href":"https:\/\/pre.andbank.com\/luxembourg\/wp-json\/wp\/v2\/pages"}],"about":[{"href":"https:\/\/pre.andbank.com\/luxembourg\/wp-json\/wp\/v2\/types\/page"}],"author":[{"embeddable":true,"href":"https:\/\/pre.andbank.com\/luxembourg\/wp-json\/wp\/v2\/users\/1"}],"replies":[{"embeddable":true,"href":"https:\/\/pre.andbank.com\/luxembourg\/wp-json\/wp\/v2\/comments?post=1209"}],"version-history":[{"count":0,"href":"https:\/\/pre.andbank.com\/luxembourg\/wp-json\/wp\/v2\/pages\/1209\/revisions"}],"up":[{"embeddable":true,"href":"https:\/\/pre.andbank.com\/luxembourg\/wp-json\/wp\/v2\/pages\/1205"}],"wp:featuredmedia":[{"embeddable":true,"href":"https:\/\/pre.andbank.com\/luxembourg\/wp-json\/wp\/v2\/media\/2966"}],"wp:attachment":[{"href":"https:\/\/pre.andbank.com\/luxembourg\/wp-json\/wp\/v2\/media?parent=1209"}],"wp:term":[{"taxonomy":"yst_prominent_words","embeddable":true,"href":"https:\/\/pre.andbank.com\/luxembourg\/wp-json\/wp\/v2\/yst_prominent_words?post=1209"}],"curies":[{"name":"wp","href":"https:\/\/api.w.org\/{rel}","templated":true}]}}