{"id":1184,"date":"2017-04-04T13:19:25","date_gmt":"2017-04-04T11:19:25","guid":{"rendered":"https:\/\/www.andbank.com\/lxb\/banca-privada\/"},"modified":"2018-01-22T14:07:34","modified_gmt":"2018-01-22T12:07:34","slug":"banque-privee","status":"publish","type":"page","link":"https:\/\/pre.andbank.com\/luxembourg\/banque-privee\/","title":{"rendered":"Banque priv\u00e9e"},"content":{"rendered":"<p>Ind\u00e9pendance, exp\u00e9rience et sp\u00e9cialisation sont les traits qui nous d\u00e9finissent. La cl\u00e9 du succ\u00e8s repose sur une m\u00e9thode perfectionn\u00e9e tout au long de 85 ans d&rsquo;exp\u00e9rience qui permet un contr\u00f4le exhaustif du risque gr\u00e2ce aux outils les plus performants.<\/p>\n","protected":false},"excerpt":{"rendered":"<p>Ind\u00e9pendance, exp\u00e9rience et sp\u00e9cialisation sont les traits qui nous d\u00e9finissent. La cl\u00e9 du succ\u00e8s repose sur une m\u00e9thode perfectionn\u00e9e tout au long de 85 ans d&rsquo;exp\u00e9rience qui permet un contr\u00f4le exhaustif du risque gr\u00e2ce aux outils les plus performants.<\/p>\n","protected":false},"author":1,"featured_media":2175,"parent":0,"menu_order":87,"comment_status":"closed","ping_status":"closed","template":"template-distributor.php","meta":{"footnotes":""},"yst_prominent_words":[212,220],"class_list":["post-1184","page","type-page","status-publish","has-post-thumbnail","hentry"],"acf":[],"_links":{"self":[{"href":"https:\/\/pre.andbank.com\/luxembourg\/wp-json\/wp\/v2\/pages\/1184"}],"collection":[{"href":"https:\/\/pre.andbank.com\/luxembourg\/wp-json\/wp\/v2\/pages"}],"about":[{"href":"https:\/\/pre.andbank.com\/luxembourg\/wp-json\/wp\/v2\/types\/page"}],"author":[{"embeddable":true,"href":"https:\/\/pre.andbank.com\/luxembourg\/wp-json\/wp\/v2\/users\/1"}],"replies":[{"embeddable":true,"href":"https:\/\/pre.andbank.com\/luxembourg\/wp-json\/wp\/v2\/comments?post=1184"}],"version-history":[{"count":0,"href":"https:\/\/pre.andbank.com\/luxembourg\/wp-json\/wp\/v2\/pages\/1184\/revisions"}],"wp:featuredmedia":[{"embeddable":true,"href":"https:\/\/pre.andbank.com\/luxembourg\/wp-json\/wp\/v2\/media\/2175"}],"wp:attachment":[{"href":"https:\/\/pre.andbank.com\/luxembourg\/wp-json\/wp\/v2\/media?parent=1184"}],"wp:term":[{"taxonomy":"yst_prominent_words","embeddable":true,"href":"https:\/\/pre.andbank.com\/luxembourg\/wp-json\/wp\/v2\/yst_prominent_words?post=1184"}],"curies":[{"name":"wp","href":"https:\/\/api.w.org\/{rel}","templated":true}]}}