{"id":3494,"date":"2017-04-03T13:31:46","date_gmt":"2017-04-03T11:31:46","guid":{"rendered":"https:\/\/www.andbank.com\/lxb\/cadre-reglementaire\/politique-du-cookies\/"},"modified":"2019-05-28T17:52:42","modified_gmt":"2019-05-28T15:52:42","slug":"politique-du-cookies","status":"publish","type":"page","link":"https:\/\/pre.andbank.com\/luxembourg\/pt-br\/cadre-reglementaire\/politique-du-cookies\/","title":{"rendered":"Pol\u00edtica de cookies"},"content":{"rendered":"<h2>POL\u00cdTICA DE COOKIES<\/h2>\n<p>O Andbank presta muita aten\u00e7\u00e3o \u00e0s suas expectativas e procura conquistar sua confian\u00e7a. Por isso, queremos fornecer a voc\u00ea informa\u00e7\u00f5es claras sobre nossa pol\u00edtica de envio de cookies deste site para o seu computador, na medida em que isso afeta suas informa\u00e7\u00f5es pessoais.<\/p>\n<p>&nbsp;<\/p>\n<h2>O que s\u00e3o cookies?<\/h2>\n<p>Cookies s\u00e3o pequenos arquivos de texto, imagem ou software que s\u00e3o colocados e armazenados no HD do seu computador, tablet, smartphone ou outros dispositivos habilitados para o uso da internet (\u201ccomputador\u201d) quando voc\u00ea visita um site. Eles s\u00e3o muito \u00fateis porque permitem que um site reconhe\u00e7a voc\u00ea e seus movimentos de navega\u00e7\u00e3o e, assim, forne\u00e7a um servi\u00e7o adicional para melhorar sua experi\u00eancia como usu\u00e1rio. Isso consiste em aumentar o conforto de sua navega\u00e7\u00e3o, fornecer uma conex\u00e3o segura e ajustar aos seus interesses o conte\u00fado mostrado nas p\u00e1ginas.<\/p>\n<p>&nbsp;<\/p>\n<h2> Qual \u00e9 a sua finalidade?<\/h2>\n<p>Os cookies permitem que os sites \u201creconhe\u00e7am\u201d seu dispositivo, \u201cavisem\u201d que voc\u00ea est\u00e1 visualizando uma determinada p\u00e1gina e personalizem as informa\u00e7\u00f5es que voc\u00ea v\u00ea.  Ao visitar nosso site, por exemplo, os cookies adaptam aos seus interesses as informa\u00e7\u00f5es e servi\u00e7os oferecidos, para proporcionar uma melhor experi\u00eancia e obter informa\u00e7\u00f5es anal\u00edticas sobre sua navega\u00e7\u00e3o.<\/p>\n<p>&nbsp;<\/p>\n<h2>Quais s\u00e3o os tipos de cookies existentes?<\/h2>\n<p>Um cookie pode ser classificado conforme sua finalidade, seu ciclo de vida e o dom\u00ednio ao qual pertence. Os cookies podem servir para diferentes finalidades, tais como:<\/p>\n<ul>\n<li>Cookies que permitem um bom funcionamento de um site ou aplicativo.<\/li>\n<li>Cookies que permitem salvar certas prefer\u00eancias ou hist\u00f3ricos para que voc\u00ea possa navegar facilmente pelo site sem a necessidade de reintroduzir as mesmas informa\u00e7\u00f5es em visitas futuras (lembrar o idioma escolhido, os nomes de usu\u00e1rio, as senhas etc.).<\/li>\n<li>Cookies que podem analisar seu comportamento no site para compreender melhor suas necessidades, adaptar o nosso site de acordo com elas e oferecer a voc\u00ea uma melhor experi\u00eancia de usu\u00e1rio (que p\u00e1ginas voc\u00ea consultou e durante quanto tempo, n\u00famero de visitas ao site, a partir de onde voc\u00ea o visitou, etc.).\n<\/li>\n<p>&nbsp;<br \/>\n<strong>Conforme seu ciclo de vida, um cookie pode ser:<\/strong><\/p>\n<li><strong>Cookie de sess\u00e3o:\u00a0<\/strong>\u00c9 apagado quando o usu\u00e1rio fecha o browser; ou<\/li>\n<li><strong>Cookie persistente:\u00a0<\/strong>Permanece no computador\/dispositivo do usu\u00e1rio durante um per\u00edodo de tempo predefinido.\u2028Conforme o dom\u00ednio ao qual pertence, podem ser:<\/li>\n<li><strong>Cookies originais:\u00a0<\/strong> S\u00e3o colocados pelo servidor da p\u00e1gina visitada e compartilham o mesmo dom\u00ednio.<\/li>\n<li><strong>Cookies de terceiros:\u00a0<\/strong>S\u00e3o armazenados por um dom\u00ednio diferente do da p\u00e1gina visitada.<\/li>\n<\/ul>\n<p>&nbsp;<\/p>\n<h2>Que tipos de cookies este site utiliza?<\/h2>\n<p>Utilizamos cookies para personalizar a experi\u00eancia dos nossos clientes em nossos sites. Eles nos indicam quais as p\u00e1ginas mais visitadas, nos ajudam a medir a efetividade da publicidade e das buscas na internet, e nos d\u00e3o uma ideia da maneira como os usu\u00e1rios interagem com nossos sites.<\/p>\n<p>O site do Andbank usa cookies para:<\/p>\n<ul>\n<li><strong>Garantir o bom funcionamento dos sites.<\/strong><\/li>\n<li><strong>Armazenar suas prefer\u00eancias, tais como o idioma selecionado.<\/strong><\/li>\n<li><strong> Saber mais sobre sua experi\u00eancia de navega\u00e7\u00e3o.<\/strong><\/li>\n<li><strong>Coletar informa\u00e7\u00f5es estat\u00edsticas an\u00f4nimas, tais como as p\u00e1ginas que foram visitadas ou quanto durou a navega\u00e7\u00e3o em nosso site.<\/strong><\/li>\n<\/ul>\n<p>&nbsp;<\/p>\n<h2>Uso de cookies pelo Andbank<\/h2>\n<p>Quando voc\u00ea visita nosso site, n\u00f3s reunimos informa\u00e7\u00f5es padronizadas da internet, assim como detalhes sobre os padr\u00f5es de comportamento do visitante. Estas informa\u00e7\u00f5es n\u00e3o cont\u00eam nenhum dado de car\u00e1ter pessoal e n\u00e3o est\u00e3o associadas a outras informa\u00e7\u00f5es que permitam a identifica\u00e7\u00e3o do usu\u00e1rio. Caso sejam necess\u00e1rios dados pessoais, eles ser\u00e3o solicitados a voc\u00ea de forma expl\u00edcita.<\/p>\n<p>&nbsp;<\/p>\n<h2>Controle e administra\u00e7\u00e3o dos cookies<\/h2>\n<p>Para permitir, conhecer, bloquear ou remover cookies instalados em seu dispositivo, voc\u00ea pode utilizar a configura\u00e7\u00e3o de op\u00e7\u00f5es do navegador instalado em seu computador. Abaixo, voc\u00ea pode encontrar os links dos principais navegadores e dispositivos, a fim de que possa dispor de todas as informa\u00e7\u00f5es para saber como gerenciar os cookies no seu navegador. <\/p>\n<ul>\n<li><strong>Firefox: <\/strong><a href=\"http:\/\/support.mozilla.org\/en-US\" target=\"_blank\" rel=\"noopener\">http:\/\/support.mozilla.org\/en-US<\/a><\/li>\n<li><strong>Internet Explorer: <\/strong><a href=\"http:\/\/support.microsoft.com\/en-gb\" target=\"_blank\" rel=\"noopener\">http:\/\/support.microsoft.com\/en-gb<\/a><\/li>\n<li><strong>Safari: <\/strong><a href=\"http:\/\/support.apple.com\/en-gb\/HT201265\" target=\"_blank\" rel=\"noopener\">http:\/\/support.apple.com\/en-gb\/HT201265<\/a><\/li>\n<li><strong>Opera: <\/strong><a>http:\/\/help.opera.com\/en\/latest\/web-preferences\/#cookies <\/a><\/li>\n<li><strong>Google Chrome: <\/strong><a href=\"https:\/\/support.google.com\/chrome\/answer\/95647?hl=en-GB\" target=\"_blank\" rel=\"noopener\">https:\/\/support.google.com\/chrome\/answer\/95647?hl=en-GB<\/a><\/li>\n<\/ul>\n<p>&nbsp;<\/p>\n<h2>Como desabilitar cookies<\/h2>\n<p>Os navegadores s\u00e3o as ferramentas respons\u00e1veis por armazenar os cookies, e atrav\u00e9s deles voc\u00ea pode exercer seu direito de apag\u00e1-los ou desabilit\u00e1-los. O tratamento correto ou incorreto dos cookies realizado pelos navegadores acima mencionados n\u00e3o pode ser garantido por este site nem pelos seus representantes legais.<\/p>\n<p>Qualquer usu\u00e1rio pode configurar seu navegador para bloquear os cookies automaticamente. \u00c9 poss\u00edvel remover cookies armazenados no navegador ou impedir que novos cookies sejam armazenados. Voc\u00ea pode encontrar informa\u00e7\u00f5es espec\u00edficas sobre cada navegador na se\u00e7\u00e3o \u201cHelp\u201d (Ajuda) do mesmo. Tamb\u00e9m pode procurar artigos de apoio digitando pesquisas como: \u201cComo desabilitar cookies no navegador\u201d<\/p>\n<p>&nbsp;<\/p>\n<h2>Voc\u00ea n\u00e3o quer que sejam utilizados cookies?<\/h2>\n<p>Se voc\u00ea prefere que o Andbank e seus parceiros n\u00e3o enviem (certos) cookies ao seu dispositivo, pode indic\u00e1-lo quando utilizar nosso site pela primeira vez.\u2028<br \/>\nObserve que ao desativar (certos) cookies, algumas partes do site podem deixar de funcionar (integralmente) e voc\u00ea n\u00e3o ter\u00e1 acesso a todas as funcionalidades do mesmo. Ao continuar navegando pelo nosso site, voc\u00ea nos autoriza a armazenar cookies em seu dispositivo.<\/p>\n<p>&nbsp;<\/p>\n<h2>Atualiza\u00e7\u00f5es da Pol\u00edtica de Cookies<\/h2>\n<p>A Pol\u00edtica de Cookies do nosso Site pode ser atualizada; por isso, recomendamos que voc\u00ea revise esta pol\u00edtica sempre que for acess\u00e1-lo, para estar informado de forma adequada sobre a maneira e a finalidade do uso de cookies.<\/p>\n<p>&nbsp;<\/p>\n<h2>Prote\u00e7\u00e3o de dados<\/h2>\n<p>Todas as suas informa\u00e7\u00f5es pessoais s\u00e3o processadas de acordo com a legisla\u00e7\u00e3o aplic\u00e1vel e com nosso aviso de prote\u00e7\u00e3o de dados, que est\u00e1 dispon\u00edvel em nosso site. Voc\u00ea tem v\u00e1rias op\u00e7\u00f5es, dependendo do tipo de navegador que est\u00e1 utilizando. Voc\u00ea pode aceitar ou bloquear todos os cookies ou apenas os procedentes de uma origem em particular. Pode tamb\u00e9m programar o navegador para exibir uma mensagem solicitando sua autoriza\u00e7\u00e3o ou rejei\u00e7\u00e3o de um cookie que est\u00e1 prestes a ser instalado no seu computador. Para fazer ou alterar uma escolha, verifique o menu de Ajuda ou a se\u00e7\u00e3o correspondente no seu browser.<\/p>\n<p>&nbsp;<\/p>\n<h2>Contato<\/h2>\n<p><strong>Caso voc\u00ea tenha algum problema relativo ao uso de cookies deste site, pode entrar em contato conosco atrav\u00e9s do seguinte e-mail: [dpo@andbank.lu]<\/strong><\/p>\n<p>&nbsp;<\/p>\n<h2>Informa\u00e7\u00f5es sobre o site<\/h2>\n<p><a href=\"https:\/\/www.andbank.com\/luxembourg\/pt-br\/cadre-reglementaire\/politique-du-cookies\/\" target=\"_blank\" rel=\"noopener\">(https:\/\/www.andbank.com\/luxembourg\/pt-br\/cadre-reglementaire\/politique-du-cookies\/)<\/a><\/p>\n<p>O consentimento informado do usu\u00e1rio deve ser obtido para o uso de cookies, qualquer que seja sua p\u00e1gina inicial.\u2028<br \/>\nNosso site utiliza cookies pr\u00f3prios e de terceiros para a correta opera\u00e7\u00e3o do mesmo, para o preparo de dados estat\u00edsticos e para a an\u00e1lise dos seus h\u00e1bitos de navega\u00e7\u00e3o. Ao clicar na op\u00e7\u00e3o \u201cAccept\u201d (Aceitar), voc\u00ea aceita sua utiliza\u00e7\u00e3o. Voc\u00ea pode aceitar ou rejeitar a instala\u00e7\u00e3o de cookies clicando em \u201cMore information\u201d (mais informa\u00e7\u00f5es).<\/p>\n","protected":false},"excerpt":{"rendered":"<p>POL\u00cdTICA DE COOKIES O Andbank presta muita aten\u00e7\u00e3o \u00e0s suas expectativas e procura conquistar sua confian\u00e7a. Por isso, queremos fornecer a voc\u00ea informa\u00e7\u00f5es claras sobre nossa pol\u00edtica de envio de cookies deste site para o seu computador, na medida em que isso afeta suas informa\u00e7\u00f5es pessoais. &nbsp; O que s\u00e3o cookies? Cookies s\u00e3o pequenos arquivos [&hellip;]<\/p>\n","protected":false},"author":1,"featured_media":3322,"parent":3321,"menu_order":8,"comment_status":"closed","ping_status":"closed","template":"template-info-detail.php","meta":{"footnotes":""},"yst_prominent_words":[1743,1776,1764,1045,1763,1761,1771,1385,1777,102,1769,1765,207,1775,1766,1762,1744,1742,1075,1773],"class_list":["post-3494","page","type-page","status-publish","has-post-thumbnail","hentry"],"acf":[],"_links":{"self":[{"href":"https:\/\/pre.andbank.com\/luxembourg\/pt-br\/wp-json\/wp\/v2\/pages\/3494"}],"collection":[{"href":"https:\/\/pre.andbank.com\/luxembourg\/pt-br\/wp-json\/wp\/v2\/pages"}],"about":[{"href":"https:\/\/pre.andbank.com\/luxembourg\/pt-br\/wp-json\/wp\/v2\/types\/page"}],"author":[{"embeddable":true,"href":"https:\/\/pre.andbank.com\/luxembourg\/pt-br\/wp-json\/wp\/v2\/users\/1"}],"replies":[{"embeddable":true,"href":"https:\/\/pre.andbank.com\/luxembourg\/pt-br\/wp-json\/wp\/v2\/comments?post=3494"}],"version-history":[{"count":0,"href":"https:\/\/pre.andbank.com\/luxembourg\/pt-br\/wp-json\/wp\/v2\/pages\/3494\/revisions"}],"up":[{"embeddable":true,"href":"https:\/\/pre.andbank.com\/luxembourg\/pt-br\/wp-json\/wp\/v2\/pages\/3321"}],"wp:featuredmedia":[{"embeddable":true,"href":"https:\/\/pre.andbank.com\/luxembourg\/pt-br\/wp-json\/wp\/v2\/media\/3322"}],"wp:attachment":[{"href":"https:\/\/pre.andbank.com\/luxembourg\/pt-br\/wp-json\/wp\/v2\/media?parent=3494"}],"wp:term":[{"taxonomy":"yst_prominent_words","embeddable":true,"href":"https:\/\/pre.andbank.com\/luxembourg\/pt-br\/wp-json\/wp\/v2\/yst_prominent_words?post=3494"}],"curies":[{"name":"wp","href":"https:\/\/api.w.org\/{rel}","templated":true}]}}