{"id":3469,"date":"2017-04-19T09:18:02","date_gmt":"2017-04-19T07:18:02","guid":{"rendered":"https:\/\/www.andbank.com\/lxb\/qui-sommes-nous\/travailler-chez-andbank\/"},"modified":"2023-04-02T19:26:16","modified_gmt":"2023-04-02T17:26:16","slug":"travailler-chez-andbank","status":"publish","type":"page","link":"https:\/\/pre.andbank.com\/luxembourg\/pt-br\/qui-sommes-nous\/travailler-chez-andbank\/","title":{"rendered":"Trabalhar no Andbank"},"content":{"rendered":"<p>O nosso compromisso \u00e9 atrair os melhores talentos, onde quer que estejam, para complementar assim uma equipe de profissionais excepcionais, que compartilham a nossa filosofia e valores de trabalho.<\/p>\n<p>Se voc\u00ea deseja fazer parte de uma equipe jovem e inovadora, com uma elevada voca\u00e7\u00e3o de servi\u00e7o e apaixonada pelo seu trabalho, envie-nos o seu curr\u00edculo atrav\u00e9s do seguinte formul\u00e1rio.<\/p>\n","protected":false},"excerpt":{"rendered":"<p>Somos uma empresa compromissada com os seus trabalhadores, sempre buscando as melhores op\u00e7\u00f5es de treinamento para garantir aos nossos clientes um servi\u00e7o profissional e de vanguarda.<\/p>\n","protected":false},"author":18,"featured_media":3471,"parent":3325,"menu_order":140,"comment_status":"closed","ping_status":"closed","template":"template-detail.php","meta":{"footnotes":""},"yst_prominent_words":[289,762,761,759,758],"class_list":["post-3469","page","type-page","status-publish","has-post-thumbnail","hentry"],"acf":[],"_links":{"self":[{"href":"https:\/\/pre.andbank.com\/luxembourg\/pt-br\/wp-json\/wp\/v2\/pages\/3469"}],"collection":[{"href":"https:\/\/pre.andbank.com\/luxembourg\/pt-br\/wp-json\/wp\/v2\/pages"}],"about":[{"href":"https:\/\/pre.andbank.com\/luxembourg\/pt-br\/wp-json\/wp\/v2\/types\/page"}],"author":[{"embeddable":true,"href":"https:\/\/pre.andbank.com\/luxembourg\/pt-br\/wp-json\/wp\/v2\/users\/18"}],"replies":[{"embeddable":true,"href":"https:\/\/pre.andbank.com\/luxembourg\/pt-br\/wp-json\/wp\/v2\/comments?post=3469"}],"version-history":[{"count":1,"href":"https:\/\/pre.andbank.com\/luxembourg\/pt-br\/wp-json\/wp\/v2\/pages\/3469\/revisions"}],"predecessor-version":[{"id":14101,"href":"https:\/\/pre.andbank.com\/luxembourg\/pt-br\/wp-json\/wp\/v2\/pages\/3469\/revisions\/14101"}],"up":[{"embeddable":true,"href":"https:\/\/pre.andbank.com\/luxembourg\/pt-br\/wp-json\/wp\/v2\/pages\/3325"}],"wp:featuredmedia":[{"embeddable":true,"href":"https:\/\/pre.andbank.com\/luxembourg\/pt-br\/wp-json\/wp\/v2\/media\/3471"}],"wp:attachment":[{"href":"https:\/\/pre.andbank.com\/luxembourg\/pt-br\/wp-json\/wp\/v2\/media?parent=3469"}],"wp:term":[{"taxonomy":"yst_prominent_words","embeddable":true,"href":"https:\/\/pre.andbank.com\/luxembourg\/pt-br\/wp-json\/wp\/v2\/yst_prominent_words?post=3469"}],"curies":[{"name":"wp","href":"https:\/\/api.w.org\/{rel}","templated":true}]}}