{"id":3460,"date":"2017-04-19T10:22:16","date_gmt":"2017-04-19T08:22:16","guid":{"rendered":"https:\/\/www.andbank.com\/lxb\/cadre-reglementaire-la-banque\/"},"modified":"2024-04-25T10:29:28","modified_gmt":"2024-04-25T08:29:28","slug":"cadre-reglementaire-la-banque","status":"publish","type":"page","link":"https:\/\/pre.andbank.com\/luxembourg\/pt-br\/cadre-reglementaire-la-banque\/","title":{"rendered":"Quadro Regulamentar do Banco"},"content":{"rendered":"<h2>DMIF<\/h2>\n<ul>\n<li><a href=\"https:\/\/www.andbank.com\/lxb\/wp-content\/uploads\/sites\/24\/2018\/01\/fr-demande-de-changement-de-catgorie-mifid.pdf\" target=\"_blank\" rel=\"noopener\">Pedido de altera\u00e7\u00e3o da categoria DMIF<\/a><\/li>\n<li><a href=\"https:\/\/www.andbank.com\/luxembourg\/wp-content\/uploads\/sites\/24\/2024\/03\/LUX-POL-012-Best-Execution-Order-Management_v5.3.pdf\" target=\"_blank\" rel=\"noopener\">Pol\u00edtica de Execu\u00e7\u00e3o nas Melhores Condi\u00e7\u00f5es<\/a><\/li>\n<li><a href=\"https:\/\/www.andbank.com\/luxembourg\/wp-content\/uploads\/sites\/24\/2024\/03\/LUX-POL-004-Conflicts-of-Interest-Policy_v8.1.pdf\">Pol\u00edtica de Conflitos de Interesses<\/a><\/li>\n<li><a href=\"https:\/\/www.andbank.com\/luxembourg\/wp-content\/uploads\/sites\/24\/2017\/04\/POLICY-SAFEGUARDING-FIN-INSTRUMENTS-AND-FUNDS-word-website.pdf\" target=\"_blank\" rel=\"noopener\">Pol\u00edtica de Salvaguarda de Instrumentos Financeiros<\/a><\/li>\n<li><a href=\"https:\/\/www.andbank.com\/luxembourg\/wp-content\/uploads\/sites\/24\/2017\/04\/Overview-of-the-Main-Characteristics-and-risks.pdf\" target=\"_blank\" rel=\"noopener\">Guia de Instrumentos Financeiros<\/a><\/li>\n<li><a href=\"https:\/\/www.andbank.com\/luxembourg\/wp-content\/uploads\/sites\/24\/2024\/03\/LUX-POL-011-Inducements-Policy-v2.5.pdf\" target=\"_blank\" rel=\"noopener\">Pol\u00edtica de Incentivos<\/a><\/li>\n<li><a href=\"https:\/\/www.andbank.com\/wp-content\/uploads\/2023\/10\/Top-5-Venues-2022.pdf\" target=\"_blank\" rel=\"noopener\">Top 5 Execution Venues<\/a><\/li>\n<\/ul>\n<p>&nbsp;<\/p>\n<h2>US Patriot Act Certificate<\/h2>\n<ul>\n<li><a href=\"https:\/\/www.andbank.com\/luxembourg\/wp-content\/uploads\/sites\/24\/2024\/03\/2024-03-01-Modelo-USA-Patriot-Act.pdf\" target=\"_blank\" rel=\"noopener\">Acesse o USA PATRIOT ACT CERTIFICATE<\/a><\/li>\n<\/ul>\n<p>&nbsp;<\/p>\n<h2>Reclama\u00e7\u00f5es<\/h2>\n<ul>\n<li><a href=\"https:\/\/www.andbank.com\/luxembourg\/wp-content\/uploads\/sites\/24\/2024\/03\/LUX-POL-051-Complaint-Handling-Policy-Website-version.pdf\" target=\"_blank\" rel=\"noopener\">Como apresentar uma reclama\u00e7\u00e3o<\/a><\/li>\n<\/ul>\n<p>&nbsp;<\/p>\n<h2>Condi\u00e7\u00f5es Gerais<\/h2>\n<ul>\n<li><a href=\"https:\/\/www.andbank.com\/luxembourg\/wp-content\/uploads\/sites\/24\/2023\/10\/GTC-ANDBANK-_-EN-V8.pdf\" target=\"_blank\" rel=\"noopener\">Informa\u00e7\u00f5es sobre as Condi\u00e7\u00f5es Gerais<\/a><\/li>\n<\/ul>\n<p>&nbsp;<\/p>\n<h2>Garantia de dep\u00f3sitos<\/h2>\n<ul>\n<li><a href=\"https:\/\/www.andbank.com\/lxb\/wp-content\/uploads\/sites\/24\/2018\/01\/information-about-the-protection-of-deposit.pdf\" target=\"_blank\" rel=\"noopener\">Informa\u00e7\u00f5es sobre a garantia de dep\u00f3sito<\/a><\/li>\n<\/ul>\n<p>&nbsp;<\/p>\n<h2>Pillar III<\/h2>\n<ul>\n<li><a href=\"https:\/\/www.andbank.com\/andorra\/wp-content\/uploads\/sites\/10\/2024\/03\/Pillar-III-2022-Final.pdf\" target=\"_blank\" rel=\"noopener\">Pilar III Disclosure<\/a><\/li>\n<\/ul>\n<p>&nbsp;<\/p>\n<h2>Personal Data Protection Notices<\/h2>\n<ul>\n<li><a href=\"https:\/\/www.andbank.com\/luxembourg\/wp-content\/uploads\/sites\/24\/2023\/10\/Data-protection-notice-FV-05-09-2023.pdf\" target=\"_blank\" rel=\"noopener\">Personal Data Protection Notice<\/a><\/li>\n<li><a href=\"https:\/\/www.andbank.com\/luxembourg\/wp-content\/uploads\/sites\/24\/2023\/10\/Videosurveillance-notice-19-09-2023.pdf\" target=\"_blank\" rel=\"noopener\">Video vigil\u00e2ncia<\/a><\/li>\n<\/ul>\n<p>&nbsp;<\/p>\n<h2>Applicable Fees Private Banking<\/h2>\n<ul>\n<li><a href=\"https:\/\/www.andbank.com\/luxembourg\/wp-content\/uploads\/sites\/24\/2023\/09\/andbank_tarifes_2023_LUX_2_EN.pdf\" target=\"_blank\" rel=\"noopener\">Applicable Fees Private Banking<\/a><\/li>\n<\/ul>\n<p>&nbsp;<\/p>\n<h2>Sustainable Investment Policy<\/h2>\n<ul>\n<li><a href=\"https:\/\/www.andbank.com\/luxembourg\/wp-content\/uploads\/sites\/24\/2017\/04\/Sustainable-Investment-Policy-Andbank-Luxembourg-Last-002.pdf\" target=\"_blank\" rel=\"noopener\">Sustainable Investment Policy<\/a><\/li>\n<li><a href=\"https:\/\/www.andbank.com\/luxembourg\/wp-content\/uploads\/sites\/24\/2023\/12\/Disclosure-under-Article-5-of-the-Sustainable-Finance-Disclosure-Regulation.pdf\" target=\"_blank\" rel=\"noopener\">Disclosure under Article 5 of the SFDR<\/a><\/li>\n<\/ul>\n<p>&nbsp;<\/p>\n<h2>Canal Denuncias<\/h2>\n<ul>\n<li><a href=\"https:\/\/www.andbank.com\/luxembourg\/pt-br\/canal-denuncias\/\">Canal Denuncias<\/a><\/li>\n<\/ul>\n<p>&nbsp;<\/p>\n<h2>Pol\u00edticas de governa\u00e7\u00e3o e remunera\u00e7\u00e3o<\/h2>\n<ul>\n<li><a href=\"https:\/\/www.andbank.com\/luxembourg\/wp-content\/uploads\/sites\/24\/2024\/04\/LUX-POL-006-Remuneration-policy_v12.3-CLEAN.pdf\" target=\"_blank\" rel=\"noopener\">Pol\u00edtica de Remunera\u00e7\u00e3o<\/a><\/li>\n<\/ul>\n<p>&nbsp;<br \/>\n&nbsp;<\/p>\n","protected":false},"excerpt":{"rendered":"<p>DMIF Pedido de altera\u00e7\u00e3o da categoria DMIF Pol\u00edtica de Execu\u00e7\u00e3o nas Melhores Condi\u00e7\u00f5es Pol\u00edtica de Conflitos de Interesses Pol\u00edtica de Salvaguarda de Instrumentos Financeiros Guia de Instrumentos Financeiros Pol\u00edtica de Incentivos Top 5 Execution Venues &nbsp; US Patriot Act Certificate Acesse o USA PATRIOT ACT CERTIFICATE &nbsp; Reclama\u00e7\u00f5es Como apresentar uma reclama\u00e7\u00e3o &nbsp; Condi\u00e7\u00f5es Gerais [&hellip;]<\/p>\n","protected":false},"author":18,"featured_media":3322,"parent":0,"menu_order":1,"comment_status":"closed","ping_status":"closed","template":"","meta":{"footnotes":""},"yst_prominent_words":[2065,2061,2060,766,2066,2064,767,1220,2194,91,1684,1211,786,2193,2192],"class_list":["post-3460","page","type-page","status-publish","has-post-thumbnail","hentry"],"acf":[],"_links":{"self":[{"href":"https:\/\/pre.andbank.com\/luxembourg\/pt-br\/wp-json\/wp\/v2\/pages\/3460"}],"collection":[{"href":"https:\/\/pre.andbank.com\/luxembourg\/pt-br\/wp-json\/wp\/v2\/pages"}],"about":[{"href":"https:\/\/pre.andbank.com\/luxembourg\/pt-br\/wp-json\/wp\/v2\/types\/page"}],"author":[{"embeddable":true,"href":"https:\/\/pre.andbank.com\/luxembourg\/pt-br\/wp-json\/wp\/v2\/users\/18"}],"replies":[{"embeddable":true,"href":"https:\/\/pre.andbank.com\/luxembourg\/pt-br\/wp-json\/wp\/v2\/comments?post=3460"}],"version-history":[{"count":24,"href":"https:\/\/pre.andbank.com\/luxembourg\/pt-br\/wp-json\/wp\/v2\/pages\/3460\/revisions"}],"predecessor-version":[{"id":14839,"href":"https:\/\/pre.andbank.com\/luxembourg\/pt-br\/wp-json\/wp\/v2\/pages\/3460\/revisions\/14839"}],"wp:featuredmedia":[{"embeddable":true,"href":"https:\/\/pre.andbank.com\/luxembourg\/pt-br\/wp-json\/wp\/v2\/media\/3322"}],"wp:attachment":[{"href":"https:\/\/pre.andbank.com\/luxembourg\/pt-br\/wp-json\/wp\/v2\/media?parent=3460"}],"wp:term":[{"taxonomy":"yst_prominent_words","embeddable":true,"href":"https:\/\/pre.andbank.com\/luxembourg\/pt-br\/wp-json\/wp\/v2\/yst_prominent_words?post=3460"}],"curies":[{"name":"wp","href":"https:\/\/api.w.org\/{rel}","templated":true}]}}