{"id":3455,"date":"2017-04-19T11:53:59","date_gmt":"2017-04-19T09:53:59","guid":{"rendered":"https:\/\/www.andbank.com\/lxb\/qui-sommes-nous\/salle-de-prese\/"},"modified":"2020-07-24T15:15:57","modified_gmt":"2020-07-24T13:15:57","slug":"salle-de-prese","status":"publish","type":"page","link":"https:\/\/pre.andbank.com\/luxembourg\/pt-br\/qui-sommes-nous\/salle-de-prese\/","title":{"rendered":"Sala de imprensa"},"content":{"rendered":"","protected":false},"excerpt":{"rendered":"<p>Consulte nossa Sala de Imprensa para saber as \u00faltimas not\u00edcias, nomea\u00e7\u00f5es, pr\u00eamios e novidades do Andbank.<\/p>\n","protected":false},"author":1,"featured_media":3457,"parent":3325,"menu_order":143,"comment_status":"closed","ping_status":"closed","template":"template-news.php","meta":{"footnotes":""},"yst_prominent_words":[],"class_list":["post-3455","page","type-page","status-publish","has-post-thumbnail","hentry"],"acf":[],"_links":{"self":[{"href":"https:\/\/pre.andbank.com\/luxembourg\/pt-br\/wp-json\/wp\/v2\/pages\/3455"}],"collection":[{"href":"https:\/\/pre.andbank.com\/luxembourg\/pt-br\/wp-json\/wp\/v2\/pages"}],"about":[{"href":"https:\/\/pre.andbank.com\/luxembourg\/pt-br\/wp-json\/wp\/v2\/types\/page"}],"author":[{"embeddable":true,"href":"https:\/\/pre.andbank.com\/luxembourg\/pt-br\/wp-json\/wp\/v2\/users\/1"}],"replies":[{"embeddable":true,"href":"https:\/\/pre.andbank.com\/luxembourg\/pt-br\/wp-json\/wp\/v2\/comments?post=3455"}],"version-history":[{"count":0,"href":"https:\/\/pre.andbank.com\/luxembourg\/pt-br\/wp-json\/wp\/v2\/pages\/3455\/revisions"}],"up":[{"embeddable":true,"href":"https:\/\/pre.andbank.com\/luxembourg\/pt-br\/wp-json\/wp\/v2\/pages\/3325"}],"wp:featuredmedia":[{"embeddable":true,"href":"https:\/\/pre.andbank.com\/luxembourg\/pt-br\/wp-json\/wp\/v2\/media\/3457"}],"wp:attachment":[{"href":"https:\/\/pre.andbank.com\/luxembourg\/pt-br\/wp-json\/wp\/v2\/media?parent=3455"}],"wp:term":[{"taxonomy":"yst_prominent_words","embeddable":true,"href":"https:\/\/pre.andbank.com\/luxembourg\/pt-br\/wp-json\/wp\/v2\/yst_prominent_words?post=3455"}],"curies":[{"name":"wp","href":"https:\/\/api.w.org\/{rel}","templated":true}]}}