{"id":3443,"date":"2017-06-28T17:32:28","date_gmt":"2017-06-28T15:32:28","guid":{"rendered":"https:\/\/www.andbank.com\/lxb\/analyse-de-marches\/avis-corporatif\/"},"modified":"2023-07-17T18:29:42","modified_gmt":"2023-07-17T16:29:42","slug":"opiniao-corporativa","status":"publish","type":"page","link":"https:\/\/pre.andbank.com\/luxembourg\/pt-br\/analyse-de-marches\/opiniao-corporativa\/","title":{"rendered":"Opini\u00e3o corporativa"},"content":{"rendered":"<h2>Opini\u00e3o corporativa<\/h2>\n<p class=\"subtitle title7\">O Andbank publica mensalmente um relat\u00f3rio no qual compila a opini\u00e3o corporativa da institui\u00e7\u00e3o sobre as perspectivas da economia e dos mercados financeiros em n\u00edvel local e global. Conhe\u00e7a a opini\u00e3o corporativa do Andbank proporcionada pelo nosso economista chefe, \u00c0lex Fust\u00e9.<\/p>\n","protected":false},"excerpt":{"rendered":"<p>O Andbank publica mensalmente um relat\u00f3rio no qual compila a opini\u00e3o corporativa da institui\u00e7\u00e3o sobre as perspectivas da economia e dos mercados financeiros em n\u00edvel local e global. Conhe\u00e7a a opini\u00e3o corporativa do Andbank proporcionada pelo nosso economista chefe, \u00c0lex Fust\u00e9.<\/p>\n","protected":false},"author":18,"featured_media":0,"parent":3339,"menu_order":0,"comment_status":"closed","ping_status":"closed","template":"template-market-blog.php","meta":{"footnotes":""},"yst_prominent_words":[19,18,779,775,770],"class_list":["post-3443","page","type-page","status-publish","hentry"],"acf":[],"_links":{"self":[{"href":"https:\/\/pre.andbank.com\/luxembourg\/pt-br\/wp-json\/wp\/v2\/pages\/3443"}],"collection":[{"href":"https:\/\/pre.andbank.com\/luxembourg\/pt-br\/wp-json\/wp\/v2\/pages"}],"about":[{"href":"https:\/\/pre.andbank.com\/luxembourg\/pt-br\/wp-json\/wp\/v2\/types\/page"}],"author":[{"embeddable":true,"href":"https:\/\/pre.andbank.com\/luxembourg\/pt-br\/wp-json\/wp\/v2\/users\/18"}],"replies":[{"embeddable":true,"href":"https:\/\/pre.andbank.com\/luxembourg\/pt-br\/wp-json\/wp\/v2\/comments?post=3443"}],"version-history":[{"count":6,"href":"https:\/\/pre.andbank.com\/luxembourg\/pt-br\/wp-json\/wp\/v2\/pages\/3443\/revisions"}],"predecessor-version":[{"id":14153,"href":"https:\/\/pre.andbank.com\/luxembourg\/pt-br\/wp-json\/wp\/v2\/pages\/3443\/revisions\/14153"}],"up":[{"embeddable":true,"href":"https:\/\/pre.andbank.com\/luxembourg\/pt-br\/wp-json\/wp\/v2\/pages\/3339"}],"wp:attachment":[{"href":"https:\/\/pre.andbank.com\/luxembourg\/pt-br\/wp-json\/wp\/v2\/media?parent=3443"}],"wp:term":[{"taxonomy":"yst_prominent_words","embeddable":true,"href":"https:\/\/pre.andbank.com\/luxembourg\/pt-br\/wp-json\/wp\/v2\/yst_prominent_words?post=3443"}],"curies":[{"name":"wp","href":"https:\/\/api.w.org\/{rel}","templated":true}]}}