{"id":3438,"date":"2017-07-11T13:47:04","date_gmt":"2017-07-11T11:47:04","guid":{"rendered":"https:\/\/www.andbank.com\/lxb\/qui-sommes-nous\/luxembourg-in-figures\/"},"modified":"2021-02-01T16:54:03","modified_gmt":"2021-02-01T14:54:03","slug":"luxembourg-in-figures","status":"publish","type":"page","link":"https:\/\/pre.andbank.com\/luxembourg\/pt-br\/qui-sommes-nous\/luxembourg-in-figures\/","title":{"rendered":"Luxemburgo em n\u00fameros"},"content":{"rendered":"<p>O Andbank Luxemburgo \u00e9 uma institui\u00e7\u00e3o financeira com licen\u00e7a banc\u00e1ria plena em Luxemburgo e regulamentada pela CSSF.\u00a0Localizado no cora\u00e7\u00e3o da Uni\u00e3o Europeia, Luxemburgo desenvolveu uma lideran\u00e7a no setor financeiro sustentada por sua estabilidade social e pol\u00edtica e pela solv\u00eancia e crescimento da sua economia.<\/p>\n<p>O banco foi fundado em 2010, apenas um ano ap\u00f3s a instala\u00e7\u00e3o do Grupo Andbank no gr\u00e3o-ducado, com o objetivo de oferecer uma gama de produtos e servi\u00e7os de qualidade superior para pessoas f\u00edsicas e institui\u00e7\u00f5es financeiras de alto valor.\u00a0Hoje, operamos em um dos centros financeiros mais din\u00e2micos, inovadores e flex\u00edveis do mundo e atendemos a mais de mil clientes na Europa e na Am\u00e9rica Latina.<\/p>\n<p>O Private Banker ocupa o centro de nossa proposta de valor. A sua experi\u00eancia e capacidades s\u00e3o colocadas a servi\u00e7o dos nossos clientes, constantemente acompanhados e supervisionados por meio da sua rela\u00e7\u00e3o com o Andbank.\u00a0Nossa equipe especializada de Private Bankers tem voca\u00e7\u00e3o de servi\u00e7o e busca oferecer aos clientes solu\u00e7\u00f5es financeiras personalizadas e com maior valor agregado.<\/p>\n<p>&nbsp;<\/p>\n<p>&nbsp;<\/p>\n<p><img loading=\"lazy\" decoding=\"async\" class=\"alignnone size-full wp-image-3285\" src=\"https:\/\/www.andbank.com\/lxb\/wp-content\/uploads\/sites\/24\/2017\/07\/grafico_01-ADBANK_PT.png\" width=\"1200\" height=\"425\" \/><\/p>\n<p>&nbsp;<\/p>\n<p><img loading=\"lazy\" decoding=\"async\" class=\"alignnone size-full wp-image-3272\" src=\"https:\/\/www.andbank.com\/lxb\/wp-content\/uploads\/sites\/24\/2017\/07\/nos_valeurs_luxembourg_PT.png\" width=\"1180\" height=\"454\" \/><\/p>\n","protected":false},"excerpt":{"rendered":"<p>O Andbank Luxemburgo \u00e9 uma institui\u00e7\u00e3o financeira com licen\u00e7a banc\u00e1ria plena em Luxemburgo e regulamentada pela CSSF.<\/p>\n","protected":false},"author":1,"featured_media":3439,"parent":3325,"menu_order":0,"comment_status":"closed","ping_status":"closed","template":"template-detail.php","meta":{"footnotes":""},"yst_prominent_words":[19,30,813,811,779,812,683,816,815,820,822,823,739,818,819,809,821,814,759,817],"class_list":["post-3438","page","type-page","status-publish","has-post-thumbnail","hentry"],"acf":[],"_links":{"self":[{"href":"https:\/\/pre.andbank.com\/luxembourg\/pt-br\/wp-json\/wp\/v2\/pages\/3438"}],"collection":[{"href":"https:\/\/pre.andbank.com\/luxembourg\/pt-br\/wp-json\/wp\/v2\/pages"}],"about":[{"href":"https:\/\/pre.andbank.com\/luxembourg\/pt-br\/wp-json\/wp\/v2\/types\/page"}],"author":[{"embeddable":true,"href":"https:\/\/pre.andbank.com\/luxembourg\/pt-br\/wp-json\/wp\/v2\/users\/1"}],"replies":[{"embeddable":true,"href":"https:\/\/pre.andbank.com\/luxembourg\/pt-br\/wp-json\/wp\/v2\/comments?post=3438"}],"version-history":[{"count":0,"href":"https:\/\/pre.andbank.com\/luxembourg\/pt-br\/wp-json\/wp\/v2\/pages\/3438\/revisions"}],"up":[{"embeddable":true,"href":"https:\/\/pre.andbank.com\/luxembourg\/pt-br\/wp-json\/wp\/v2\/pages\/3325"}],"wp:featuredmedia":[{"embeddable":true,"href":"https:\/\/pre.andbank.com\/luxembourg\/pt-br\/wp-json\/wp\/v2\/media\/3439"}],"wp:attachment":[{"href":"https:\/\/pre.andbank.com\/luxembourg\/pt-br\/wp-json\/wp\/v2\/media?parent=3438"}],"wp:term":[{"taxonomy":"yst_prominent_words","embeddable":true,"href":"https:\/\/pre.andbank.com\/luxembourg\/pt-br\/wp-json\/wp\/v2\/yst_prominent_words?post=3438"}],"curies":[{"name":"wp","href":"https:\/\/api.w.org\/{rel}","templated":true}]}}