{"id":3432,"date":"2017-07-12T14:09:59","date_gmt":"2017-07-12T12:09:59","guid":{"rendered":"https:\/\/www.andbank.com\/lxb\/gestion-dactifs\/services-et-produits\/"},"modified":"2021-08-10T11:03:17","modified_gmt":"2021-08-10T09:03:17","slug":"services-et-produits","status":"publish","type":"page","link":"https:\/\/pre.andbank.com\/luxembourg\/pt-br\/gestion-dactifs\/services-et-produits\/","title":{"rendered":"Servi\u00e7os e Produtos"},"content":{"rendered":"<p>O <strong>Andbank Asset Management Luxembourg<\/strong> prop\u00f5e solu\u00e7\u00f5es para o estabelecimento, supervis\u00e3o e delega\u00e7\u00e3o de todos os servi\u00e7os ligados \u00e0s empresas de gest\u00e3o, incluindo a configura\u00e7\u00e3o completa do seu Fundo de Investimento, a Gest\u00e3o de Riscos, a disponibiliza\u00e7\u00e3o de Diretor e o ambiente completo necess\u00e1rio para a boa administra\u00e7\u00e3o e conserva\u00e7\u00e3o do seu fundo de investimento.<\/p>\n<p>O Andbank Asset Management Luxembourg tamb\u00e9m est\u00e1 autorizado pela CSSF como gestor de fundos de investimento alternativos (GFIA), de acordo com as disposi\u00e7\u00f5es da Lei relativa aos gestores de fundos de investimento, de 12 de julho de 2013.<\/p>\n<p>O Andbank Asset Management Luxembourg tamb\u00e9m oferece um servi\u00e7o completo de representa\u00e7\u00e3o e comercializa\u00e7\u00e3o de fundos de investimento nos principais centros financeiros estrangeiros.<\/p>\n<p><strong>Quer seja para o seu Fundo ou para um dos compartimentos que colocamos \u00e0 sua disposi\u00e7\u00e3o, voc\u00ea ter\u00e1:<\/strong><\/p>\n<ul>\n<li>Acesso aos controles sobre normas de investimento (ex ante ou ex post, conforme o caso) e gest\u00e3o de riscos para suas carteiras.<\/li>\n<li>Disponibiliza\u00e7\u00e3o de diretores confirmados, autorizados pela CSSF para os Conselhos de Administra\u00e7\u00e3o e a boa governan\u00e7a dos seus fundos de investimento.<\/li>\n<li>Acesso aos nossos servi\u00e7os de assist\u00eancia na distribui\u00e7\u00e3o e comercializa\u00e7\u00e3o para realizar com sucesso a capta\u00e7\u00e3o de fundos e as rela\u00e7\u00f5es com os clientes.<\/li>\n<\/ul>\n<p><strong>O Andbank Asset Management Luxembourg tamb\u00e9m prop\u00f5e uma sele\u00e7\u00e3o das melhores compensa\u00e7\u00f5es e garante a supervis\u00e3o integral das fun\u00e7\u00f5es delegadas. Auxiliamos nossos clientes na sele\u00e7\u00e3o de prestadores de servi\u00e7os, como:<\/strong><\/p>\n<ul>\n<li>Contabilidade de fundos<\/li>\n<li>Agente de transfer\u00eancia<\/li>\n<li>Auditoria<\/li>\n<li>Representantes legais, agentes de pagamento e agentes fiscais para os pa\u00edses de distribui\u00e7\u00e3o<\/li>\n<\/ul>\n<p>&nbsp;<\/p>\n<h2>Assessoria e acompanhamento jur\u00eddico e operacional<\/h2>\n<p>Durante a cria\u00e7\u00e3o do seu fundo de investimento:<\/p>\n<ul>\n<li>Aconselharemos voc\u00ea sobre a viabilidade de seus projetos, os erros a serem evitados e as solu\u00e7\u00f5es ideais para alcan\u00e7ar seus objetivos.<\/li>\n<li>Nosso departamento jur\u00eddico acompanhar\u00e1 voc\u00ea durante a prepara\u00e7\u00e3o do processo de aprova\u00e7\u00e3o e nas negocia\u00e7\u00f5es com as autoridades de controle.<\/li>\n<li>Nossas equipes de profissionais da \u00e1rea jur\u00eddica garantir\u00e3o a implementa\u00e7\u00e3o legal e operacional do seu projeto pelo melhor pre\u00e7o.<\/li>\n<\/ul>\n<p>&nbsp;<\/p>\n<h2>Domicilia\u00e7\u00e3o<\/h2>\n<p>O Andbank Asset Management Luxembourg oferece um secretariado em conformidade com os requisitos jur\u00eddicos e administrativos impostos pela legisla\u00e7\u00e3o empresarial de Luxemburgo (a lei de 10 de agosto de 1915, modificada, sobre empresas comerciais).<\/p>\n<p>&nbsp;<\/p>\n<h2>Estruturas e produtos<\/h2>\n<p>Propomos a cria\u00e7\u00e3o do seu Fundo em uma das seguintes formas jur\u00eddicas:<\/p>\n<p><strong>Fundos de Luxemburgo:<\/strong><\/p>\n<ul>\n<li>Fundos UCITS (OICVM)<\/li>\n<li>Fundos Parte II da lei de 2010<\/li>\n<li>FIS<\/li>\n<li>SICAR<\/li>\n<\/ul>\n<p><strong>Nas seguintes formas:<\/strong><\/p>\n<ul>\n<li>FCI \u2013 Fundos M\u00fatuos de Investimento \/ SICAV Sociedade de Investimento de Capital Vari\u00e1vel<\/li>\n<\/ul>\n<p><strong>Para as seguintes estrat\u00e9gias de investimento:<\/strong><\/p>\n<ul>\n<li>A\u00e7\u00f5es, Obriga\u00e7\u00f5es, Mista, Monet\u00e1ria, Produtos derivados, Produtos estruturados<\/li>\n<li>Imobili\u00e1rio<\/li>\n<li>Fundos de cobertura<\/li>\n<\/ul>\n","protected":false},"excerpt":{"rendered":"<p>O Andbank Asset Management \u00e9 uma empresa gestora de fundos de investimento empenhada em servir pessoas, empresas e institui\u00e7\u00f5es.<\/p>\n","protected":false},"author":1,"featured_media":3434,"parent":3334,"menu_order":47,"comment_status":"closed","ping_status":"closed","template":"template-detail.php","meta":{"footnotes":""},"yst_prominent_words":[306,177,175,1554,182,176,1557,1558,1555,305,739,1556,1553,1552,1559],"class_list":["post-3432","page","type-page","status-publish","has-post-thumbnail","hentry"],"acf":[],"_links":{"self":[{"href":"https:\/\/pre.andbank.com\/luxembourg\/pt-br\/wp-json\/wp\/v2\/pages\/3432"}],"collection":[{"href":"https:\/\/pre.andbank.com\/luxembourg\/pt-br\/wp-json\/wp\/v2\/pages"}],"about":[{"href":"https:\/\/pre.andbank.com\/luxembourg\/pt-br\/wp-json\/wp\/v2\/types\/page"}],"author":[{"embeddable":true,"href":"https:\/\/pre.andbank.com\/luxembourg\/pt-br\/wp-json\/wp\/v2\/users\/1"}],"replies":[{"embeddable":true,"href":"https:\/\/pre.andbank.com\/luxembourg\/pt-br\/wp-json\/wp\/v2\/comments?post=3432"}],"version-history":[{"count":0,"href":"https:\/\/pre.andbank.com\/luxembourg\/pt-br\/wp-json\/wp\/v2\/pages\/3432\/revisions"}],"up":[{"embeddable":true,"href":"https:\/\/pre.andbank.com\/luxembourg\/pt-br\/wp-json\/wp\/v2\/pages\/3334"}],"wp:featuredmedia":[{"embeddable":true,"href":"https:\/\/pre.andbank.com\/luxembourg\/pt-br\/wp-json\/wp\/v2\/media\/3434"}],"wp:attachment":[{"href":"https:\/\/pre.andbank.com\/luxembourg\/pt-br\/wp-json\/wp\/v2\/media?parent=3432"}],"wp:term":[{"taxonomy":"yst_prominent_words","embeddable":true,"href":"https:\/\/pre.andbank.com\/luxembourg\/pt-br\/wp-json\/wp\/v2\/yst_prominent_words?post=3432"}],"curies":[{"name":"wp","href":"https:\/\/api.w.org\/{rel}","templated":true}]}}