{"id":3427,"date":"2017-07-13T12:56:29","date_gmt":"2017-07-13T10:56:29","guid":{"rendered":"https:\/\/www.andbank.com\/lxb\/gestion-dactifs\/information-sur-la-societe\/"},"modified":"2021-03-04T14:10:15","modified_gmt":"2021-03-04T12:10:15","slug":"information-sur-la-societe","status":"publish","type":"page","link":"https:\/\/pre.andbank.com\/luxembourg\/pt-br\/gestion-dactifs\/information-sur-la-societe\/","title":{"rendered":"Dados da empresa"},"content":{"rendered":"<h2>Andbank Asset Management Luxembourg, S.A.<\/h2>\n<p>&nbsp;<\/p>\n<p><strong>Sede social:<\/strong><\/p>\n<p>4, rue Jean Monnet. L-2180 Luxemburgo. Gr\u00e3o-Ducado de Luxemburgo<\/p>\n<p>&nbsp;<\/p>\n<p><strong>Conselho de administra\u00e7\u00e3o:<\/strong><\/p>\n<ul>\n<li>C\u00e9sar Valcarcel \u2013 Presidente<\/li>\n<li>Ricardo Rodr\u00edguez Fernandez \u2013 Conselheiro<\/li>\n<li>Ivan Baile Santolaria \u2013 Conselheiro<\/li>\n<li>Alain Leonard \u2013 Conselheiro<\/li>\n<li>Philippe Esser \u2013 Conselheiro<\/li>\n<\/ul>\n<p>&nbsp;<\/p>\n<p>Inscrita no Registo Comercial de Luxemburgo, sob o n\u00famero B 147174S.<\/p>\n<p>Sociedade de Gest\u00e3o autorizada e controlada pela Comiss\u00e3o de Fiscaliza\u00e7\u00e3o do Setor Financeiro (CSSF), 283, route d\u2019Arlon, L-1150 Luxemburgo.<\/p>\n","protected":false},"excerpt":{"rendered":"<p>O Andbank Asset Management \u00e9 uma empresa gestora de fundos de investimento empenhada em servir pessoas, empresas e institui\u00e7\u00f5es.<\/p>\n","protected":false},"author":1,"featured_media":3429,"parent":3334,"menu_order":112,"comment_status":"closed","ping_status":"closed","template":"template-detail.php","meta":{"footnotes":""},"yst_prominent_words":[1019,815],"class_list":["post-3427","page","type-page","status-publish","has-post-thumbnail","hentry"],"acf":[],"_links":{"self":[{"href":"https:\/\/pre.andbank.com\/luxembourg\/pt-br\/wp-json\/wp\/v2\/pages\/3427"}],"collection":[{"href":"https:\/\/pre.andbank.com\/luxembourg\/pt-br\/wp-json\/wp\/v2\/pages"}],"about":[{"href":"https:\/\/pre.andbank.com\/luxembourg\/pt-br\/wp-json\/wp\/v2\/types\/page"}],"author":[{"embeddable":true,"href":"https:\/\/pre.andbank.com\/luxembourg\/pt-br\/wp-json\/wp\/v2\/users\/1"}],"replies":[{"embeddable":true,"href":"https:\/\/pre.andbank.com\/luxembourg\/pt-br\/wp-json\/wp\/v2\/comments?post=3427"}],"version-history":[{"count":0,"href":"https:\/\/pre.andbank.com\/luxembourg\/pt-br\/wp-json\/wp\/v2\/pages\/3427\/revisions"}],"up":[{"embeddable":true,"href":"https:\/\/pre.andbank.com\/luxembourg\/pt-br\/wp-json\/wp\/v2\/pages\/3334"}],"wp:featuredmedia":[{"embeddable":true,"href":"https:\/\/pre.andbank.com\/luxembourg\/pt-br\/wp-json\/wp\/v2\/media\/3429"}],"wp:attachment":[{"href":"https:\/\/pre.andbank.com\/luxembourg\/pt-br\/wp-json\/wp\/v2\/media?parent=3427"}],"wp:term":[{"taxonomy":"yst_prominent_words","embeddable":true,"href":"https:\/\/pre.andbank.com\/luxembourg\/pt-br\/wp-json\/wp\/v2\/yst_prominent_words?post=3427"}],"curies":[{"name":"wp","href":"https:\/\/api.w.org\/{rel}","templated":true}]}}