{"id":3413,"date":"2017-07-13T13:09:36","date_gmt":"2017-07-13T11:09:36","guid":{"rendered":"https:\/\/www.andbank.com\/lxb\/banque-privee\/services-investissement\/gestion-discretionnaire\/"},"modified":"2021-08-19T11:55:19","modified_gmt":"2021-08-19T09:55:19","slug":"gestion-discretionnaire","status":"publish","type":"page","link":"https:\/\/pre.andbank.com\/luxembourg\/pt-br\/banque-privee\/services-investissement\/gestion-discretionnaire\/","title":{"rendered":"Gest\u00e3o discricion\u00e1ria"},"content":{"rendered":"<h2>O que \u00e9 Gest\u00e3o Discricion\u00e1ria de Carteira?<\/h2>\n<p>\u00c9 a <strong>delega\u00e7\u00e3o<\/strong> da gest\u00e3o de uma carteira privada em uma institui\u00e7\u00e3o financeira autorizada.<\/p>\n<p>A institui\u00e7\u00e3o gerencia totalmente a seu crit\u00e9rio os ativos do cliente, de acordo com os termos de uma pol\u00edtica de investimento acordada previamente.<\/p>\n<p>&nbsp;<\/p>\n<h2>O que oferecemos?<\/h2>\n<ul>\n<li>A carteira \u00e9 gerenciada e supervisionada por uma equipe <strong>profissional<\/strong> de gestores de carteira que contam com o apoio de estrategistas globais do Andbank, al\u00e9m do apoio de selecionadores de ativos especializados. Podemos administrar carteiras mantidas no Andbank Luxembourg ou em outras institui\u00e7\u00f5es financeiras, de clientes de varejo ou estruturas de investimento de clientes institucionais, como ap\u00f3lices de seguro de vida ou UCI.<\/li>\n<li>Design de carteira <strong>adaptado<\/strong> ao perfil de risco, objetivos, conhecimento e limites ou prefer\u00eancias de investimento adicionais de cada cliente.<\/li>\n<li><strong>Contato direto<\/strong> com o private banker e <strong>acesso<\/strong> aos nossos especialistas.<\/li>\n<li>Oferecemos <strong>informa\u00e7\u00f5es<\/strong> detalhadas, claras e transparentes sobre as carteiras por meio de nossos servi\u00e7os on-line.<\/li>\n<\/ul>\n<p>Solicite mais informa\u00e7\u00f5es sobre o <a href=\"https:\/\/www.andbank.com\/luxembourg\/pt-br\/contact\/\" target=\"_blank\" rel=\"noopener\">Servi\u00e7o de Gerenciamento Discricion\u00e1rio de Carteira<\/a><\/p>\n","protected":false},"excerpt":{"rendered":"<p>Gerenciamos de forma personalizada o patrim\u00f4nio dos nossos clientes com total independ\u00eancia, graduando e controlando em todos os momentos o n\u00edvel de risco e expectativas de rentabilidade que podem ser esperados.<\/p>\n","protected":false},"author":1,"featured_media":3415,"parent":3355,"menu_order":23,"comment_status":"closed","ping_status":"closed","template":"template-detail.php","meta":{"footnotes":""},"yst_prominent_words":[137,153,158,152,150,159,161,156,155,154,131,144,148,37,151,160,134,133,157,147],"class_list":["post-3413","page","type-page","status-publish","has-post-thumbnail","hentry"],"acf":[],"_links":{"self":[{"href":"https:\/\/pre.andbank.com\/luxembourg\/pt-br\/wp-json\/wp\/v2\/pages\/3413"}],"collection":[{"href":"https:\/\/pre.andbank.com\/luxembourg\/pt-br\/wp-json\/wp\/v2\/pages"}],"about":[{"href":"https:\/\/pre.andbank.com\/luxembourg\/pt-br\/wp-json\/wp\/v2\/types\/page"}],"author":[{"embeddable":true,"href":"https:\/\/pre.andbank.com\/luxembourg\/pt-br\/wp-json\/wp\/v2\/users\/1"}],"replies":[{"embeddable":true,"href":"https:\/\/pre.andbank.com\/luxembourg\/pt-br\/wp-json\/wp\/v2\/comments?post=3413"}],"version-history":[{"count":0,"href":"https:\/\/pre.andbank.com\/luxembourg\/pt-br\/wp-json\/wp\/v2\/pages\/3413\/revisions"}],"up":[{"embeddable":true,"href":"https:\/\/pre.andbank.com\/luxembourg\/pt-br\/wp-json\/wp\/v2\/pages\/3355"}],"wp:featuredmedia":[{"embeddable":true,"href":"https:\/\/pre.andbank.com\/luxembourg\/pt-br\/wp-json\/wp\/v2\/media\/3415"}],"wp:attachment":[{"href":"https:\/\/pre.andbank.com\/luxembourg\/pt-br\/wp-json\/wp\/v2\/media?parent=3413"}],"wp:term":[{"taxonomy":"yst_prominent_words","embeddable":true,"href":"https:\/\/pre.andbank.com\/luxembourg\/pt-br\/wp-json\/wp\/v2\/yst_prominent_words?post=3413"}],"curies":[{"name":"wp","href":"https:\/\/api.w.org\/{rel}","templated":true}]}}