{"id":3407,"date":"2017-07-13T13:37:00","date_gmt":"2017-07-13T11:37:00","guid":{"rendered":"https:\/\/www.andbank.com\/lxb\/banque-privee\/financement\/lombard-credits\/"},"modified":"2019-04-08T12:54:25","modified_gmt":"2019-04-08T10:54:25","slug":"lombard-credits","status":"publish","type":"page","link":"https:\/\/pre.andbank.com\/luxembourg\/pt-br\/banque-privee\/financement\/lombard-credits\/","title":{"rendered":"Cr\u00e9ditos Lombardos"},"content":{"rendered":"<p>Os Cr\u00e9ditos Lombardos s\u00e3o uma solu\u00e7\u00e3o atraente que permite aos nossos clientes acessar capital novo ao mediante a penhora de uma carteira existente de ativos financeiros mantida no Andbank Luxembourg ou noutra institui\u00e7\u00e3o financeira.<\/p>\n<p>A garantia fornecida pelo cliente permite-nos oferecer aos nossos clientes taxas de juros atraentes e competitivas.<\/p>\n<p>O valor concedido depende dos ativos da carteira subjacente (ou seja, a garantia). Quanto mais l\u00edquidos e menos arriscados forem os ativos subjacentes, maior o montante que poder\u00e1 ser concedido.<\/p>\n<p>Nossa abordagem conservadora baseada no risco permite-nos oferecer aos clientes propostas atraentes, mantendo altos n\u00edveis de solv\u00eancia, o que contribui para a seguran\u00e7a de nossos depositantes.<\/p>\n<p>&nbsp;<\/p>\n<h2>Cr\u00e9ditos Lombardos Alavancados<\/h2>\n<p>Os Cr\u00e9ditos Lombardos Alavancados permitem que voc\u00ea aproveite as oportunidades de mercado mediante a penhora de sua carteira existente para alavancar seu investimento.<\/p>\n<p>Aos clientes que desejam alavancar uma carteira j\u00e1 gerenciada pelo Andbank Luxembourg s\u00e3o oferecidas em condi\u00e7\u00f5es financeiras ainda melhores.<\/p>\n<p>&nbsp;<\/p>\n<h2>Cr\u00e9ditos Lombardos de Aliena\u00e7\u00e3o<\/h2>\n<p>Os Cr\u00e9ditos Lombardos de Aliena\u00e7\u00e3o permitem que voc\u00ea financie seus projetos a taxas de juros altamente competitivas, enquanto continua a se beneficiar da valoriza\u00e7\u00e3o potencial do capital de sua carteira.<\/p>\n","protected":false},"excerpt":{"rendered":"<p>Satisfazer suas necessidades de liquidez com o Cr\u00e9dito Lombardo.<\/p>\n","protected":false},"author":1,"featured_media":3409,"parent":3351,"menu_order":14,"comment_status":"closed","ping_status":"closed","template":"template-detail.php","meta":{"footnotes":""},"yst_prominent_words":[700,258,277,701,139,695,246,256,164,257,694,698,696,252,697,163,165,184,37,699],"class_list":["post-3407","page","type-page","status-publish","has-post-thumbnail","hentry"],"acf":[],"_links":{"self":[{"href":"https:\/\/pre.andbank.com\/luxembourg\/pt-br\/wp-json\/wp\/v2\/pages\/3407"}],"collection":[{"href":"https:\/\/pre.andbank.com\/luxembourg\/pt-br\/wp-json\/wp\/v2\/pages"}],"about":[{"href":"https:\/\/pre.andbank.com\/luxembourg\/pt-br\/wp-json\/wp\/v2\/types\/page"}],"author":[{"embeddable":true,"href":"https:\/\/pre.andbank.com\/luxembourg\/pt-br\/wp-json\/wp\/v2\/users\/1"}],"replies":[{"embeddable":true,"href":"https:\/\/pre.andbank.com\/luxembourg\/pt-br\/wp-json\/wp\/v2\/comments?post=3407"}],"version-history":[{"count":0,"href":"https:\/\/pre.andbank.com\/luxembourg\/pt-br\/wp-json\/wp\/v2\/pages\/3407\/revisions"}],"up":[{"embeddable":true,"href":"https:\/\/pre.andbank.com\/luxembourg\/pt-br\/wp-json\/wp\/v2\/pages\/3351"}],"wp:featuredmedia":[{"embeddable":true,"href":"https:\/\/pre.andbank.com\/luxembourg\/pt-br\/wp-json\/wp\/v2\/media\/3409"}],"wp:attachment":[{"href":"https:\/\/pre.andbank.com\/luxembourg\/pt-br\/wp-json\/wp\/v2\/media?parent=3407"}],"wp:term":[{"taxonomy":"yst_prominent_words","embeddable":true,"href":"https:\/\/pre.andbank.com\/luxembourg\/pt-br\/wp-json\/wp\/v2\/yst_prominent_words?post=3407"}],"curies":[{"name":"wp","href":"https:\/\/api.w.org\/{rel}","templated":true}]}}