{"id":3401,"date":"2017-07-13T13:50:53","date_gmt":"2017-07-13T11:50:53","guid":{"rendered":"https:\/\/www.andbank.com\/lxb\/banque-privee\/financement\/cartes-de-credit\/"},"modified":"2018-04-25T16:23:33","modified_gmt":"2018-04-25T14:23:33","slug":"cartes-de-credit","status":"publish","type":"page","link":"https:\/\/pre.andbank.com\/luxembourg\/pt-br\/banque-privee\/financement\/cartes-de-credit\/","title":{"rendered":"Cart\u00f5es de cr\u00e9dito"},"content":{"rendered":"<p>Nossos clientes podem contratar o cart\u00e3o Andbank Visa Platinum.\u00a0 O cart\u00e3o de cr\u00e9dito proporciona a voc\u00ea uma gama completa de benef\u00edcios, entre os quais os seguintes:<\/p>\n<ul>\n<li>Financiamento de suas compras e despesas de curto prazo, pagando pouco em comiss\u00f5es e despesas.<\/li>\n<li>Prote\u00e7\u00e3o contra uso fraudulento.<\/li>\n<li>Compras em diversas moedas em todo o mundo.<\/li>\n<li>Benef\u00edcios premium por afilia\u00e7\u00e3o; por exemplo, assist\u00eancia e cobertura completa, seguro de vida e servi\u00e7o de concierge.<\/li>\n<\/ul>\n","protected":false},"excerpt":{"rendered":"<p>O cart\u00e3o de cr\u00e9dito proporciona a voc\u00ea uma gama completa de benef\u00edcios.<\/p>\n","protected":false},"author":1,"featured_media":3403,"parent":3351,"menu_order":16,"comment_status":"closed","ping_status":"closed","template":"template-detail.php","meta":{"footnotes":""},"yst_prominent_words":[137,260,153,266,262,166,263,264,267,265,261,240],"class_list":["post-3401","page","type-page","status-publish","has-post-thumbnail","hentry"],"acf":[],"_links":{"self":[{"href":"https:\/\/pre.andbank.com\/luxembourg\/pt-br\/wp-json\/wp\/v2\/pages\/3401"}],"collection":[{"href":"https:\/\/pre.andbank.com\/luxembourg\/pt-br\/wp-json\/wp\/v2\/pages"}],"about":[{"href":"https:\/\/pre.andbank.com\/luxembourg\/pt-br\/wp-json\/wp\/v2\/types\/page"}],"author":[{"embeddable":true,"href":"https:\/\/pre.andbank.com\/luxembourg\/pt-br\/wp-json\/wp\/v2\/users\/1"}],"replies":[{"embeddable":true,"href":"https:\/\/pre.andbank.com\/luxembourg\/pt-br\/wp-json\/wp\/v2\/comments?post=3401"}],"version-history":[{"count":0,"href":"https:\/\/pre.andbank.com\/luxembourg\/pt-br\/wp-json\/wp\/v2\/pages\/3401\/revisions"}],"up":[{"embeddable":true,"href":"https:\/\/pre.andbank.com\/luxembourg\/pt-br\/wp-json\/wp\/v2\/pages\/3351"}],"wp:featuredmedia":[{"embeddable":true,"href":"https:\/\/pre.andbank.com\/luxembourg\/pt-br\/wp-json\/wp\/v2\/media\/3403"}],"wp:attachment":[{"href":"https:\/\/pre.andbank.com\/luxembourg\/pt-br\/wp-json\/wp\/v2\/media?parent=3401"}],"wp:term":[{"taxonomy":"yst_prominent_words","embeddable":true,"href":"https:\/\/pre.andbank.com\/luxembourg\/pt-br\/wp-json\/wp\/v2\/yst_prominent_words?post=3401"}],"curies":[{"name":"wp","href":"https:\/\/api.w.org\/{rel}","templated":true}]}}