{"id":3382,"date":"2018-01-15T13:55:53","date_gmt":"2018-01-15T11:55:53","guid":{"rendered":"https:\/\/www.andbank.com\/lxb\/analyse-de-marches\/notre-economiste-chef\/"},"modified":"2018-04-25T16:23:54","modified_gmt":"2018-04-25T14:23:54","slug":"notre-economiste-chef","status":"publish","type":"page","link":"https:\/\/pre.andbank.com\/luxembourg\/pt-br\/analyse-de-marches\/notre-economiste-chef\/","title":{"rendered":"Nosso economista chefe"},"content":{"rendered":"<h2>Conhe\u00e7a \u00c0lex Fust\u00e9, Economista chefe<\/h2>\n<p>&nbsp;<\/p>\n<p>\u00c0lex Fust\u00e9 \u00e9 graduado em Economia pela Universitat de Barcelona e atualmente exerce o cargo de Economista chefe do Andbank. Sua experi\u00eancia baseia-se em reunir conhecimentos e informa\u00e7\u00f5es econ\u00f4micas e pol\u00edticas com uma equipe de profissionais de mais de 14 \u00e1reas, processando os dados e formulando uma vis\u00e3o global a partir de perspectivas locais para ajudar seus clientes a compreenderem os mecanismos da economia e da economia e os mercados globais.<\/p>\n","protected":false},"excerpt":{"rendered":"<p>\u00c0lex Fust\u00e9 \u00e9 graduado em Economia pela Universitat de Barcelona e atualmente exerce o cargo de Economista chefe do Andbank.<\/p>\n","protected":false},"author":13,"featured_media":0,"parent":3339,"menu_order":6,"comment_status":"closed","ping_status":"closed","template":"template-market-detail.php","meta":{"footnotes":""},"yst_prominent_words":[399,400,186,398,208,288,210],"class_list":["post-3382","page","type-page","status-publish","hentry"],"acf":[],"_links":{"self":[{"href":"https:\/\/pre.andbank.com\/luxembourg\/pt-br\/wp-json\/wp\/v2\/pages\/3382"}],"collection":[{"href":"https:\/\/pre.andbank.com\/luxembourg\/pt-br\/wp-json\/wp\/v2\/pages"}],"about":[{"href":"https:\/\/pre.andbank.com\/luxembourg\/pt-br\/wp-json\/wp\/v2\/types\/page"}],"author":[{"embeddable":true,"href":"https:\/\/pre.andbank.com\/luxembourg\/pt-br\/wp-json\/wp\/v2\/users\/13"}],"replies":[{"embeddable":true,"href":"https:\/\/pre.andbank.com\/luxembourg\/pt-br\/wp-json\/wp\/v2\/comments?post=3382"}],"version-history":[{"count":0,"href":"https:\/\/pre.andbank.com\/luxembourg\/pt-br\/wp-json\/wp\/v2\/pages\/3382\/revisions"}],"up":[{"embeddable":true,"href":"https:\/\/pre.andbank.com\/luxembourg\/pt-br\/wp-json\/wp\/v2\/pages\/3339"}],"wp:attachment":[{"href":"https:\/\/pre.andbank.com\/luxembourg\/pt-br\/wp-json\/wp\/v2\/media?parent=3382"}],"wp:term":[{"taxonomy":"yst_prominent_words","embeddable":true,"href":"https:\/\/pre.andbank.com\/luxembourg\/pt-br\/wp-json\/wp\/v2\/yst_prominent_words?post=3382"}],"curies":[{"name":"wp","href":"https:\/\/api.w.org\/{rel}","templated":true}]}}