{"id":3366,"date":"2018-01-17T11:49:16","date_gmt":"2018-01-17T09:49:16","guid":{"rendered":"https:\/\/www.andbank.com\/lxb\/qui-sommes-nous\/information-sur-societe\/"},"modified":"2024-05-09T13:43:35","modified_gmt":"2024-05-09T11:43:35","slug":"information-sur-societe","status":"publish","type":"page","link":"https:\/\/pre.andbank.com\/luxembourg\/pt-br\/qui-sommes-nous\/information-sur-societe\/","title":{"rendered":"Dados da empresa"},"content":{"rendered":"<h2>Andbank Luxembourg S.A<\/h2>\n<p>&nbsp;<\/p>\n<p><strong>Sede social:<\/strong><\/p>\n<p>4, rue Jean Monnet, L-2180 Luxembourg, Gr\u00e3o-Ducado de Luxemburgo<\/p>\n<p>&nbsp;<\/p>\n<p><strong>Conselho de administra\u00e7\u00e3o:<\/strong><\/p>\n<ul>\n<li>Pablo Garc\u00eda Monta\u00f1\u00e9s \u2013 Presidente<\/li>\n<li>Ricard Rodr\u00edguez Fern\u00e1ndez \u2013 Conselheiro Delegado<\/li>\n<li>Jos\u00e9 Manuel Mora-Figueroa \u2013 Conselheiro independente<\/li>\n<li>Jos\u00e9 Luis Mu\u00f1oz Lasuen \u2013 Conselheiro<\/li>\n<li>Gerard Estrada Ventura \u2013 Conselheiro<\/li>\n<li>Josep Xavier Casanovas Arasa &#8211; Conselheiro<\/li>\n<\/ul>\n<p>&nbsp;<\/p>\n<p>Inscrita no Registro Comercial de Luxemburgo, sob o n\u00famero B 150131.<\/p>\n<p>Institui\u00e7\u00e3o de cr\u00e9dito autorizada e controlada pela Comiss\u00e3o supervisora do setor financeiro (CSSF), 283, route d\u2019Arlon, L-1150 Luxemburgo.<\/p>\n<p>Swift\/BIC: BACALULL<\/p>\n","protected":false},"excerpt":{"rendered":"<p>Conhecer a estrutura de governan\u00e7a do Andbank Luxembourg.<\/p>\n","protected":false},"author":13,"featured_media":3368,"parent":3325,"menu_order":4,"comment_status":"closed","ping_status":"closed","template":"template-detail.php","meta":{"footnotes":""},"yst_prominent_words":[1019,184,815],"class_list":["post-3366","page","type-page","status-publish","has-post-thumbnail","hentry"],"acf":[],"_links":{"self":[{"href":"https:\/\/pre.andbank.com\/luxembourg\/pt-br\/wp-json\/wp\/v2\/pages\/3366"}],"collection":[{"href":"https:\/\/pre.andbank.com\/luxembourg\/pt-br\/wp-json\/wp\/v2\/pages"}],"about":[{"href":"https:\/\/pre.andbank.com\/luxembourg\/pt-br\/wp-json\/wp\/v2\/types\/page"}],"author":[{"embeddable":true,"href":"https:\/\/pre.andbank.com\/luxembourg\/pt-br\/wp-json\/wp\/v2\/users\/13"}],"replies":[{"embeddable":true,"href":"https:\/\/pre.andbank.com\/luxembourg\/pt-br\/wp-json\/wp\/v2\/comments?post=3366"}],"version-history":[{"count":4,"href":"https:\/\/pre.andbank.com\/luxembourg\/pt-br\/wp-json\/wp\/v2\/pages\/3366\/revisions"}],"predecessor-version":[{"id":14879,"href":"https:\/\/pre.andbank.com\/luxembourg\/pt-br\/wp-json\/wp\/v2\/pages\/3366\/revisions\/14879"}],"up":[{"embeddable":true,"href":"https:\/\/pre.andbank.com\/luxembourg\/pt-br\/wp-json\/wp\/v2\/pages\/3325"}],"wp:featuredmedia":[{"embeddable":true,"href":"https:\/\/pre.andbank.com\/luxembourg\/pt-br\/wp-json\/wp\/v2\/media\/3368"}],"wp:attachment":[{"href":"https:\/\/pre.andbank.com\/luxembourg\/pt-br\/wp-json\/wp\/v2\/media?parent=3366"}],"wp:term":[{"taxonomy":"yst_prominent_words","embeddable":true,"href":"https:\/\/pre.andbank.com\/luxembourg\/pt-br\/wp-json\/wp\/v2\/yst_prominent_words?post=3366"}],"curies":[{"name":"wp","href":"https:\/\/api.w.org\/{rel}","templated":true}]}}