{"id":3351,"date":"2017-07-12T09:37:58","date_gmt":"2017-07-12T07:37:58","guid":{"rendered":"https:\/\/www.andbank.com\/lxb\/banque-privee\/financement\/"},"modified":"2018-04-25T16:22:23","modified_gmt":"2018-04-25T14:22:23","slug":"financement","status":"publish","type":"page","link":"https:\/\/pre.andbank.com\/luxembourg\/pt-br\/banque-privee\/financement\/","title":{"rendered":"Financiamento"},"content":{"rendered":"","protected":false},"excerpt":{"rendered":"<p>Nossa ambi\u00e7\u00e3o \u00e9 alcan\u00e7ar a excel\u00eancia em servi\u00e7os.<\/p>\n","protected":false},"author":1,"featured_media":3352,"parent":3345,"menu_order":63,"comment_status":"closed","ping_status":"closed","template":"template-distributor.php","meta":{"footnotes":""},"yst_prominent_words":[],"class_list":["post-3351","page","type-page","status-publish","has-post-thumbnail","hentry"],"acf":[],"_links":{"self":[{"href":"https:\/\/pre.andbank.com\/luxembourg\/pt-br\/wp-json\/wp\/v2\/pages\/3351"}],"collection":[{"href":"https:\/\/pre.andbank.com\/luxembourg\/pt-br\/wp-json\/wp\/v2\/pages"}],"about":[{"href":"https:\/\/pre.andbank.com\/luxembourg\/pt-br\/wp-json\/wp\/v2\/types\/page"}],"author":[{"embeddable":true,"href":"https:\/\/pre.andbank.com\/luxembourg\/pt-br\/wp-json\/wp\/v2\/users\/1"}],"replies":[{"embeddable":true,"href":"https:\/\/pre.andbank.com\/luxembourg\/pt-br\/wp-json\/wp\/v2\/comments?post=3351"}],"version-history":[{"count":0,"href":"https:\/\/pre.andbank.com\/luxembourg\/pt-br\/wp-json\/wp\/v2\/pages\/3351\/revisions"}],"up":[{"embeddable":true,"href":"https:\/\/pre.andbank.com\/luxembourg\/pt-br\/wp-json\/wp\/v2\/pages\/3345"}],"wp:featuredmedia":[{"embeddable":true,"href":"https:\/\/pre.andbank.com\/luxembourg\/pt-br\/wp-json\/wp\/v2\/media\/3352"}],"wp:attachment":[{"href":"https:\/\/pre.andbank.com\/luxembourg\/pt-br\/wp-json\/wp\/v2\/media?parent=3351"}],"wp:term":[{"taxonomy":"yst_prominent_words","embeddable":true,"href":"https:\/\/pre.andbank.com\/luxembourg\/pt-br\/wp-json\/wp\/v2\/yst_prominent_words?post=3351"}],"curies":[{"name":"wp","href":"https:\/\/api.w.org\/{rel}","templated":true}]}}