{"id":3345,"date":"2017-04-04T13:19:25","date_gmt":"2017-04-04T11:19:25","guid":{"rendered":"https:\/\/www.andbank.com\/lxb\/banque-privee\/"},"modified":"2018-04-25T16:22:22","modified_gmt":"2018-04-25T14:22:22","slug":"banque-privee","status":"publish","type":"page","link":"https:\/\/pre.andbank.com\/luxembourg\/pt-br\/banque-privee\/","title":{"rendered":"Banca privada"},"content":{"rendered":"<p>Independ\u00eancia, experi\u00eancia e especializa\u00e7\u00e3o s\u00e3o os tra\u00e7os que nos definem. A chave para o sucesso est\u00e1 em um m\u00e9todo aperfei\u00e7oado ao longo de mais de 85 anos de experi\u00eancia, que permite um controle abrangente do risco por meio das ferramentas mais avan\u00e7adas.<\/p>\n","protected":false},"excerpt":{"rendered":"<p>Independ\u00eancia, experi\u00eancia e especializa\u00e7\u00e3o s\u00e3o os tra\u00e7os que nos definem. A chave para o sucesso est\u00e1 em um m\u00e9todo aperfei\u00e7oado ao longo de mais de 85 anos de experi\u00eancia, que permite um controle abrangente do risco por meio das ferramentas mais avan\u00e7adas.<\/p>\n","protected":false},"author":1,"featured_media":3347,"parent":0,"menu_order":87,"comment_status":"closed","ping_status":"closed","template":"template-distributor.php","meta":{"footnotes":""},"yst_prominent_words":[14,820,1020],"class_list":["post-3345","page","type-page","status-publish","has-post-thumbnail","hentry"],"acf":[],"_links":{"self":[{"href":"https:\/\/pre.andbank.com\/luxembourg\/pt-br\/wp-json\/wp\/v2\/pages\/3345"}],"collection":[{"href":"https:\/\/pre.andbank.com\/luxembourg\/pt-br\/wp-json\/wp\/v2\/pages"}],"about":[{"href":"https:\/\/pre.andbank.com\/luxembourg\/pt-br\/wp-json\/wp\/v2\/types\/page"}],"author":[{"embeddable":true,"href":"https:\/\/pre.andbank.com\/luxembourg\/pt-br\/wp-json\/wp\/v2\/users\/1"}],"replies":[{"embeddable":true,"href":"https:\/\/pre.andbank.com\/luxembourg\/pt-br\/wp-json\/wp\/v2\/comments?post=3345"}],"version-history":[{"count":0,"href":"https:\/\/pre.andbank.com\/luxembourg\/pt-br\/wp-json\/wp\/v2\/pages\/3345\/revisions"}],"wp:featuredmedia":[{"embeddable":true,"href":"https:\/\/pre.andbank.com\/luxembourg\/pt-br\/wp-json\/wp\/v2\/media\/3347"}],"wp:attachment":[{"href":"https:\/\/pre.andbank.com\/luxembourg\/pt-br\/wp-json\/wp\/v2\/media?parent=3345"}],"wp:term":[{"taxonomy":"yst_prominent_words","embeddable":true,"href":"https:\/\/pre.andbank.com\/luxembourg\/pt-br\/wp-json\/wp\/v2\/yst_prominent_words?post=3345"}],"curies":[{"name":"wp","href":"https:\/\/api.w.org\/{rel}","templated":true}]}}