{"id":3325,"date":"2017-04-05T18:56:19","date_gmt":"2017-04-05T16:56:19","guid":{"rendered":"https:\/\/www.andbank.com\/lxb\/qui-sommes-nous\/"},"modified":"2018-04-25T16:22:31","modified_gmt":"2018-04-25T14:22:31","slug":"qui-sommes-nous","status":"publish","type":"page","link":"https:\/\/pre.andbank.com\/luxembourg\/pt-br\/qui-sommes-nous\/","title":{"rendered":"Sobre n\u00f3s"},"content":{"rendered":"","protected":false},"excerpt":{"rendered":"<p>Conhe\u00e7a o Grupo Andbank, sua equipe, sua filosofia e todas as novidades da institui\u00e7\u00e3o.<\/p>\n","protected":false},"author":1,"featured_media":3327,"parent":0,"menu_order":91,"comment_status":"closed","ping_status":"closed","template":"template-distributor.php","meta":{"footnotes":""},"yst_prominent_words":[],"class_list":["post-3325","page","type-page","status-publish","has-post-thumbnail","hentry"],"acf":[],"_links":{"self":[{"href":"https:\/\/pre.andbank.com\/luxembourg\/pt-br\/wp-json\/wp\/v2\/pages\/3325"}],"collection":[{"href":"https:\/\/pre.andbank.com\/luxembourg\/pt-br\/wp-json\/wp\/v2\/pages"}],"about":[{"href":"https:\/\/pre.andbank.com\/luxembourg\/pt-br\/wp-json\/wp\/v2\/types\/page"}],"author":[{"embeddable":true,"href":"https:\/\/pre.andbank.com\/luxembourg\/pt-br\/wp-json\/wp\/v2\/users\/1"}],"replies":[{"embeddable":true,"href":"https:\/\/pre.andbank.com\/luxembourg\/pt-br\/wp-json\/wp\/v2\/comments?post=3325"}],"version-history":[{"count":0,"href":"https:\/\/pre.andbank.com\/luxembourg\/pt-br\/wp-json\/wp\/v2\/pages\/3325\/revisions"}],"wp:featuredmedia":[{"embeddable":true,"href":"https:\/\/pre.andbank.com\/luxembourg\/pt-br\/wp-json\/wp\/v2\/media\/3327"}],"wp:attachment":[{"href":"https:\/\/pre.andbank.com\/luxembourg\/pt-br\/wp-json\/wp\/v2\/media?parent=3325"}],"wp:term":[{"taxonomy":"yst_prominent_words","embeddable":true,"href":"https:\/\/pre.andbank.com\/luxembourg\/pt-br\/wp-json\/wp\/v2\/yst_prominent_words?post=3325"}],"curies":[{"name":"wp","href":"https:\/\/api.w.org\/{rel}","templated":true}]}}