{"id":13405,"date":"2021-11-05T01:43:26","date_gmt":"2021-11-04T23:43:26","guid":{"rendered":"https:\/\/www.andbank.com\/luxembourg\/cadre-reglementaire\/psd2\/"},"modified":"2024-07-15T13:08:11","modified_gmt":"2024-07-15T11:08:11","slug":"psd2","status":"publish","type":"page","link":"https:\/\/pre.andbank.com\/luxembourg\/pt-br\/cadre-reglementaire\/psd2\/","title":{"rendered":"PSD2"},"content":{"rendered":"<h2>Fornecimento da interface de programa\u00e7\u00e3o de aplica\u00e7\u00f5es (API)<\/h2>\n<p>No \u00e2mbito dos requisitos legais da diretiva europeia PSD2, o Andbank Luxembourg proporciona a documenta\u00e7\u00e3o t\u00e9cnica da interface de programa\u00e7\u00e3o de aplica\u00e7\u00f5es (API), baseada no padr\u00e3o do Berlin Group, assim como um ambiente de teste acess\u00edvel atrav\u00e9s da plataforma LuxHub, que atua como intermedi\u00e1rio entre o Banco e fornecedores externos (TPP).<br \/>\nPara todas as informa\u00e7\u00f5es sobre o processo, detalhes t\u00e9cnicos, bem como o procedimento de integra\u00e7\u00e3o, consulte a seguinte p\u00e1gina:\u00a0<a href=\"https:\/\/developer.luxhub.com\/\">https:\/\/developer.luxhub.com\/<\/a><\/p>\n<p>&nbsp;<\/p>\n<h2>Utilizar as estat\u00edsticas<\/h2>\n<p>Transfira as estat\u00edsticas para ver, detalhadamente, o n\u00edvel de disponibilidade, o tempo m\u00e9dio de resposta e a percentagem de funcionamento ideal das nossas API.<\/p>\n<p>&nbsp;<\/p>\n<div style=\"text-align: center\"><a class=\"main-button\" href=\"https:\/\/www.andbank.com\/luxembourg\/wp-content\/uploads\/sites\/24\/2024\/07\/Q22024-KPI.pdf\" target=\"_blank\" rel=\"noopener\">Transferir<\/a><\/div>\n","protected":false},"excerpt":{"rendered":"<p>Fornecimento da interface de programa\u00e7\u00e3o de aplica\u00e7\u00f5es (API) No \u00e2mbito dos requisitos legais da diretiva europeia PSD2, o Andbank Luxembourg proporciona a documenta\u00e7\u00e3o t\u00e9cnica da interface de programa\u00e7\u00e3o de aplica\u00e7\u00f5es (API), baseada no padr\u00e3o do Berlin Group, assim como um ambiente de teste acess\u00edvel atrav\u00e9s da plataforma LuxHub, que atua como intermedi\u00e1rio entre o Banco [&hellip;]<\/p>\n","protected":false},"author":28,"featured_media":0,"parent":3321,"menu_order":0,"comment_status":"closed","ping_status":"closed","template":"template-info-detail.php","meta":{"footnotes":""},"yst_prominent_words":[779,1385],"class_list":["post-13405","page","type-page","status-publish","hentry"],"acf":[],"_links":{"self":[{"href":"https:\/\/pre.andbank.com\/luxembourg\/pt-br\/wp-json\/wp\/v2\/pages\/13405"}],"collection":[{"href":"https:\/\/pre.andbank.com\/luxembourg\/pt-br\/wp-json\/wp\/v2\/pages"}],"about":[{"href":"https:\/\/pre.andbank.com\/luxembourg\/pt-br\/wp-json\/wp\/v2\/types\/page"}],"author":[{"embeddable":true,"href":"https:\/\/pre.andbank.com\/luxembourg\/pt-br\/wp-json\/wp\/v2\/users\/28"}],"replies":[{"embeddable":true,"href":"https:\/\/pre.andbank.com\/luxembourg\/pt-br\/wp-json\/wp\/v2\/comments?post=13405"}],"version-history":[{"count":10,"href":"https:\/\/pre.andbank.com\/luxembourg\/pt-br\/wp-json\/wp\/v2\/pages\/13405\/revisions"}],"predecessor-version":[{"id":15024,"href":"https:\/\/pre.andbank.com\/luxembourg\/pt-br\/wp-json\/wp\/v2\/pages\/13405\/revisions\/15024"}],"up":[{"embeddable":true,"href":"https:\/\/pre.andbank.com\/luxembourg\/pt-br\/wp-json\/wp\/v2\/pages\/3321"}],"wp:attachment":[{"href":"https:\/\/pre.andbank.com\/luxembourg\/pt-br\/wp-json\/wp\/v2\/media?parent=13405"}],"wp:term":[{"taxonomy":"yst_prominent_words","embeddable":true,"href":"https:\/\/pre.andbank.com\/luxembourg\/pt-br\/wp-json\/wp\/v2\/yst_prominent_words?post=13405"}],"curies":[{"name":"wp","href":"https:\/\/api.w.org\/{rel}","templated":true}]}}