{"id":12113,"date":"2021-03-31T11:44:02","date_gmt":"2021-03-31T09:44:02","guid":{"rendered":"https:\/\/www.andbank.com\/luxembourg\/?page_id=12113"},"modified":"2021-07-23T10:03:50","modified_gmt":"2021-07-23T08:03:50","slug":"new-home-banking","status":"publish","type":"page","link":"https:\/\/pre.andbank.com\/luxembourg\/pt-br\/new-home-banking\/","title":{"rendered":"Novo Home Banking"},"content":{"rendered":"\n<h3 class=\"wp-block-heading\">A nova banca online \u00e9 agora mais intuitiva, \u00e1gil e segura. Com melhores funcionalidades, poder\u00e1 trabalhar confortavelmente e ter \u00e0 sua disposi\u00e7\u00e3o toda a informa\u00e7\u00e3o de que necessita.<\/h3>\n\n\n\n<p><\/p>\n\n\n<p><\/p>\n\n\n<div class=\"row\" align=\"center\"><\/div>\n\n\n\n<div class=\"row\">\n<div class=\"col-xs-12 col-ms-8\">\n<p>&nbsp;<\/p>\n<h2>Gest\u00e3o da sua conta pessoal<\/h2>\n<h3 style=\"text-align: left\">Com o <strong>Home Banking do Andbank<\/strong> pode gerir os seus dados pessoais, aceder aos seus documentos e consultar a sua correspond\u00eancia.<\/h3>\n<\/div>\n<figure><img loading=\"lazy\" decoding=\"async\" class=\"wp-image-21789  alignright\" src=\"https:\/\/www.andbank.com\/andorra\/wp-content\/uploads\/sites\/10\/2017\/04\/p3-2-eng.jpg\" alt=\"\" width=\"344\" height=\"344\"><\/figure><div class=\"col-xs-12 col-ms-4\"><\/div>\n\n<\/div>\n\n\n\n<div class=\"row\">\n<figure><img loading=\"lazy\" decoding=\"async\" class=\"alignleft size-full wp-image-8445\" src=\"https:\/\/www.andbank.com\/andorra\/wp-content\/uploads\/sites\/10\/2017\/04\/p5_ang.jpg\" alt=\"\" width=\"275\" height=\"275\"><\/figure><div class=\"col-xs-12 col-ms-4\"><\/div>\n<div class=\"col-xs-12 col-ms-8\">\n<p>&nbsp;<\/p>\n<h2>Posi\u00e7\u00e3o global<\/h2>\n<h3>Veja rapidamente a sua posi\u00e7\u00e3o global, mostrando todos os produtos dispon\u00edveis. Poder\u00e1 consultar informa\u00e7\u00f5es espec\u00edficas sobre a sua conta, bem como ter acesso a informa\u00e7\u00f5es financeiras e \u00e0s principais campanhas ativas.<\/h3>\n<\/div>\n<\/div>\n\n\n\n<div class=\"row\" align=\"center\"><\/div>\n\n\n\n<div class=\"row\">\n<div class=\"col-xs-12 col-ms-8\">\n<p>&nbsp;<\/p>\n<h2>Cart\u00f5es<\/h2>\n<h3>Em qualquer altura, poder\u00e1 acompanhar todas as transa\u00e7\u00f5es que fizer com qualquer um dos seus cart\u00f5es, bem como ativ\u00e1-los ou bloque\u00e1-los, se necess\u00e1rio.<\/h3>\n<\/div>\n<figure><img loading=\"lazy\" decoding=\"async\" class=\"alignright size-full wp-image-8433\" src=\"https:\/\/www.andbank.com\/andorra\/wp-content\/uploads\/sites\/10\/2017\/04\/p7_ang.jpg\" alt=\"\" width=\"275\" height=\"275\"><\/figure><div class=\"col-xs-12 col-ms-4\"><\/div>\n<\/div>\n\n\n\n<div class=\"row\" align=\"center\"><\/div>\n\n\n\n<div class=\"row\">\n<figure><img loading=\"lazy\" decoding=\"async\" class=\"alignleft size-full wp-image-8445\" src=\"https:\/\/www.andbank.com\/andorra\/wp-content\/uploads\/sites\/10\/2017\/04\/p7_ang.jpg\" alt=\"\" width=\"275\" height=\"275\"><\/figure><div class=\"col-xs-12 col-ms-4\"><\/div>\n<div class=\"col-xs-12 col-ms-8\">\n<p>&nbsp;<\/p>\n<h2>Poupan\u00e7a<\/h2>\n<h3>Pode consultar a descri\u00e7\u00e3o detalhada dos produtos relacionados com poupan\u00e7a, com informa\u00e7\u00f5es sobre o tipo de produto, a moeda de refer\u00eancia, a taxa de juro, o vencimento, o volume e montante total.<\/h3>\n<\/div>\n<\/div>\n\n\n<h3>Para entrar no sistema, s\u00f3 precisa do mesmo nome de utilizador que tinha na vers\u00e3o anterior da plataforma. Se n\u00e3o tiver um nome de utilizador, contacte o seu gestor para realizar o seu registo.<\/h3>\n<p>&nbsp;<\/p>\n\n\n<div class=\"row\" align=\"center\"><\/div>\n\n\n\n<div class=\"row\" align=\"center\"><\/div>\n\n\n\n<div style=\"text-align: center\"><a class=\"main-button\" href=\"https:\/\/www.andbank.com\/luxembourg\/wp-content\/uploads\/sites\/24\/2021\/06\/Llibret-Home-banking_ang_Lux.pdf\" target=\"_blank\" rel=\"noopener\">MORE INFORMATION<\/a><\/div>\n\n\n\n<hr class=\"wp-block-separator\" \/>\n","protected":false},"excerpt":{"rendered":"<p>A nova banca online \u00e9 agora mais intuitiva, \u00e1gil e segura. Com melhores funcionalidades, poder\u00e1 trabalhar confortavelmente e ter \u00e0 sua disposi\u00e7\u00e3o toda a informa\u00e7\u00e3o de que necessita. &nbsp; Gest\u00e3o da sua conta pessoal Com o Home Banking do Andbank pode gerir os seus dados pessoais, aceder aos seus documentos e consultar a sua correspond\u00eancia. [&hellip;]<\/p>\n","protected":false},"author":28,"featured_media":12101,"parent":0,"menu_order":0,"comment_status":"closed","ping_status":"closed","template":"","meta":{"footnotes":""},"yst_prominent_words":[],"class_list":["post-12113","page","type-page","status-publish","has-post-thumbnail","hentry"],"acf":[],"_links":{"self":[{"href":"https:\/\/pre.andbank.com\/luxembourg\/pt-br\/wp-json\/wp\/v2\/pages\/12113"}],"collection":[{"href":"https:\/\/pre.andbank.com\/luxembourg\/pt-br\/wp-json\/wp\/v2\/pages"}],"about":[{"href":"https:\/\/pre.andbank.com\/luxembourg\/pt-br\/wp-json\/wp\/v2\/types\/page"}],"author":[{"embeddable":true,"href":"https:\/\/pre.andbank.com\/luxembourg\/pt-br\/wp-json\/wp\/v2\/users\/28"}],"replies":[{"embeddable":true,"href":"https:\/\/pre.andbank.com\/luxembourg\/pt-br\/wp-json\/wp\/v2\/comments?post=12113"}],"version-history":[{"count":0,"href":"https:\/\/pre.andbank.com\/luxembourg\/pt-br\/wp-json\/wp\/v2\/pages\/12113\/revisions"}],"wp:featuredmedia":[{"embeddable":true,"href":"https:\/\/pre.andbank.com\/luxembourg\/pt-br\/wp-json\/wp\/v2\/media\/12101"}],"wp:attachment":[{"href":"https:\/\/pre.andbank.com\/luxembourg\/pt-br\/wp-json\/wp\/v2\/media?parent=12113"}],"wp:term":[{"taxonomy":"yst_prominent_words","embeddable":true,"href":"https:\/\/pre.andbank.com\/luxembourg\/pt-br\/wp-json\/wp\/v2\/yst_prominent_words?post=12113"}],"curies":[{"name":"wp","href":"https:\/\/api.w.org\/{rel}","templated":true}]}}