{"id":3458,"date":"2017-04-19T10:22:16","date_gmt":"2017-04-19T08:22:16","guid":{"rendered":"https:\/\/www.andbank.com\/lxb\/cadre-reglementaire-la-banque\/"},"modified":"2024-04-25T10:30:04","modified_gmt":"2024-04-25T08:30:04","slug":"cadre-reglementaire-la-banque","status":"publish","type":"page","link":"https:\/\/pre.andbank.com\/luxembourg\/es\/cadre-reglementaire-la-banque\/","title":{"rendered":"Marco normativo del Banco"},"content":{"rendered":"<h2>MIFID<\/h2>\n<ul>\n<li><a href=\"https:\/\/www.andbank.com\/lxb\/wp-content\/uploads\/sites\/24\/2018\/01\/fr-demande-de-changement-de-catgorie-mifid.pdf\" target=\"_blank\" rel=\"noopener\">Solicitud de cambio de categor\u00eda MiFID<\/a><\/li>\n<li><a href=\"https:\/\/www.andbank.com\/luxembourg\/wp-content\/uploads\/sites\/24\/2024\/03\/LUX-POL-012-Best-Execution-Order-Management_v5.3.pdf\" target=\"_blank\" rel=\"noopener\">Pol\u00edtica de mejor ejecuci\u00f3n<\/a><\/li>\n<li><a href=\"https:\/\/www.andbank.com\/luxembourg\/wp-content\/uploads\/sites\/24\/2024\/03\/LUX-POL-004-Conflicts-of-Interest-Policy_v8.1.pdf\">Pol\u00edtica sobre conflictos de intereses<\/a><\/li>\n<li><a href=\"https:\/\/www.andbank.com\/luxembourg\/wp-content\/uploads\/sites\/24\/2017\/04\/POLICY-SAFEGUARDING-FIN-INSTRUMENTS-AND-FUNDS-word-website.pdf\" target=\"_blank\" rel=\"noopener\">Pol\u00edtica que rige la protecci\u00f3n de los activos y los instrumentos financieros de los clientes<\/a><\/li>\n<li><a href=\"https:\/\/www.andbank.com\/luxembourg\/wp-content\/uploads\/sites\/24\/2017\/04\/Overview-of-the-Main-Characteristics-and-risks.pdf\" target=\"_blank\" rel=\"noopener\">Gu\u00eda de los inversores<\/a><\/li>\n<li><a href=\"https:\/\/www.andbank.com\/luxembourg\/wp-content\/uploads\/sites\/24\/2024\/03\/LUX-POL-011-Inducements-Policy-v2.5.pdf\" target=\"_blank\" rel=\"noopener\">Pol\u00edtica de incentivos<\/a><\/li>\n<li><a href=\"https:\/\/www.andbank.com\/wp-content\/uploads\/2023\/10\/Top-5-Venues-2022.pdf\" target=\"_blank\" rel=\"noopener\">Top 5 Execution Venues<\/a><\/li>\n<\/ul>\n<p>&nbsp;<\/p>\n<h2>US Patriot Act Certificate<\/h2>\n<ul>\n<li><a href=\"https:\/\/www.andbank.com\/luxembourg\/wp-content\/uploads\/sites\/24\/2024\/03\/2024-03-01-Modelo-USA-Patriot-Act.pdf\" target=\"_blank\" rel=\"noopener\">Acceder al USA PATRIOT ACT CERTIFICATE<\/a><\/li>\n<\/ul>\n<p>&nbsp;<\/p>\n<h2>Reclamaciones<\/h2>\n<ul>\n<li><a href=\"https:\/\/www.andbank.com\/luxembourg\/wp-content\/uploads\/sites\/24\/2024\/03\/LUX-POL-051-Complaint-Handling-Policy-Website-version.pdf\" target=\"_blank\" rel=\"noopener\">C\u00f3mo tramitar una reclamaci\u00f3n<\/a><\/li>\n<\/ul>\n<p>&nbsp;<\/p>\n<h2>Condiciones generales<\/h2>\n<ul>\n<li><a href=\"https:\/\/www.andbank.com\/luxembourg\/wp-content\/uploads\/sites\/24\/2023\/10\/GTC-ANDBANK-_-EN-V8.pdf\" target=\"_blank\" rel=\"noopener\">Informaci\u00f3n sobre t\u00e9rminos y condiciones generales<\/a><\/li>\n<\/ul>\n<p>&nbsp;<\/p>\n<h2>Protecci\u00f3n de los dep\u00f3sitos<\/h2>\n<ul>\n<li><a href=\"https:\/\/www.andbank.com\/lxb\/wp-content\/uploads\/sites\/24\/2018\/01\/information-about-the-protection-of-deposit.pdf\" target=\"_blank\" rel=\"noopener\">Informaci\u00f3n sobre la protecci\u00f3n de los dep\u00f3sitos <\/a><\/li>\n<\/ul>\n<p>&nbsp;<\/p>\n<h2>Pilar III<\/h2>\n<ul>\n<li><a href=\"https:\/\/www.andbank.com\/andorra\/wp-content\/uploads\/sites\/10\/2024\/03\/Pillar-III-2022-Final.pdf\" target=\"_blank\" rel=\"noopener\">Pilar III Disclosure<\/a><\/li>\n<\/ul>\n<p>&nbsp;<\/p>\n<h2>Personal Data Protection Notices<\/h2>\n<ul>\n<li><a href=\"https:\/\/www.andbank.com\/luxembourg\/wp-content\/uploads\/sites\/24\/2023\/10\/Data-protection-notice-FV-05-09-2023.pdf\" target=\"_blank\" rel=\"noopener\">Personal Data Protection Notice<\/a><\/li>\n<li><a href=\"https:\/\/www.andbank.com\/luxembourg\/wp-content\/uploads\/sites\/24\/2023\/10\/Videosurveillance-notice-19-09-2023.pdf\" target=\"_blank\" rel=\"noopener\">Video vigilancia<\/a><\/li>\n<\/ul>\n<p>&nbsp;<\/p>\n<h2>Tarifas aplicables Banca Privada<\/h2>\n<ul>\n<li><a href=\"https:\/\/www.andbank.com\/luxembourg\/wp-content\/uploads\/sites\/24\/2023\/09\/Luxembourg_llibre_tarifes-2023-CAST.pdf\" target=\"_blank\" rel=\"noopener\">Tarifas aplicables Banca Privada<\/a><\/li>\n<\/ul>\n<p>&nbsp;<\/p>\n<h2>Sustainable Investment Policy<\/h2>\n<ul>\n<li><a href=\"https:\/\/www.andbank.com\/luxembourg\/wp-content\/uploads\/sites\/24\/2017\/04\/Sustainable-Investment-Policy-Andbank-Luxembourg-Last-002.pdf\" target=\"_blank\" rel=\"noopener\">Sustainable Investment Policy<\/a><\/li>\n<li><a href=\"https:\/\/www.andbank.com\/luxembourg\/wp-content\/uploads\/sites\/24\/2023\/12\/Disclosure-under-Article-5-of-the-Sustainable-Finance-Disclosure-Regulation.pdf\" target=\"_blank\" rel=\"noopener\">Disclosure under Article 5 of the SFDR<\/a><\/li>\n<\/ul>\n<p>&nbsp;<\/p>\n<h2>Canal de Denuncias<\/h2>\n<ul>\n<li><a href=\"https:\/\/www.andbank.com\/luxembourg\/es\/canal-de-denuncias\/\">Canal de Denuncias<\/a><\/li>\n<\/ul>\n<p>&nbsp;<\/p>\n<h2>Politicas de gobernanza y remuneraci\u00f3n<\/h2>\n<ul>\n<li><a href=\"https:\/\/www.andbank.com\/luxembourg\/wp-content\/uploads\/sites\/24\/2024\/04\/LUX-POL-006-Remuneration-policy_v12.3-CLEAN.pdf\" target=\"_blank\" rel=\"noopener\">Pol\u00edtica de remuneraciones<\/a><\/li>\n<\/ul>\n<p>&nbsp;<br \/>\n&nbsp;<\/p>\n","protected":false},"excerpt":{"rendered":"<p>MIFID Solicitud de cambio de categor\u00eda MiFID Pol\u00edtica de mejor ejecuci\u00f3n Pol\u00edtica sobre conflictos de intereses Pol\u00edtica que rige la protecci\u00f3n de los activos y los instrumentos financieros de los clientes Gu\u00eda de los inversores Pol\u00edtica de incentivos Top 5 Execution Venues &nbsp; US Patriot Act Certificate Acceder al USA PATRIOT ACT CERTIFICATE &nbsp; Reclamaciones [&hellip;]<\/p>\n","protected":false},"author":18,"featured_media":2338,"parent":0,"menu_order":1,"comment_status":"closed","ping_status":"closed","template":"","meta":{"footnotes":""},"yst_prominent_words":[2056,2054,2047,1208,1453,1589,91,1684,1586,1584,1588,2192,2055,2053,2052],"class_list":["post-3458","page","type-page","status-publish","has-post-thumbnail","hentry"],"acf":[],"_links":{"self":[{"href":"https:\/\/pre.andbank.com\/luxembourg\/es\/wp-json\/wp\/v2\/pages\/3458"}],"collection":[{"href":"https:\/\/pre.andbank.com\/luxembourg\/es\/wp-json\/wp\/v2\/pages"}],"about":[{"href":"https:\/\/pre.andbank.com\/luxembourg\/es\/wp-json\/wp\/v2\/types\/page"}],"author":[{"embeddable":true,"href":"https:\/\/pre.andbank.com\/luxembourg\/es\/wp-json\/wp\/v2\/users\/18"}],"replies":[{"embeddable":true,"href":"https:\/\/pre.andbank.com\/luxembourg\/es\/wp-json\/wp\/v2\/comments?post=3458"}],"version-history":[{"count":22,"href":"https:\/\/pre.andbank.com\/luxembourg\/es\/wp-json\/wp\/v2\/pages\/3458\/revisions"}],"predecessor-version":[{"id":14840,"href":"https:\/\/pre.andbank.com\/luxembourg\/es\/wp-json\/wp\/v2\/pages\/3458\/revisions\/14840"}],"wp:featuredmedia":[{"embeddable":true,"href":"https:\/\/pre.andbank.com\/luxembourg\/es\/wp-json\/wp\/v2\/media\/2338"}],"wp:attachment":[{"href":"https:\/\/pre.andbank.com\/luxembourg\/es\/wp-json\/wp\/v2\/media?parent=3458"}],"wp:term":[{"taxonomy":"yst_prominent_words","embeddable":true,"href":"https:\/\/pre.andbank.com\/luxembourg\/es\/wp-json\/wp\/v2\/yst_prominent_words?post=3458"}],"curies":[{"name":"wp","href":"https:\/\/api.w.org\/{rel}","templated":true}]}}