{"id":3440,"date":"2017-07-11T13:47:04","date_gmt":"2017-07-11T11:47:04","guid":{"rendered":"https:\/\/www.andbank.com\/lxb\/qui-sommes-nous\/luxembourg-in-figures\/"},"modified":"2021-02-01T16:54:12","modified_gmt":"2021-02-01T14:54:12","slug":"luxembourg-in-figures","status":"publish","type":"page","link":"https:\/\/pre.andbank.com\/luxembourg\/es\/qui-sommes-nous\/luxembourg-in-figures\/","title":{"rendered":"Luxemburgo en cifras"},"content":{"rendered":"<p>Andbank Luxembourg es una entidad financiera con plena licencia bancaria en Luxemburgo y regulada por la CSSF.\u00a0Ubicado en pleno coraz\u00f3n de la Uni\u00f3n Europea, Luxemburgo ha desarrollado un liderazgo en el sector financiero sostenido por su estabilidad social y pol\u00edtica y gracias a la solvencia y crecimiento de su econom\u00eda.<\/p>\n<p>El banco se fund\u00f3 en el 2010, justo un a\u00f1o despu\u00e9s de la instalaci\u00f3n del Grupo Andbank en el Gran Ducado con el objetivo de ofrecer una gama de calidad superior de productos y servicios a individuos y entidades financieras de alto valor.\u00a0Hoy operamos en uno de los centros financieros m\u00e1s din\u00e1micos, innovadores y flexibles del mundo, y servimos a m\u00e1s de 1000 clientes de Europa y Latinoam\u00e9rica.<\/p>\n<p>El Banquero Privado ocupa el centro de nuestra propuesta de valor. Su experiencia y capacidades se ponen al servicio de nuestros clientes, a los que se acompa\u00f1a y supervisa constantemente a trav\u00e9s de su relaci\u00f3n con Andbank.\u00a0Nuestro equipo especializado de Banqueros Privados tiene vocaci\u00f3n de servicio y busca ofrecer a los clientes soluciones financieras hechas a medida y de valor mejorado.<\/p>\n<p>&nbsp;<\/p>\n<p><img loading=\"lazy\" decoding=\"async\" class=\"alignnone size-full wp-image-3285\" src=\"https:\/\/www.andbank.com\/lxb\/wp-content\/uploads\/sites\/24\/2017\/07\/grafico_01-ADBANK_ES.png\" width=\"1200\" height=\"425\" \/><\/p>\n<p>&nbsp;<\/p>\n<p><img loading=\"lazy\" decoding=\"async\" class=\"alignnone size-full wp-image-3272\" src=\"https:\/\/www.andbank.com\/lxb\/wp-content\/uploads\/sites\/24\/2017\/07\/nos_valeurs_luxembourg_ES.png\" width=\"1180\" height=\"454\" \/><\/p>\n","protected":false},"excerpt":{"rendered":"<p>Andbank Luxembourg es una entidad financiera con plena licencia bancaria en Luxemburgo y regulada por la CSSF.<\/p>\n","protected":false},"author":1,"featured_media":1663,"parent":3328,"menu_order":0,"comment_status":"closed","ping_status":"closed","template":"template-detail.php","meta":{"footnotes":""},"yst_prominent_words":[19,30,831,683,744,825,826,827,828,824,719,829,815,832,819,830,23,724,720,817],"class_list":["post-3440","page","type-page","status-publish","has-post-thumbnail","hentry"],"acf":[],"_links":{"self":[{"href":"https:\/\/pre.andbank.com\/luxembourg\/es\/wp-json\/wp\/v2\/pages\/3440"}],"collection":[{"href":"https:\/\/pre.andbank.com\/luxembourg\/es\/wp-json\/wp\/v2\/pages"}],"about":[{"href":"https:\/\/pre.andbank.com\/luxembourg\/es\/wp-json\/wp\/v2\/types\/page"}],"author":[{"embeddable":true,"href":"https:\/\/pre.andbank.com\/luxembourg\/es\/wp-json\/wp\/v2\/users\/1"}],"replies":[{"embeddable":true,"href":"https:\/\/pre.andbank.com\/luxembourg\/es\/wp-json\/wp\/v2\/comments?post=3440"}],"version-history":[{"count":0,"href":"https:\/\/pre.andbank.com\/luxembourg\/es\/wp-json\/wp\/v2\/pages\/3440\/revisions"}],"up":[{"embeddable":true,"href":"https:\/\/pre.andbank.com\/luxembourg\/es\/wp-json\/wp\/v2\/pages\/3328"}],"wp:featuredmedia":[{"embeddable":true,"href":"https:\/\/pre.andbank.com\/luxembourg\/es\/wp-json\/wp\/v2\/media\/1663"}],"wp:attachment":[{"href":"https:\/\/pre.andbank.com\/luxembourg\/es\/wp-json\/wp\/v2\/media?parent=3440"}],"wp:term":[{"taxonomy":"yst_prominent_words","embeddable":true,"href":"https:\/\/pre.andbank.com\/luxembourg\/es\/wp-json\/wp\/v2\/yst_prominent_words?post=3440"}],"curies":[{"name":"wp","href":"https:\/\/api.w.org\/{rel}","templated":true}]}}