{"id":3430,"date":"2017-07-12T14:09:59","date_gmt":"2017-07-12T12:09:59","guid":{"rendered":"https:\/\/www.andbank.com\/lxb\/gestion-dactifs\/services-et-produits\/"},"modified":"2021-08-10T11:01:19","modified_gmt":"2021-08-10T09:01:19","slug":"services-et-produits","status":"publish","type":"page","link":"https:\/\/pre.andbank.com\/luxembourg\/es\/gestion-dactifs\/services-et-produits\/","title":{"rendered":"Servicios y Productos"},"content":{"rendered":"<p><strong>Andbank Asset Management Luxembourg<\/strong> propone soluciones para el establecimiento, la supervisi\u00f3n y la delegaci\u00f3n de todos los servicios vinculados a las sociedades de gesti\u00f3n, incluida la configuraci\u00f3n completa de su Fondo de Inversi\u00f3n, la Gesti\u00f3n de Riesgos, la puesta a disposici\u00f3n de Director y el entorno completo necesario para la correcta administraci\u00f3n y conservaci\u00f3n de su fondo de inversi\u00f3n.<\/p>\n<p>Andbank Asset Management Luxembourg tambi\u00e9n est\u00e1 autorizada por la CSSF como gestora de fondos de inversi\u00f3n alternativos (GFIA), de acuerdo con las disposiciones de la Ley relativa a los gestores de fondos de inversi\u00f3n, de 12 de julio de 2013.<\/p>\n<p>Andbank Asset Management Luxembourg ofrece tambi\u00e9n un servicio completo de representaci\u00f3n y comercializaci\u00f3n de fondos de inversi\u00f3n en los principales centros financieros extranjeros.<\/p>\n<p><strong>Ya sea para su Fondo o para uno de los compartimentos que habremos puesto a su disposici\u00f3n, usted tendr\u00e1:<\/strong><\/p>\n<ul>\n<li>Acceso a los controles de las normas de inversi\u00f3n (ex ante o ex post seg\u00fan el caso) y de la gesti\u00f3n de riesgos para sus carteras.<\/li>\n<li>Puesta a disposici\u00f3n de directores confirmados autorizados por la CSSF para los Consejos de Administraci\u00f3n y el buen gobierno de sus fondos de inversi\u00f3n.<\/li>\n<li>Acceso a nuestros servicios de asistencia en la distribuci\u00f3n y comercializaci\u00f3n para llevar a buen t\u00e9rmino la captaci\u00f3n de fondos y las relaciones con los clientes.<\/li>\n<\/ul>\n<p><strong>Andbank Asset Management Luxembourg les propone tambi\u00e9n una selecci\u00f3n de las mejores compensaciones y garantiza la supervisi\u00f3n completa de las funciones delegadas. Asistimos a nuestros clientes en la selecci\u00f3n de proveedores de servicios, como:<\/strong><\/p>\n<ul>\n<li>Contabilidad de fondos<\/li>\n<li>Agente de transferencia<\/li>\n<li>Auditor\u00eda<\/li>\n<li>Representantes legales, agentes de pago y agentes fiscales para los pa\u00edses de distribuci\u00f3n<\/li>\n<\/ul>\n<p>&nbsp;<\/p>\n<h2>Asesoramiento y seguimiento jur\u00eddico y operativo<\/h2>\n<p>Durante la creaci\u00f3n de su fondo de inversi\u00f3n:<\/p>\n<ul>\n<li>Le aconsejaremos sobre la viabilidad de sus proyectos, los errores que debe evitar y las soluciones \u00f3ptimas para llegar a sus objetivos.<\/li>\n<li>Nuestro departamento jur\u00eddico le acompa\u00f1ar\u00e1 durante la preparaci\u00f3n del expediente de aprobaci\u00f3n y en las negociaciones con las autoridades de control.<\/li>\n<li>Nuestros equipos de profesionales juristas asegurar\u00e1n la implementaci\u00f3n jur\u00eddica y operativa de su proyecto al mejor precio.<\/li>\n<\/ul>\n<p>&nbsp;<\/p>\n<h2>Domiciliaci\u00f3n<\/h2>\n<p>Andbank Asset Management Luxembourg ofrece secretar\u00eda de acuerdo con los requisitos legales y administrativos impuestos por la ley luxemburguesa de sociedades (la ley del 10 de agosto de 1915, modificada, sobre sociedades mercantiles).<\/p>\n<p>&nbsp;<\/p>\n<h2>Estructuras y productos<\/h2>\n<p>Le proponemos la creaci\u00f3n de su Fondo en alguna de las formas jur\u00eddicas siguientes:<\/p>\n<p><strong>Fondos luxemburgueses:<\/strong><\/p>\n<ul>\n<li>Fondos UCITS (OICVM)<\/li>\n<li>Fondos Parte II de la ley del 2010<\/li>\n<li>FIS<\/li>\n<li>SICAR<\/li>\n<\/ul>\n<p><strong>En las formas siguientes:<\/strong><\/p>\n<ul>\n<li>FCI \u2013 Fondos Comunes de Inversi\u00f3n \/ SICAV Sociedad de Inversi\u00f3n de Capital Variable<\/li>\n<\/ul>\n<p><strong>Para las estrategias de inversi\u00f3n siguientes:<\/strong><\/p>\n<ul>\n<li>Acciones, Obligaciones, Mixta, Monetaria, Productos derivados, Productos estructurados<\/li>\n<li>Inmobiliario<\/li>\n<li>Fondos de cobertura<\/li>\n<\/ul>\n","protected":false},"excerpt":{"rendered":"<p>Andbank Asset Management es una sociedad gestora de fondos de inversi\u00f3n comprometida con el servicio de personas, empresas e instituciones.<\/p>\n","protected":false},"author":1,"featured_media":2256,"parent":3332,"menu_order":47,"comment_status":"closed","ping_status":"closed","template":"template-detail.php","meta":{"footnotes":""},"yst_prominent_words":[306,177,175,1531,182,176,1533,1542,1535,1537,1029,1534,1540,29,1539,305,1538,1541,1536,1532],"class_list":["post-3430","page","type-page","status-publish","has-post-thumbnail","hentry"],"acf":[],"_links":{"self":[{"href":"https:\/\/pre.andbank.com\/luxembourg\/es\/wp-json\/wp\/v2\/pages\/3430"}],"collection":[{"href":"https:\/\/pre.andbank.com\/luxembourg\/es\/wp-json\/wp\/v2\/pages"}],"about":[{"href":"https:\/\/pre.andbank.com\/luxembourg\/es\/wp-json\/wp\/v2\/types\/page"}],"author":[{"embeddable":true,"href":"https:\/\/pre.andbank.com\/luxembourg\/es\/wp-json\/wp\/v2\/users\/1"}],"replies":[{"embeddable":true,"href":"https:\/\/pre.andbank.com\/luxembourg\/es\/wp-json\/wp\/v2\/comments?post=3430"}],"version-history":[{"count":0,"href":"https:\/\/pre.andbank.com\/luxembourg\/es\/wp-json\/wp\/v2\/pages\/3430\/revisions"}],"up":[{"embeddable":true,"href":"https:\/\/pre.andbank.com\/luxembourg\/es\/wp-json\/wp\/v2\/pages\/3332"}],"wp:featuredmedia":[{"embeddable":true,"href":"https:\/\/pre.andbank.com\/luxembourg\/es\/wp-json\/wp\/v2\/media\/2256"}],"wp:attachment":[{"href":"https:\/\/pre.andbank.com\/luxembourg\/es\/wp-json\/wp\/v2\/media?parent=3430"}],"wp:term":[{"taxonomy":"yst_prominent_words","embeddable":true,"href":"https:\/\/pre.andbank.com\/luxembourg\/es\/wp-json\/wp\/v2\/yst_prominent_words?post=3430"}],"curies":[{"name":"wp","href":"https:\/\/api.w.org\/{rel}","templated":true}]}}